{"id":954,"date":"2021-04-15T23:40:56","date_gmt":"2021-04-16T02:40:56","guid":{"rendered":"https:\/\/www.bu.ufmg.br\/gcirculacao\/?page_id=954"},"modified":"2021-04-15T23:40:58","modified_gmt":"2021-04-16T02:40:58","slug":"gru-acesso-usuario","status":"publish","type":"page","link":"https:\/\/www.bu.ufmg.br\/gcirculacao\/gru-acesso-usuario\/","title":{"rendered":"GRU &#8211; Acesso Usu\u00e1rio"},"content":{"rendered":"\n<p style=\"text-align: center;\"><strong>Orienta\u00e7\u00f5es para os usu\u00e1rios gerarem\u00a0 GRU\u00a0 \u00a0pelo Pergamum<\/strong><\/p>\n<ul>\n<li>Na tela de pesquisa do Cat\u00e1logo Online, click em \u201cAcesso Usu\u00e1rio\u201d<\/li>\n<\/ul>\n<p><img decoding=\"async\" class=\"aligncenter\" src=\"https:\/\/www.bu.ufmg.br\/ditti\/wp-content\/uploads\/2020\/08\/tela-acesso-usuario.png\" \/><\/p>\n<ul>\n<li>Informe seu Login e senha de usu\u00e1rio<\/li>\n<\/ul>\n<p><img decoding=\"async\" class=\"aligncenter\" src=\"https:\/\/www.bu.ufmg.br\/ditti\/wp-content\/uploads\/2020\/08\/tela-login.png\" alt=\"\" \/><\/p>\n<ul>\n<li>No menu de Servi\u00e7os, acesse Empr\u00e9stimo &gt; D\u00e9bito<\/li>\n<\/ul>\n<p><img decoding=\"async\" class=\"aligncenter\" src=\"https:\/\/www.bu.ufmg.br\/ditti\/wp-content\/uploads\/2020\/08\/menu-debito.png\" alt=\"\" \/><\/p>\n<ul>\n<li>Ser\u00e3o exibidos na tela os d\u00e9bitos pendentes para o usu\u00e1rio.<\/li>\n<\/ul>\n<p><img decoding=\"async\" class=\"aligncenter\" src=\"https:\/\/www.bu.ufmg.br\/ditti\/wp-content\/uploads\/2020\/08\/tela-GRU.png\" alt=\"\" \/><\/p>\n<ul>\n<li>Se os d\u00e9bitos forem de uma \u00fanica biblioteca \u00e9 poss\u00edvel gerar uma GRU \u00fanica para quita\u00e7\u00e3o.\u00a0 Caso contr\u00e1rio, clicar em cada d\u00e9bito para gerar a GRU para pagamento.<\/li>\n<\/ul>\n<p><img decoding=\"async\" class=\"aligncenter\" src=\"https:\/\/www.bu.ufmg.br\/ditti\/wp-content\/uploads\/2020\/08\/tela-gru-2.png\" alt=\"\" \/><\/p>\n<ul>\n<li>Ao clicar no bot\u00e3o o sistema automaticamente\u00a0 gera a GRU para pagamento<\/li>\n<\/ul>\n<p><img decoding=\"async\" src=\"https:\/\/www.bu.ufmg.br\/ditti\/wp-content\/uploads\/2020\/08\/tela-guia-gru.png\" alt=\"\" \/><\/p>\n","protected":false},"excerpt":{"rendered":"<p>Orienta\u00e7\u00f5es para os usu\u00e1rios gerarem\u00a0 GRU\u00a0 \u00a0pelo Pergamum Na tela de pesquisa do Cat\u00e1logo Online, &hellip; <\/p>\n","protected":false},"author":1,"featured_media":0,"parent":0,"menu_order":0,"comment_status":"closed","ping_status":"closed","template":"","meta":{"om_disable_all_campaigns":false,"_monsterinsights_skip_tracking":false,"_monsterinsights_sitenote_active":false,"_monsterinsights_sitenote_note":"","_monsterinsights_sitenote_category":0,"_uf_show_specific_survey":0,"_uf_disable_surveys":false,"footnotes":""},"wppr_data":{"cwp_meta_box_check":"No"},"_links":{"self":[{"href":"https:\/\/www.bu.ufmg.br\/gcirculacao\/wp-json\/wp\/v2\/pages\/954"}],"collection":[{"href":"https:\/\/www.bu.ufmg.br\/gcirculacao\/wp-json\/wp\/v2\/pages"}],"about":[{"href":"https:\/\/www.bu.ufmg.br\/gcirculacao\/wp-json\/wp\/v2\/types\/page"}],"author":[{"embeddable":true,"href":"https:\/\/www.bu.ufmg.br\/gcirculacao\/wp-json\/wp\/v2\/users\/1"}],"replies":[{"embeddable":true,"href":"https:\/\/www.bu.ufmg.br\/gcirculacao\/wp-json\/wp\/v2\/comments?post=954"}],"version-history":[{"count":1,"href":"https:\/\/www.bu.ufmg.br\/gcirculacao\/wp-json\/wp\/v2\/pages\/954\/revisions"}],"predecessor-version":[{"id":955,"href":"https:\/\/www.bu.ufmg.br\/gcirculacao\/wp-json\/wp\/v2\/pages\/954\/revisions\/955"}],"wp:attachment":[{"href":"https:\/\/www.bu.ufmg.br\/gcirculacao\/wp-json\/wp\/v2\/media?parent=954"}],"curies":[{"name":"wp","href":"https:\/\/api.w.org\/{rel}","templated":true}]}}