{"id":1267,"date":"2022-12-07T21:42:09","date_gmt":"2022-12-08T00:42:09","guid":{"rendered":"https:\/\/www.bu.ufmg.br\/gcirculacao\/?page_id=1267"},"modified":"2024-02-29T20:52:13","modified_gmt":"2024-02-29T23:52:13","slug":"acesso-as-normas-tecnicas-da-abnt-target-gedweb","status":"publish","type":"page","link":"https:\/\/www.bu.ufmg.br\/gcirculacao\/acesso-as-normas-tecnicas-da-abnt-target-gedweb\/","title":{"rendered":"Acesso as Normas T\u00e9cnicas da ABNT"},"content":{"rendered":"\n\n\n<div>\n<div>\n<div>\n<div dir=\"ltr\">\n<div>\n<div>A UFMG adquiriu uma assinatura anual\u00a0 para acesso as normas t\u00e9cnicas da ABNT pela\u00a0 empresa TARGET GEDweb, a qual possui uma parceria com o\u00a0 sistema\u00a0 Pergamum.\u00a0 Com esta parceria \u00e9 poss\u00edvel acessar o documento completo das normas realizando uma consulta pelo cat\u00e1logo online do Sistema de Bibliotecas da UFMG .\u00a0 A pesquisa via cat\u00e1logo oferece\u00a0 maior visibilidade\u00a0 ao produto e\u00a0 amplia a possibilidade de acesso\u00a0 a toda comunidade UFMG.<\/div>\n<div>\u00a0<\/div>\n<\/div>\n<\/div>\n<\/div>\n<\/div>\n<\/div>\n<div>\n<div>\n<div>\n<div>\u00a0<\/div>\n<\/div>\n<\/div>\n<\/div>\n<div>\n<ul>\n<li>Para saber como realizar pesquisa\u00a0 via sistema Pergamum, <a href=\"https:\/\/www.bu.ufmg.br\/gcirculacao\/wp-content\/uploads\/2024\/02\/instrucoes-para-pesquisa-targetgedweb-1.pdf\">click aqui\u00a0<\/a>e siga as instru\u00e7\u00f5es do tutorial.<\/li>\n<\/ul>\n<div>\u00a0<\/div>\n<p>\u00a0<\/p>\n<\/div>\n","protected":false},"excerpt":{"rendered":"<p>A UFMG adquiriu uma assinatura anual\u00a0 para acesso as normas t\u00e9cnicas da ABNT pela\u00a0 empresa &hellip; <\/p>\n","protected":false},"author":1,"featured_media":0,"parent":0,"menu_order":0,"comment_status":"closed","ping_status":"closed","template":"","meta":{"om_disable_all_campaigns":false,"_monsterinsights_skip_tracking":false,"_monsterinsights_sitenote_active":false,"_monsterinsights_sitenote_note":"","_monsterinsights_sitenote_category":0,"_uf_show_specific_survey":0,"_uf_disable_surveys":false,"footnotes":""},"wppr_data":{"cwp_meta_box_check":"No"},"_links":{"self":[{"href":"https:\/\/www.bu.ufmg.br\/gcirculacao\/wp-json\/wp\/v2\/pages\/1267"}],"collection":[{"href":"https:\/\/www.bu.ufmg.br\/gcirculacao\/wp-json\/wp\/v2\/pages"}],"about":[{"href":"https:\/\/www.bu.ufmg.br\/gcirculacao\/wp-json\/wp\/v2\/types\/page"}],"author":[{"embeddable":true,"href":"https:\/\/www.bu.ufmg.br\/gcirculacao\/wp-json\/wp\/v2\/users\/1"}],"replies":[{"embeddable":true,"href":"https:\/\/www.bu.ufmg.br\/gcirculacao\/wp-json\/wp\/v2\/comments?post=1267"}],"version-history":[{"count":4,"href":"https:\/\/www.bu.ufmg.br\/gcirculacao\/wp-json\/wp\/v2\/pages\/1267\/revisions"}],"predecessor-version":[{"id":1476,"href":"https:\/\/www.bu.ufmg.br\/gcirculacao\/wp-json\/wp\/v2\/pages\/1267\/revisions\/1476"}],"wp:attachment":[{"href":"https:\/\/www.bu.ufmg.br\/gcirculacao\/wp-json\/wp\/v2\/media?parent=1267"}],"curies":[{"name":"wp","href":"https:\/\/api.w.org\/{rel}","templated":true}]}}