{"id":1211,"date":"2022-11-09T20:06:39","date_gmt":"2022-11-09T23:06:39","guid":{"rendered":"https:\/\/www.bu.ufmg.br\/gcirculacao\/?page_id=1211"},"modified":"2022-11-25T20:06:00","modified_gmt":"2022-11-25T23:06:00","slug":"atualizacao-de-debitos-desconto-em-servicos","status":"publish","type":"page","link":"https:\/\/www.bu.ufmg.br\/gcirculacao\/atualizacao-de-debitos-desconto-em-servicos\/","title":{"rendered":"Desconto em Servi\u00e7os"},"content":{"rendered":"\n<p>&nbsp;<\/p>\n<ul style=\"list-style-type: square;\">\n<li>Disponibilizado a op\u00e7\u00e3o de Desconto para Servi\u00e7os.\n<p>Este recurso \u00e9 habilitado para os operadores que tem a permiss\u00e3o: <u>Empr\u00e9stimo&nbsp; &gt;&gt; D\u00e9bitos &gt;&gt; Bot\u00e3o Desconto<\/u>.<\/p>\nO procedimento para a realiza\u00e7\u00e3o de desconto \u00e9 o mesmo realizado para desconto em multas.&nbsp;&nbsp;<\/li>\n<\/ul>\n<p>&nbsp;<\/p>\n\n\n\n<figure class=\"wp-block-image size-large\"><img fetchpriority=\"high\" decoding=\"async\" width=\"1024\" height=\"555\" src=\"https:\/\/www.bu.ufmg.br\/gcirculacao\/wp-content\/uploads\/2022\/11\/desconto-servicos-1024x555.png\" alt=\"\" class=\"wp-image-1258\" srcset=\"https:\/\/www.bu.ufmg.br\/gcirculacao\/wp-content\/uploads\/2022\/11\/desconto-servicos-1024x555.png 1024w, https:\/\/www.bu.ufmg.br\/gcirculacao\/wp-content\/uploads\/2022\/11\/desconto-servicos-300x162.png 300w, https:\/\/www.bu.ufmg.br\/gcirculacao\/wp-content\/uploads\/2022\/11\/desconto-servicos-768x416.png 768w, https:\/\/www.bu.ufmg.br\/gcirculacao\/wp-content\/uploads\/2022\/11\/desconto-servicos-50x27.png 50w, https:\/\/www.bu.ufmg.br\/gcirculacao\/wp-content\/uploads\/2022\/11\/desconto-servicos-111x60.png 111w, https:\/\/www.bu.ufmg.br\/gcirculacao\/wp-content\/uploads\/2022\/11\/desconto-servicos.png 1071w\" sizes=\"(max-width: 1024px) 100vw, 1024px\" \/><\/figure>\n\n\n\n<p>No recibo ser\u00e1 gerado o valor do desconto, conforme imagem abaixo:<\/p>\n\n\n\n<p><\/p>\n\n\n\n<figure class=\"wp-block-image size-full is-resized\"><img decoding=\"async\" src=\"https:\/\/www.bu.ufmg.br\/gcirculacao\/wp-content\/uploads\/2022\/11\/recibo-desconto.png\" alt=\"\" class=\"wp-image-1261\" width=\"241\" height=\"354\" srcset=\"https:\/\/www.bu.ufmg.br\/gcirculacao\/wp-content\/uploads\/2022\/11\/recibo-desconto.png 178w, https:\/\/www.bu.ufmg.br\/gcirculacao\/wp-content\/uploads\/2022\/11\/recibo-desconto-34x50.png 34w, https:\/\/www.bu.ufmg.br\/gcirculacao\/wp-content\/uploads\/2022\/11\/recibo-desconto-41x60.png 41w\" sizes=\"(max-width: 241px) 100vw, 241px\" \/><\/figure>\n","protected":false},"excerpt":{"rendered":"<p>&nbsp; Disponibilizado a op\u00e7\u00e3o de Desconto para Servi\u00e7os. Este recurso \u00e9 habilitado para os operadores &hellip; <\/p>\n","protected":false},"author":1,"featured_media":0,"parent":0,"menu_order":0,"comment_status":"closed","ping_status":"closed","template":"","meta":{"om_disable_all_campaigns":false,"_monsterinsights_skip_tracking":false,"_monsterinsights_sitenote_active":false,"_monsterinsights_sitenote_note":"","_monsterinsights_sitenote_category":0,"_uf_show_specific_survey":0,"_uf_disable_surveys":false,"footnotes":""},"wppr_data":{"cwp_meta_box_check":"No"},"_links":{"self":[{"href":"https:\/\/www.bu.ufmg.br\/gcirculacao\/wp-json\/wp\/v2\/pages\/1211"}],"collection":[{"href":"https:\/\/www.bu.ufmg.br\/gcirculacao\/wp-json\/wp\/v2\/pages"}],"about":[{"href":"https:\/\/www.bu.ufmg.br\/gcirculacao\/wp-json\/wp\/v2\/types\/page"}],"author":[{"embeddable":true,"href":"https:\/\/www.bu.ufmg.br\/gcirculacao\/wp-json\/wp\/v2\/users\/1"}],"replies":[{"embeddable":true,"href":"https:\/\/www.bu.ufmg.br\/gcirculacao\/wp-json\/wp\/v2\/comments?post=1211"}],"version-history":[{"count":5,"href":"https:\/\/www.bu.ufmg.br\/gcirculacao\/wp-json\/wp\/v2\/pages\/1211\/revisions"}],"predecessor-version":[{"id":1265,"href":"https:\/\/www.bu.ufmg.br\/gcirculacao\/wp-json\/wp\/v2\/pages\/1211\/revisions\/1265"}],"wp:attachment":[{"href":"https:\/\/www.bu.ufmg.br\/gcirculacao\/wp-json\/wp\/v2\/media?parent=1211"}],"curies":[{"name":"wp","href":"https:\/\/api.w.org\/{rel}","templated":true}]}}