{"id":1204,"date":"2022-11-09T19:53:19","date_gmt":"2022-11-09T22:53:19","guid":{"rendered":"https:\/\/www.bu.ufmg.br\/gcirculacao\/?page_id=1204"},"modified":"2022-11-22T20:43:52","modified_gmt":"2022-11-22T23:43:52","slug":"pagamento-parcial-de-debitos","status":"publish","type":"page","link":"https:\/\/www.bu.ufmg.br\/gcirculacao\/pagamento-parcial-de-debitos\/","title":{"rendered":"Pagamento Parcial de D\u00e9bitos"},"content":{"rendered":"\n<ul style=\"list-style-type: square;\">\n<li>O que voc\u00ea precisa saber para realizar o pagamento parcial da multa de devolu\u00e7\u00e3o:<\/li>\n<\/ul>\n<ul>\n<li style=\"list-style-type: none;\">\n<ul style=\"list-style-type: circle;\">\n<li>\u00a0 O operador deve\u00a0 possuir a permiss\u00e3o em\u00a0 Par\u00e2metros para o M\u00f3dulo Circula\u00e7\u00e3o &#8220;Atualiza\u00e7\u00e3o de d\u00e9bitos- Pagamento de d\u00e9bito parcial&#8221;.<\/li>\n<li>Poder\u00e1 registrar v\u00e1rios pagamentos parciais de valor menor que o valor total da multa em diferentes momentos.<\/li>\n<li>\u00a0A partir do momento que a soma de todos os pagamentos parciais atingir o valor total a pagar da multa, ser\u00e1 feito o registro do pagamento normal como era anteriormente.<\/li>\n<\/ul>\n<\/li>\n<\/ul>\n<p>\u00a0<\/p>\n\n\n<div class=\"wp-block-image\">\n<figure class=\"aligncenter size-large\"><img fetchpriority=\"high\" decoding=\"async\" width=\"1024\" height=\"440\" src=\"https:\/\/www.bu.ufmg.br\/gcirculacao\/wp-content\/uploads\/2022\/11\/pagto-multa-parcial-1024x440.png\" alt=\"\" class=\"wp-image-1205\" srcset=\"https:\/\/www.bu.ufmg.br\/gcirculacao\/wp-content\/uploads\/2022\/11\/pagto-multa-parcial-1024x440.png 1024w, https:\/\/www.bu.ufmg.br\/gcirculacao\/wp-content\/uploads\/2022\/11\/pagto-multa-parcial-300x129.png 300w, https:\/\/www.bu.ufmg.br\/gcirculacao\/wp-content\/uploads\/2022\/11\/pagto-multa-parcial-768x330.png 768w, https:\/\/www.bu.ufmg.br\/gcirculacao\/wp-content\/uploads\/2022\/11\/pagto-multa-parcial-50x21.png 50w, https:\/\/www.bu.ufmg.br\/gcirculacao\/wp-content\/uploads\/2022\/11\/pagto-multa-parcial-140x60.png 140w, https:\/\/www.bu.ufmg.br\/gcirculacao\/wp-content\/uploads\/2022\/11\/pagto-multa-parcial.png 1319w\" sizes=\"(max-width: 1024px) 100vw, 1024px\" \/><\/figure><\/div>\n\n\n<ul style=\"list-style-type: square;\">\n<li>Como realizar o procedimento:<\/li>\n<\/ul>\n<p>\u2713 Acesse: Circula\u00e7\u00e3o de materiais&gt;&gt; Atualiza\u00e7\u00e3o de d\u00e9bitos;<br \/>\u2713 Informe o c\u00f3digo do usu\u00e1rio com o d\u00e9bito a ser pago parcial;<br \/>\u2713 Selecione o d\u00e9bito;<br \/>\u2713 Na coluna Pagamento parcial clique sobre o l\u00e1pis;<br \/>\u2713 Informe o valor a ser pago;<br \/>\u2713 Preencha o campo observa\u00e7\u00e3o, se necess\u00e1rio;<br \/>\u2713 Clique em Pagamento parcial.<\/p>\n<p>\u00a0<\/p>\n\n\n<div class=\"wp-block-image\">\n<figure class=\"aligncenter size-large\"><img decoding=\"async\" width=\"927\" height=\"229\" src=\"https:\/\/www.bu.ufmg.br\/gcirculacao\/wp-content\/uploads\/2022\/11\/pagto-multa-parcial2.png\" alt=\"\" class=\"wp-image-1206\" srcset=\"https:\/\/www.bu.ufmg.br\/gcirculacao\/wp-content\/uploads\/2022\/11\/pagto-multa-parcial2.png 927w, https:\/\/www.bu.ufmg.br\/gcirculacao\/wp-content\/uploads\/2022\/11\/pagto-multa-parcial2-300x74.png 300w, https:\/\/www.bu.ufmg.br\/gcirculacao\/wp-content\/uploads\/2022\/11\/pagto-multa-parcial2-768x190.png 768w, https:\/\/www.bu.ufmg.br\/gcirculacao\/wp-content\/uploads\/2022\/11\/pagto-multa-parcial2-50x12.png 50w, https:\/\/www.bu.ufmg.br\/gcirculacao\/wp-content\/uploads\/2022\/11\/pagto-multa-parcial2-243x60.png 243w\" sizes=\"(max-width: 927px) 100vw, 927px\" \/><\/figure><\/div>\n\n\n<ul style=\"list-style-type: square;\">\n<li>As multas que tiveram pagamento parcial efetuado ser\u00e3o visualizadas conforme exemplo abaixo.<\/li>\n<\/ul>\n\n\n<div class=\"wp-block-image\">\n<figure class=\"aligncenter size-large is-resized\"><img decoding=\"async\" src=\"https:\/\/www.bu.ufmg.br\/gcirculacao\/wp-content\/uploads\/2022\/11\/pagto-multa-parcial3-1024x222.png\" alt=\"\" class=\"wp-image-1207\" width=\"884\" height=\"192\" srcset=\"https:\/\/www.bu.ufmg.br\/gcirculacao\/wp-content\/uploads\/2022\/11\/pagto-multa-parcial3-1024x222.png 1024w, https:\/\/www.bu.ufmg.br\/gcirculacao\/wp-content\/uploads\/2022\/11\/pagto-multa-parcial3-300x65.png 300w, https:\/\/www.bu.ufmg.br\/gcirculacao\/wp-content\/uploads\/2022\/11\/pagto-multa-parcial3-768x167.png 768w, https:\/\/www.bu.ufmg.br\/gcirculacao\/wp-content\/uploads\/2022\/11\/pagto-multa-parcial3-50x11.png 50w, https:\/\/www.bu.ufmg.br\/gcirculacao\/wp-content\/uploads\/2022\/11\/pagto-multa-parcial3-277x60.png 277w, https:\/\/www.bu.ufmg.br\/gcirculacao\/wp-content\/uploads\/2022\/11\/pagto-multa-parcial3.png 1296w\" sizes=\"(max-width: 884px) 100vw, 884px\" \/><\/figure><\/div>\n\n\n<ul style=\"list-style-type: square;\">\n<li>Para pagar a segunda parcela repita o procedimento anterior.<br \/>Na tela de pagamento parcial ficar\u00e3o registrados todos os pagamentos parciais realizados para aquele d\u00e9bito.<\/li>\n<\/ul>\n<p>\u00a0<\/p>\n\n\n<div class=\"wp-block-image\">\n<figure class=\"aligncenter size-large\"><img loading=\"lazy\" decoding=\"async\" width=\"918\" height=\"288\" src=\"https:\/\/www.bu.ufmg.br\/gcirculacao\/wp-content\/uploads\/2022\/11\/pagto-multa-parcial4.png\" alt=\"\" class=\"wp-image-1208\" srcset=\"https:\/\/www.bu.ufmg.br\/gcirculacao\/wp-content\/uploads\/2022\/11\/pagto-multa-parcial4.png 918w, https:\/\/www.bu.ufmg.br\/gcirculacao\/wp-content\/uploads\/2022\/11\/pagto-multa-parcial4-300x94.png 300w, https:\/\/www.bu.ufmg.br\/gcirculacao\/wp-content\/uploads\/2022\/11\/pagto-multa-parcial4-768x241.png 768w, https:\/\/www.bu.ufmg.br\/gcirculacao\/wp-content\/uploads\/2022\/11\/pagto-multa-parcial4-50x16.png 50w, https:\/\/www.bu.ufmg.br\/gcirculacao\/wp-content\/uploads\/2022\/11\/pagto-multa-parcial4-191x60.png 191w\" sizes=\"(max-width: 918px) 100vw, 918px\" \/><\/figure><\/div>","protected":false},"excerpt":{"rendered":"<p>O que voc\u00ea precisa saber para realizar o pagamento parcial da multa de devolu\u00e7\u00e3o: \u00a0 &hellip; <\/p>\n","protected":false},"author":1,"featured_media":0,"parent":0,"menu_order":0,"comment_status":"closed","ping_status":"closed","template":"","meta":{"om_disable_all_campaigns":false,"_monsterinsights_skip_tracking":false,"_monsterinsights_sitenote_active":false,"_monsterinsights_sitenote_note":"","_monsterinsights_sitenote_category":0,"_uf_show_specific_survey":0,"_uf_disable_surveys":false,"footnotes":""},"wppr_data":{"cwp_meta_box_check":"No"},"_links":{"self":[{"href":"https:\/\/www.bu.ufmg.br\/gcirculacao\/wp-json\/wp\/v2\/pages\/1204"}],"collection":[{"href":"https:\/\/www.bu.ufmg.br\/gcirculacao\/wp-json\/wp\/v2\/pages"}],"about":[{"href":"https:\/\/www.bu.ufmg.br\/gcirculacao\/wp-json\/wp\/v2\/types\/page"}],"author":[{"embeddable":true,"href":"https:\/\/www.bu.ufmg.br\/gcirculacao\/wp-json\/wp\/v2\/users\/1"}],"replies":[{"embeddable":true,"href":"https:\/\/www.bu.ufmg.br\/gcirculacao\/wp-json\/wp\/v2\/comments?post=1204"}],"version-history":[{"count":5,"href":"https:\/\/www.bu.ufmg.br\/gcirculacao\/wp-json\/wp\/v2\/pages\/1204\/revisions"}],"predecessor-version":[{"id":1288,"href":"https:\/\/www.bu.ufmg.br\/gcirculacao\/wp-json\/wp\/v2\/pages\/1204\/revisions\/1288"}],"wp:attachment":[{"href":"https:\/\/www.bu.ufmg.br\/gcirculacao\/wp-json\/wp\/v2\/media?parent=1204"}],"curies":[{"name":"wp","href":"https:\/\/api.w.org\/{rel}","templated":true}]}}