{"id":1122,"date":"2021-04-25T21:04:36","date_gmt":"2021-04-26T00:04:36","guid":{"rendered":"https:\/\/www.bu.ufmg.br\/gcirculacao\/?page_id=1122"},"modified":"2021-04-25T21:19:10","modified_gmt":"2021-04-26T00:19:10","slug":"1122-2","status":"publish","type":"page","link":"https:\/\/www.bu.ufmg.br\/gcirculacao\/1122-2\/","title":{"rendered":"FAQ &#8211; Gest\u00e3o de reservas"},"content":{"rendered":"\n<h2 class=\"art-PostHeader\">Como posso gerar um relat\u00f3rio para saber quais livros sa\u00edram da reserva? (ou seja, o usu\u00e1rio n\u00e3o veio buscar e o titulo n\u00e3o possui mais reservas).<\/h2>\n<div class=\"art-PostContent\">\n<div class=\"art-article\">\n<p>Acesse o m\u00f3dulo \u201cCircula\u00e7\u00e3o de Materiais\u201d&gt; \u201cReservas\u201d, na guia\u00a0 \u201cImpress\u00f5es\u201d.<\/p>\n<p>&#8211; Como o gerenciamento da fila de reserva ocorre \u00e0s 04:00 da madrugada, o ideal \u00e9 que esse procedimento seja realizado na parte da manh\u00e3.<\/p>\n<p>&#8211; Gere\u00a0 sempre 2 relat\u00f3rios:\u00a0 Um com a data do dia anterior (para pegar os livros que foram liberados durante o dia) e um com a data do dia atual (para pegar os livros que foram cancelados pelo gerenciamento autom\u00e1tico \u00e0s 04:00)<\/p>\n<p>&#8211;\u00a0Informar a Data de Impress\u00e3o;<br \/>&#8211; Selecionar a Biblioteca;<br \/>&#8211; Clicar no bot\u00e3o &#8220;Imprimir&#8221;.<\/p>\n<\/div>\n<\/div>\n","protected":false},"excerpt":{"rendered":"<p>Como posso gerar um relat\u00f3rio para saber quais livros sa\u00edram da reserva? (ou seja, o &hellip; <\/p>\n","protected":false},"author":1,"featured_media":0,"parent":0,"menu_order":0,"comment_status":"closed","ping_status":"closed","template":"","meta":{"om_disable_all_campaigns":false,"_monsterinsights_skip_tracking":false,"_monsterinsights_sitenote_active":false,"_monsterinsights_sitenote_note":"","_monsterinsights_sitenote_category":0,"_uf_show_specific_survey":0,"_uf_disable_surveys":false,"footnotes":""},"wppr_data":{"cwp_meta_box_check":"No"},"_links":{"self":[{"href":"https:\/\/www.bu.ufmg.br\/gcirculacao\/wp-json\/wp\/v2\/pages\/1122"}],"collection":[{"href":"https:\/\/www.bu.ufmg.br\/gcirculacao\/wp-json\/wp\/v2\/pages"}],"about":[{"href":"https:\/\/www.bu.ufmg.br\/gcirculacao\/wp-json\/wp\/v2\/types\/page"}],"author":[{"embeddable":true,"href":"https:\/\/www.bu.ufmg.br\/gcirculacao\/wp-json\/wp\/v2\/users\/1"}],"replies":[{"embeddable":true,"href":"https:\/\/www.bu.ufmg.br\/gcirculacao\/wp-json\/wp\/v2\/comments?post=1122"}],"version-history":[{"count":2,"href":"https:\/\/www.bu.ufmg.br\/gcirculacao\/wp-json\/wp\/v2\/pages\/1122\/revisions"}],"predecessor-version":[{"id":1135,"href":"https:\/\/www.bu.ufmg.br\/gcirculacao\/wp-json\/wp\/v2\/pages\/1122\/revisions\/1135"}],"wp:attachment":[{"href":"https:\/\/www.bu.ufmg.br\/gcirculacao\/wp-json\/wp\/v2\/media?parent=1122"}],"curies":[{"name":"wp","href":"https:\/\/api.w.org\/{rel}","templated":true}]}}