{"id":1120,"date":"2021-04-25T21:03:21","date_gmt":"2021-04-26T00:03:21","guid":{"rendered":"https:\/\/www.bu.ufmg.br\/gcirculacao\/?page_id=1120"},"modified":"2021-04-25T21:03:22","modified_gmt":"2021-04-26T00:03:22","slug":"faq-catalogo-on-line","status":"publish","type":"page","link":"https:\/\/www.bu.ufmg.br\/gcirculacao\/faq-catalogo-on-line\/","title":{"rendered":"FAQ &#8211; Cat\u00e1logo on-line"},"content":{"rendered":"\n<h2 class=\"art-PostHeader\">Existe na p\u00e1gina do cat\u00e1logo on- line uma op\u00e7\u00e3o para que o usu\u00e1rio envie seus coment\u00e1rios e sugest\u00f5es de aquisi\u00e7\u00e3o para as bibliotecas. Como posso visualizar esses coment\u00e1rios e sugest\u00f5es?<\/h2>\n<div class=\"art-PostContent\">\n<div class=\"art-article\">\n<p>Voc\u00ea pode gerar um relat\u00f3rio\u00a0com os coment\u00e1rios e sugest\u00f5es. \u00a0Para isso, acesse o m\u00f3dulo \u201cRelat\u00f3rios\u201d, escolha a op\u00e7\u00e3o &#8220;Relat\u00f3rios&#8221; &gt; &#8220;Consulta&#8221; &gt; &#8220;Coment\u00e1rios&#8221;. Escolha a data inicial e final da postagem dos coment\u00e1rios.\u00a0Voc\u00ea tamb\u00e9m pode escolher entre ver todos os coment\u00e1rios ou ver somente as sugest\u00f5es de aquisi\u00e7\u00e3o.\u00a0Click no bot\u00e3o &#8220;Imprimir&#8221; para visualizar o relat\u00f3rio.<\/p>\n<\/div>\n<\/div>\n","protected":false},"excerpt":{"rendered":"<p>Existe na p\u00e1gina do cat\u00e1logo on- line uma op\u00e7\u00e3o para que o usu\u00e1rio envie seus &hellip; <\/p>\n","protected":false},"author":1,"featured_media":0,"parent":0,"menu_order":0,"comment_status":"closed","ping_status":"closed","template":"","meta":{"om_disable_all_campaigns":false,"_monsterinsights_skip_tracking":false,"_monsterinsights_sitenote_active":false,"_monsterinsights_sitenote_note":"","_monsterinsights_sitenote_category":0,"_uf_show_specific_survey":0,"_uf_disable_surveys":false,"footnotes":""},"wppr_data":{"cwp_meta_box_check":"No"},"_links":{"self":[{"href":"https:\/\/www.bu.ufmg.br\/gcirculacao\/wp-json\/wp\/v2\/pages\/1120"}],"collection":[{"href":"https:\/\/www.bu.ufmg.br\/gcirculacao\/wp-json\/wp\/v2\/pages"}],"about":[{"href":"https:\/\/www.bu.ufmg.br\/gcirculacao\/wp-json\/wp\/v2\/types\/page"}],"author":[{"embeddable":true,"href":"https:\/\/www.bu.ufmg.br\/gcirculacao\/wp-json\/wp\/v2\/users\/1"}],"replies":[{"embeddable":true,"href":"https:\/\/www.bu.ufmg.br\/gcirculacao\/wp-json\/wp\/v2\/comments?post=1120"}],"version-history":[{"count":1,"href":"https:\/\/www.bu.ufmg.br\/gcirculacao\/wp-json\/wp\/v2\/pages\/1120\/revisions"}],"predecessor-version":[{"id":1121,"href":"https:\/\/www.bu.ufmg.br\/gcirculacao\/wp-json\/wp\/v2\/pages\/1120\/revisions\/1121"}],"wp:attachment":[{"href":"https:\/\/www.bu.ufmg.br\/gcirculacao\/wp-json\/wp\/v2\/media?parent=1120"}],"curies":[{"name":"wp","href":"https:\/\/api.w.org\/{rel}","templated":true}]}}