{"id":1118,"date":"2021-04-25T20:57:16","date_gmt":"2021-04-25T23:57:16","guid":{"rendered":"https:\/\/www.bu.ufmg.br\/gcirculacao\/?page_id=1118"},"modified":"2021-04-25T21:18:32","modified_gmt":"2021-04-26T00:18:32","slug":"1118-2","status":"publish","type":"page","link":"https:\/\/www.bu.ufmg.br\/gcirculacao\/1118-2\/","title":{"rendered":"FAQ &#8211; Titulos reservados"},"content":{"rendered":"\n<h2 class=\"art-PostHeader\">Existe uma forma de saber quais s\u00e3o os t\u00edtulos mais requisitados na biblioteca a partir do Pergamum?<\/h2>\n<div class=\"art-PostContent\">\n<div class=\"art-article\">\n<p>Voc\u00ea pode tentar descobrir quais s\u00e3o os livros mais reservados na sua biblioteca. Como fazer isso?<\/p>\n<p>Acesse\u00a0o m\u00f3dulo \u201cRelat\u00f3rio\u201d, escolha a op\u00e7\u00e3o &#8220;Relat\u00f3rio&#8221; &gt; &#8220;Circula\u00e7\u00e3o de Materiais&#8217; &gt; \u00a0&#8220;Reservas&#8221; &gt; &#8220;T\u00edtulos mais reservados&#8221;.\u00a0Preencha os campos de acordo com a sua necessidade\u00a0e gere o relat\u00f3rio.<\/p>\n<p>\u00a0<\/p>\n<\/div>\n<\/div>\n","protected":false},"excerpt":{"rendered":"<p>Existe uma forma de saber quais s\u00e3o os t\u00edtulos mais requisitados na biblioteca a partir &hellip; <\/p>\n","protected":false},"author":1,"featured_media":0,"parent":0,"menu_order":0,"comment_status":"closed","ping_status":"closed","template":"","meta":{"om_disable_all_campaigns":false,"_monsterinsights_skip_tracking":false,"_monsterinsights_sitenote_active":false,"_monsterinsights_sitenote_note":"","_monsterinsights_sitenote_category":0,"_uf_show_specific_survey":0,"_uf_disable_surveys":false,"footnotes":""},"wppr_data":{"cwp_meta_box_check":"No"},"_links":{"self":[{"href":"https:\/\/www.bu.ufmg.br\/gcirculacao\/wp-json\/wp\/v2\/pages\/1118"}],"collection":[{"href":"https:\/\/www.bu.ufmg.br\/gcirculacao\/wp-json\/wp\/v2\/pages"}],"about":[{"href":"https:\/\/www.bu.ufmg.br\/gcirculacao\/wp-json\/wp\/v2\/types\/page"}],"author":[{"embeddable":true,"href":"https:\/\/www.bu.ufmg.br\/gcirculacao\/wp-json\/wp\/v2\/users\/1"}],"replies":[{"embeddable":true,"href":"https:\/\/www.bu.ufmg.br\/gcirculacao\/wp-json\/wp\/v2\/comments?post=1118"}],"version-history":[{"count":2,"href":"https:\/\/www.bu.ufmg.br\/gcirculacao\/wp-json\/wp\/v2\/pages\/1118\/revisions"}],"predecessor-version":[{"id":1134,"href":"https:\/\/www.bu.ufmg.br\/gcirculacao\/wp-json\/wp\/v2\/pages\/1118\/revisions\/1134"}],"wp:attachment":[{"href":"https:\/\/www.bu.ufmg.br\/gcirculacao\/wp-json\/wp\/v2\/media?parent=1118"}],"curies":[{"name":"wp","href":"https:\/\/api.w.org\/{rel}","templated":true}]}}