{"id":1116,"date":"2021-04-25T20:55:23","date_gmt":"2021-04-25T23:55:23","guid":{"rendered":"https:\/\/www.bu.ufmg.br\/gcirculacao\/?page_id=1116"},"modified":"2021-04-25T21:17:23","modified_gmt":"2021-04-26T00:17:23","slug":"1116-2","status":"publish","type":"page","link":"https:\/\/www.bu.ufmg.br\/gcirculacao\/1116-2\/","title":{"rendered":"FAQ &#8211; Impress\u00e3o de relat\u00f3rio"},"content":{"rendered":"\n<h2 class=\"art-PostHeader\">Gerei um relat\u00f3rio no Pergamum, mas n\u00e3o quero imprimi-lo. Quero digitaliza-lo ou algo parecido. Existe essa op\u00e7\u00e3o?<\/h2>\n<div class=\"art-PostHeaderIcons art-metadata-icons\"><span style=\"font-size: inherit;\">Sim.\u00a0 Voc\u00ea pode gerar o relat\u00f3rio e, \u00a0na barra superior,\u00a0 clicar no bot\u00e3o &#8220;Exportar&#8221;. Uma janela ser\u00e1 aberta e voc\u00ea selecionar\u00e1 o tipo de arquivo desejado: TXT ou Excel.<\/span><\/div>\n<div class=\"art-PostContent\">\n<div class=\"art-article\">\n<p><img fetchpriority=\"high\" decoding=\"async\" src=\"https:\/\/cerrado.bu.ufmg.br\/circulacao\/images\/stories\/relat-export.jpg\" width=\"520\" height=\"400\" border=\"1\" \/><\/p>\n<p>\u00a0<\/p>\n<p>Voc\u00ea pode tamb\u00e9m gravar um relat\u00f3rio em formato PDF. Ap\u00f3s o preenchimento dos dados, ao clicar no \u00edcone &#8220;Imprimir&#8221; ser\u00e1 gerado um arquivo em formato .pdf, que pode ser salvo ou impresso.\u00a0<\/p>\n<\/div>\n<\/div>\n","protected":false},"excerpt":{"rendered":"<p>Gerei um relat\u00f3rio no Pergamum, mas n\u00e3o quero imprimi-lo. Quero digitaliza-lo ou algo parecido. Existe &hellip; <\/p>\n","protected":false},"author":1,"featured_media":0,"parent":0,"menu_order":0,"comment_status":"closed","ping_status":"closed","template":"","meta":{"om_disable_all_campaigns":false,"_monsterinsights_skip_tracking":false,"_monsterinsights_sitenote_active":false,"_monsterinsights_sitenote_note":"","_monsterinsights_sitenote_category":0,"_uf_show_specific_survey":0,"_uf_disable_surveys":false,"footnotes":""},"wppr_data":{"cwp_meta_box_check":"No"},"_links":{"self":[{"href":"https:\/\/www.bu.ufmg.br\/gcirculacao\/wp-json\/wp\/v2\/pages\/1116"}],"collection":[{"href":"https:\/\/www.bu.ufmg.br\/gcirculacao\/wp-json\/wp\/v2\/pages"}],"about":[{"href":"https:\/\/www.bu.ufmg.br\/gcirculacao\/wp-json\/wp\/v2\/types\/page"}],"author":[{"embeddable":true,"href":"https:\/\/www.bu.ufmg.br\/gcirculacao\/wp-json\/wp\/v2\/users\/1"}],"replies":[{"embeddable":true,"href":"https:\/\/www.bu.ufmg.br\/gcirculacao\/wp-json\/wp\/v2\/comments?post=1116"}],"version-history":[{"count":2,"href":"https:\/\/www.bu.ufmg.br\/gcirculacao\/wp-json\/wp\/v2\/pages\/1116\/revisions"}],"predecessor-version":[{"id":1133,"href":"https:\/\/www.bu.ufmg.br\/gcirculacao\/wp-json\/wp\/v2\/pages\/1116\/revisions\/1133"}],"wp:attachment":[{"href":"https:\/\/www.bu.ufmg.br\/gcirculacao\/wp-json\/wp\/v2\/media?parent=1116"}],"curies":[{"name":"wp","href":"https:\/\/api.w.org\/{rel}","templated":true}]}}