{"id":1113,"date":"2021-04-25T20:40:02","date_gmt":"2021-04-25T23:40:02","guid":{"rendered":"https:\/\/www.bu.ufmg.br\/gcirculacao\/?page_id=1113"},"modified":"2021-04-25T20:40:02","modified_gmt":"2021-04-25T23:40:02","slug":"faq-alteracao-de-senha","status":"publish","type":"page","link":"https:\/\/www.bu.ufmg.br\/gcirculacao\/faq-alteracao-de-senha\/","title":{"rendered":"FAQ &#8211; Altera\u00e7\u00e3o de senha"},"content":{"rendered":"\n<h2 class=\"art-PostHeader\">O usu\u00e1rio esqueceu sua senha. Como recuper\u00e1-la?<\/h2>\n<div class=\"art-PostContent\">\n<div class=\"art-article\">\n<p>O usu\u00e1rio dever\u00e1 criar uma nova senha. Acesso o\u00a0 m\u00f3dulo \u201cUsu\u00e1rios\u201d&gt; \u201cAltera\u00e7\u00e3o de senhas\u201d,\u00a0 guia &#8220;Senha do usu\u00e1rio de empr\u00e9stimo&#8221;.\u00a0 Digite a sua senha no campo \u201cSenha do operador\u201d e pe\u00e7a para o usu\u00e1rio digitar a nova senha.<\/p>\n<\/div>\n<\/div>\n","protected":false},"excerpt":{"rendered":"<p>O usu\u00e1rio esqueceu sua senha. Como recuper\u00e1-la? O usu\u00e1rio dever\u00e1 criar uma nova senha. Acesso &hellip; <\/p>\n","protected":false},"author":1,"featured_media":0,"parent":0,"menu_order":0,"comment_status":"closed","ping_status":"closed","template":"","meta":{"om_disable_all_campaigns":false,"_monsterinsights_skip_tracking":false,"_monsterinsights_sitenote_active":false,"_monsterinsights_sitenote_note":"","_monsterinsights_sitenote_category":0,"_uf_show_specific_survey":0,"_uf_disable_surveys":false,"footnotes":""},"wppr_data":{"cwp_meta_box_check":"No"},"_links":{"self":[{"href":"https:\/\/www.bu.ufmg.br\/gcirculacao\/wp-json\/wp\/v2\/pages\/1113"}],"collection":[{"href":"https:\/\/www.bu.ufmg.br\/gcirculacao\/wp-json\/wp\/v2\/pages"}],"about":[{"href":"https:\/\/www.bu.ufmg.br\/gcirculacao\/wp-json\/wp\/v2\/types\/page"}],"author":[{"embeddable":true,"href":"https:\/\/www.bu.ufmg.br\/gcirculacao\/wp-json\/wp\/v2\/users\/1"}],"replies":[{"embeddable":true,"href":"https:\/\/www.bu.ufmg.br\/gcirculacao\/wp-json\/wp\/v2\/comments?post=1113"}],"version-history":[{"count":1,"href":"https:\/\/www.bu.ufmg.br\/gcirculacao\/wp-json\/wp\/v2\/pages\/1113\/revisions"}],"predecessor-version":[{"id":1114,"href":"https:\/\/www.bu.ufmg.br\/gcirculacao\/wp-json\/wp\/v2\/pages\/1113\/revisions\/1114"}],"wp:attachment":[{"href":"https:\/\/www.bu.ufmg.br\/gcirculacao\/wp-json\/wp\/v2\/media?parent=1113"}],"curies":[{"name":"wp","href":"https:\/\/api.w.org\/{rel}","templated":true}]}}