{"id":1110,"date":"2021-04-25T20:36:54","date_gmt":"2021-04-25T23:36:54","guid":{"rendered":"https:\/\/www.bu.ufmg.br\/gcirculacao\/?page_id=1110"},"modified":"2022-08-04T17:14:08","modified_gmt":"2022-08-04T20:14:08","slug":"faq-declaracao-de-nada-consta","status":"publish","type":"page","link":"https:\/\/www.bu.ufmg.br\/gcirculacao\/faq-declaracao-de-nada-consta\/","title":{"rendered":"FAQ &#8211; Declara\u00e7\u00e3o de Nada Consta"},"content":{"rendered":"\n<h2 class=\"art-PostHeader\">Como emitir uma declara\u00e7\u00e3o de \u201cnada consta\u201d para um determinado usu\u00e1rio?<\/h2>\n<p>Este procedimento deve ser realizado pelo funcion\u00e1rio da Biblioteca.\u00a0 O usu\u00e1rio precisa entrar em contato com a biblioteca de seu curso para solicitar a declara\u00e7\u00e3o.<\/p>\n<p>Passos a serem realizados no sistema:<\/p>\n<div class=\"art-PostHeaderIcons art-metadata-icons\"><span style=\"font-size: inherit;\">V\u00e1 no m\u00f3dulo \u201cCircula\u00e7\u00e3o de Materiais\u201d &gt; \u201cConsulta\u201d.<\/span><\/div>\n<div class=\"art-PostContent\">\n<div class=\"art-article\">\n<p>&#8211; Digite o c\u00f3digo do usu\u00e1rio;<br \/>&#8211; Selecione a op\u00e7\u00e3o \u201cPendente\u201d;<br \/>&#8211; Click no bot\u00e3o \u201cMostrar\u201d;<br \/>&#8211; Se o usu\u00e1rio n\u00e3o possuir\u00a0pend\u00eancias nas bibliotecas, o bot\u00e3o\u00a0\u201cDeclara\u00e7\u00e3o\u201d \u00e9 habilitado. Clicar em \u201cDeclara\u00e7\u00e3o\u201d;<br \/>&#8211;\u00a0Escolher a op\u00e7\u00e3o de &#8220;Impress\u00e3o&#8221;.\u00a0<\/p>\n<p>\u00a0Uma vez emitida a declara\u00e7\u00e3o,\u00a0 \u00e9 gerado um afastamento para o usu\u00e1rio.<\/p>\n<\/div>\n<\/div>\n","protected":false},"excerpt":{"rendered":"<p>Como emitir uma declara\u00e7\u00e3o de \u201cnada consta\u201d para um determinado usu\u00e1rio? Este procedimento deve ser &hellip; <\/p>\n","protected":false},"author":1,"featured_media":0,"parent":0,"menu_order":0,"comment_status":"closed","ping_status":"closed","template":"","meta":{"om_disable_all_campaigns":false,"_monsterinsights_skip_tracking":false,"_monsterinsights_sitenote_active":false,"_monsterinsights_sitenote_note":"","_monsterinsights_sitenote_category":0,"_uf_show_specific_survey":0,"_uf_disable_surveys":false,"footnotes":""},"wppr_data":{"cwp_meta_box_check":"No"},"_links":{"self":[{"href":"https:\/\/www.bu.ufmg.br\/gcirculacao\/wp-json\/wp\/v2\/pages\/1110"}],"collection":[{"href":"https:\/\/www.bu.ufmg.br\/gcirculacao\/wp-json\/wp\/v2\/pages"}],"about":[{"href":"https:\/\/www.bu.ufmg.br\/gcirculacao\/wp-json\/wp\/v2\/types\/page"}],"author":[{"embeddable":true,"href":"https:\/\/www.bu.ufmg.br\/gcirculacao\/wp-json\/wp\/v2\/users\/1"}],"replies":[{"embeddable":true,"href":"https:\/\/www.bu.ufmg.br\/gcirculacao\/wp-json\/wp\/v2\/comments?post=1110"}],"version-history":[{"count":2,"href":"https:\/\/www.bu.ufmg.br\/gcirculacao\/wp-json\/wp\/v2\/pages\/1110\/revisions"}],"predecessor-version":[{"id":1174,"href":"https:\/\/www.bu.ufmg.br\/gcirculacao\/wp-json\/wp\/v2\/pages\/1110\/revisions\/1174"}],"wp:attachment":[{"href":"https:\/\/www.bu.ufmg.br\/gcirculacao\/wp-json\/wp\/v2\/media?parent=1110"}],"curies":[{"name":"wp","href":"https:\/\/api.w.org\/{rel}","templated":true}]}}