{"id":1104,"date":"2021-04-25T20:32:00","date_gmt":"2021-04-25T23:32:00","guid":{"rendered":"https:\/\/www.bu.ufmg.br\/gcirculacao\/?page_id=1104"},"modified":"2021-04-25T21:16:44","modified_gmt":"2021-04-26T00:16:44","slug":"1104-2","status":"publish","type":"page","link":"https:\/\/www.bu.ufmg.br\/gcirculacao\/1104-2\/","title":{"rendered":"FAQ &#8211;  Hist\u00f3rico do exemplar"},"content":{"rendered":"\n<h2 class=\"art-PostHeader\">N\u00e3o consigo encontrar um determinado exemplar, n\u00e3o sei se ele est\u00e1 realmente emprestado, se foi devolvido (quando?), com quem est\u00e1 emprestado. Como posso fazer para verificar sua situa\u00e7\u00e3o?<\/h2>\n<div class=\"art-PostContent\">\n<div class=\"art-article\">\n<p>V\u00e1 no m\u00f3dulo \u201cCircula\u00e7\u00e3o de materiais\u201d &gt; \u201cConsulta\u201d.<\/p>\n<p>&#8211; Clique na guia \u201cExemplar\u201d ;<br \/>&#8211;\u00a0Informe os dados do exemplar;<br \/>&#8211;\u00a0Informe o per\u00edodo de data inicial e final que deseja consultar;<br \/>&#8211; \u00a0Clique no bot\u00e3o \u201cMostrar\u201d.<\/p>\n<\/div>\n<\/div>\n","protected":false},"excerpt":{"rendered":"<p>N\u00e3o consigo encontrar um determinado exemplar, n\u00e3o sei se ele est\u00e1 realmente emprestado, se foi &hellip; <\/p>\n","protected":false},"author":1,"featured_media":0,"parent":0,"menu_order":0,"comment_status":"closed","ping_status":"closed","template":"","meta":{"om_disable_all_campaigns":false,"_monsterinsights_skip_tracking":false,"_monsterinsights_sitenote_active":false,"_monsterinsights_sitenote_note":"","_monsterinsights_sitenote_category":0,"_uf_show_specific_survey":0,"_uf_disable_surveys":false,"footnotes":""},"wppr_data":{"cwp_meta_box_check":"No"},"_links":{"self":[{"href":"https:\/\/www.bu.ufmg.br\/gcirculacao\/wp-json\/wp\/v2\/pages\/1104"}],"collection":[{"href":"https:\/\/www.bu.ufmg.br\/gcirculacao\/wp-json\/wp\/v2\/pages"}],"about":[{"href":"https:\/\/www.bu.ufmg.br\/gcirculacao\/wp-json\/wp\/v2\/types\/page"}],"author":[{"embeddable":true,"href":"https:\/\/www.bu.ufmg.br\/gcirculacao\/wp-json\/wp\/v2\/users\/1"}],"replies":[{"embeddable":true,"href":"https:\/\/www.bu.ufmg.br\/gcirculacao\/wp-json\/wp\/v2\/comments?post=1104"}],"version-history":[{"count":2,"href":"https:\/\/www.bu.ufmg.br\/gcirculacao\/wp-json\/wp\/v2\/pages\/1104\/revisions"}],"predecessor-version":[{"id":1132,"href":"https:\/\/www.bu.ufmg.br\/gcirculacao\/wp-json\/wp\/v2\/pages\/1104\/revisions\/1132"}],"wp:attachment":[{"href":"https:\/\/www.bu.ufmg.br\/gcirculacao\/wp-json\/wp\/v2\/media?parent=1104"}],"curies":[{"name":"wp","href":"https:\/\/api.w.org\/{rel}","templated":true}]}}