{"id":1098,"date":"2021-04-25T20:27:48","date_gmt":"2021-04-25T23:27:48","guid":{"rendered":"https:\/\/www.bu.ufmg.br\/gcirculacao\/?page_id=1098"},"modified":"2021-04-25T20:27:49","modified_gmt":"2021-04-25T23:27:49","slug":"faq-multa-de-chave-de-armario","status":"publish","type":"page","link":"https:\/\/www.bu.ufmg.br\/gcirculacao\/faq-multa-de-chave-de-armario\/","title":{"rendered":"FAQ &#8211; Multa de chave de arm\u00e1rio"},"content":{"rendered":"\n<h2 class=\"art-PostHeader\">Como verificar a biblioteca que gerou a multa de chave de arm\u00e1rio?<\/h2>\n<div class=\"art-PostContent\">\n<div class=\"art-article\">\n<p>Se o usu\u00e1rio possui um d\u00e9bito de multa de arm\u00e1rio, \u00e9 possivel visualizar a biblioteca\u00a0que gerou a multa acessando o m\u00f3dulo de &#8220;Circula\u00e7\u00e3o de materiais&#8221; &gt; &#8220;Consulta&#8221; &gt; guia &#8220;Usu\u00e1rio&#8221;.<\/p>\n<p>&#8211; Digite o c\u00f3digo do usu\u00e1rio;<br \/>&#8211; Informe\u00a0a\u00a0data inicial e final;<br \/>&#8211; Selecione a op\u00e7\u00e3o &#8220;Arm\u00e1rios&#8221; e click bot\u00e3o &#8220;Mostrar&#8221;.<\/p>\n<\/div>\n<\/div>\n","protected":false},"excerpt":{"rendered":"<p>Como verificar a biblioteca que gerou a multa de chave de arm\u00e1rio? Se o usu\u00e1rio &hellip; <\/p>\n","protected":false},"author":1,"featured_media":0,"parent":0,"menu_order":0,"comment_status":"closed","ping_status":"closed","template":"","meta":{"om_disable_all_campaigns":false,"_monsterinsights_skip_tracking":false,"_monsterinsights_sitenote_active":false,"_monsterinsights_sitenote_note":"","_monsterinsights_sitenote_category":0,"_uf_show_specific_survey":0,"_uf_disable_surveys":false,"footnotes":""},"wppr_data":{"cwp_meta_box_check":"No"},"_links":{"self":[{"href":"https:\/\/www.bu.ufmg.br\/gcirculacao\/wp-json\/wp\/v2\/pages\/1098"}],"collection":[{"href":"https:\/\/www.bu.ufmg.br\/gcirculacao\/wp-json\/wp\/v2\/pages"}],"about":[{"href":"https:\/\/www.bu.ufmg.br\/gcirculacao\/wp-json\/wp\/v2\/types\/page"}],"author":[{"embeddable":true,"href":"https:\/\/www.bu.ufmg.br\/gcirculacao\/wp-json\/wp\/v2\/users\/1"}],"replies":[{"embeddable":true,"href":"https:\/\/www.bu.ufmg.br\/gcirculacao\/wp-json\/wp\/v2\/comments?post=1098"}],"version-history":[{"count":1,"href":"https:\/\/www.bu.ufmg.br\/gcirculacao\/wp-json\/wp\/v2\/pages\/1098\/revisions"}],"predecessor-version":[{"id":1099,"href":"https:\/\/www.bu.ufmg.br\/gcirculacao\/wp-json\/wp\/v2\/pages\/1098\/revisions\/1099"}],"wp:attachment":[{"href":"https:\/\/www.bu.ufmg.br\/gcirculacao\/wp-json\/wp\/v2\/media?parent=1098"}],"curies":[{"name":"wp","href":"https:\/\/api.w.org\/{rel}","templated":true}]}}