{"id":1096,"date":"2021-04-25T20:26:12","date_gmt":"2021-04-25T23:26:12","guid":{"rendered":"https:\/\/www.bu.ufmg.br\/gcirculacao\/?page_id=1096"},"modified":"2021-04-25T20:26:12","modified_gmt":"2021-04-25T23:26:12","slug":"faq-multas-recebidas","status":"publish","type":"page","link":"https:\/\/www.bu.ufmg.br\/gcirculacao\/faq-multas-recebidas\/","title":{"rendered":"FAQ &#8211; Multas recebidas"},"content":{"rendered":"\n<h2 class=\"art-PostHeader\">Como verificar as multas recebidas por um determinado operador?<\/h2>\n<div class=\"art-PostContent\">\n<div class=\"art-article\">\n<p>Para verificar as multas recebidas por um operador, basta voc\u00ea\u00a0acessar o m\u00f3dulo \u201cCircula\u00e7\u00e3o de Materiais\u201d&gt; &#8220;Atualiza\u00e7\u00e3o de D\u00e9bitos&#8221;, Guia \u201cRelat\u00f3rio de Pagamentos de D\u00e9bitos\u201d, determinar a data inicial e final do relat\u00f3rio, digitar o c\u00f3digo do operador e clicar no bot\u00e3o &#8220;Imprimir&#8221;.<\/p>\n<\/div>\n<\/div>\n","protected":false},"excerpt":{"rendered":"<p>Como verificar as multas recebidas por um determinado operador? Para verificar as multas recebidas por &hellip; <\/p>\n","protected":false},"author":1,"featured_media":0,"parent":0,"menu_order":0,"comment_status":"closed","ping_status":"closed","template":"","meta":{"om_disable_all_campaigns":false,"_monsterinsights_skip_tracking":false,"_monsterinsights_sitenote_active":false,"_monsterinsights_sitenote_note":"","_monsterinsights_sitenote_category":0,"_uf_show_specific_survey":0,"_uf_disable_surveys":false,"footnotes":""},"wppr_data":{"cwp_meta_box_check":"No"},"_links":{"self":[{"href":"https:\/\/www.bu.ufmg.br\/gcirculacao\/wp-json\/wp\/v2\/pages\/1096"}],"collection":[{"href":"https:\/\/www.bu.ufmg.br\/gcirculacao\/wp-json\/wp\/v2\/pages"}],"about":[{"href":"https:\/\/www.bu.ufmg.br\/gcirculacao\/wp-json\/wp\/v2\/types\/page"}],"author":[{"embeddable":true,"href":"https:\/\/www.bu.ufmg.br\/gcirculacao\/wp-json\/wp\/v2\/users\/1"}],"replies":[{"embeddable":true,"href":"https:\/\/www.bu.ufmg.br\/gcirculacao\/wp-json\/wp\/v2\/comments?post=1096"}],"version-history":[{"count":1,"href":"https:\/\/www.bu.ufmg.br\/gcirculacao\/wp-json\/wp\/v2\/pages\/1096\/revisions"}],"predecessor-version":[{"id":1097,"href":"https:\/\/www.bu.ufmg.br\/gcirculacao\/wp-json\/wp\/v2\/pages\/1096\/revisions\/1097"}],"wp:attachment":[{"href":"https:\/\/www.bu.ufmg.br\/gcirculacao\/wp-json\/wp\/v2\/media?parent=1096"}],"curies":[{"name":"wp","href":"https:\/\/api.w.org\/{rel}","templated":true}]}}