{"id":1093,"date":"2021-04-25T20:24:22","date_gmt":"2021-04-25T23:24:22","guid":{"rendered":"https:\/\/www.bu.ufmg.br\/gcirculacao\/?page_id=1093"},"modified":"2021-04-25T20:24:22","modified_gmt":"2021-04-25T23:24:22","slug":"faq-situacao-do-usuario","status":"publish","type":"page","link":"https:\/\/www.bu.ufmg.br\/gcirculacao\/faq-situacao-do-usuario\/","title":{"rendered":"FAQ &#8211; Situa\u00e7\u00e3o do usu\u00e1rio"},"content":{"rendered":"\n<h2 class=\"art-PostHeader\">Consigo verificar a situa\u00e7\u00e3o de um usu\u00e1rio na biblioteca?<\/h2>\n<div class=\"art-PostContent\">\n<div class=\"art-article\">\n<p>Sim, consegue.<\/p>\n<p>Basta acessar o m\u00f3dulo de \u201cCircula\u00e7\u00e3o de Materiais\u201d &gt; \u201dAfastamento\u201d &gt; Digitar o c\u00f3digo do usu\u00e1rio.<\/p>\n<\/div>\n<\/div>\n","protected":false},"excerpt":{"rendered":"<p>Consigo verificar a situa\u00e7\u00e3o de um usu\u00e1rio na biblioteca? Sim, consegue. Basta acessar o m\u00f3dulo &hellip; <\/p>\n","protected":false},"author":1,"featured_media":0,"parent":0,"menu_order":0,"comment_status":"closed","ping_status":"closed","template":"","meta":{"om_disable_all_campaigns":false,"_monsterinsights_skip_tracking":false,"_monsterinsights_sitenote_active":false,"_monsterinsights_sitenote_note":"","_monsterinsights_sitenote_category":0,"_uf_show_specific_survey":0,"_uf_disable_surveys":false,"footnotes":""},"wppr_data":{"cwp_meta_box_check":"No"},"_links":{"self":[{"href":"https:\/\/www.bu.ufmg.br\/gcirculacao\/wp-json\/wp\/v2\/pages\/1093"}],"collection":[{"href":"https:\/\/www.bu.ufmg.br\/gcirculacao\/wp-json\/wp\/v2\/pages"}],"about":[{"href":"https:\/\/www.bu.ufmg.br\/gcirculacao\/wp-json\/wp\/v2\/types\/page"}],"author":[{"embeddable":true,"href":"https:\/\/www.bu.ufmg.br\/gcirculacao\/wp-json\/wp\/v2\/users\/1"}],"replies":[{"embeddable":true,"href":"https:\/\/www.bu.ufmg.br\/gcirculacao\/wp-json\/wp\/v2\/comments?post=1093"}],"version-history":[{"count":1,"href":"https:\/\/www.bu.ufmg.br\/gcirculacao\/wp-json\/wp\/v2\/pages\/1093\/revisions"}],"predecessor-version":[{"id":1094,"href":"https:\/\/www.bu.ufmg.br\/gcirculacao\/wp-json\/wp\/v2\/pages\/1093\/revisions\/1094"}],"wp:attachment":[{"href":"https:\/\/www.bu.ufmg.br\/gcirculacao\/wp-json\/wp\/v2\/media?parent=1093"}],"curies":[{"name":"wp","href":"https:\/\/api.w.org\/{rel}","templated":true}]}}