{"id":1090,"date":"2021-04-25T20:22:28","date_gmt":"2021-04-25T23:22:28","guid":{"rendered":"https:\/\/www.bu.ufmg.br\/gcirculacao\/?page_id=1090"},"modified":"2022-08-04T17:07:07","modified_gmt":"2022-08-04T20:07:07","slug":"faq-afastaento-de-usuario","status":"publish","type":"page","link":"https:\/\/www.bu.ufmg.br\/gcirculacao\/faq-afastaento-de-usuario\/","title":{"rendered":"FAQ &#8211; Afastamento de usu\u00e1rio"},"content":{"rendered":"\n<h2 class=\"art-PostHeader\">Se o usu\u00e1rio perdeu um livro ou a carteira de usu\u00e1rio, como impedi-lo de pegar um livro na biblioteca?<\/h2>\n<div class=\"art-PostContent\">\n<div class=\"art-article\">\n<p>Basta afast\u00e1-lo. V\u00e1 no m\u00f3dulo &#8220;Circula\u00e7\u00e3o de materiais&#8221; &gt; &#8220;Afastamento&#8221;.<\/p>\n<p>&#8211; Digite o c\u00f3digo do usu\u00e1rio;<br \/>&#8211; Preencha o campo &#8220;Motivo do afastamento&#8221;;<br \/>&#8211; Se o per\u00edodo de afastamento for por tempo indeterminado, n\u00e3o preencha o campo \u201cdata de fim do afastamento\u201d;<br \/>&#8211; Click no bot\u00e3o Inserir<strong>.<\/strong><\/p>\n<p>\u00a0<\/p>\n<\/div>\n<\/div>\n","protected":false},"excerpt":{"rendered":"<p>Se o usu\u00e1rio perdeu um livro ou a carteira de usu\u00e1rio, como impedi-lo de pegar &hellip; <\/p>\n","protected":false},"author":1,"featured_media":0,"parent":0,"menu_order":0,"comment_status":"closed","ping_status":"closed","template":"","meta":{"om_disable_all_campaigns":false,"_monsterinsights_skip_tracking":false,"_monsterinsights_sitenote_active":false,"_monsterinsights_sitenote_note":"","_monsterinsights_sitenote_category":0,"_uf_show_specific_survey":0,"_uf_disable_surveys":false,"footnotes":""},"wppr_data":{"cwp_meta_box_check":"No"},"_links":{"self":[{"href":"https:\/\/www.bu.ufmg.br\/gcirculacao\/wp-json\/wp\/v2\/pages\/1090"}],"collection":[{"href":"https:\/\/www.bu.ufmg.br\/gcirculacao\/wp-json\/wp\/v2\/pages"}],"about":[{"href":"https:\/\/www.bu.ufmg.br\/gcirculacao\/wp-json\/wp\/v2\/types\/page"}],"author":[{"embeddable":true,"href":"https:\/\/www.bu.ufmg.br\/gcirculacao\/wp-json\/wp\/v2\/users\/1"}],"replies":[{"embeddable":true,"href":"https:\/\/www.bu.ufmg.br\/gcirculacao\/wp-json\/wp\/v2\/comments?post=1090"}],"version-history":[{"count":2,"href":"https:\/\/www.bu.ufmg.br\/gcirculacao\/wp-json\/wp\/v2\/pages\/1090\/revisions"}],"predecessor-version":[{"id":1172,"href":"https:\/\/www.bu.ufmg.br\/gcirculacao\/wp-json\/wp\/v2\/pages\/1090\/revisions\/1172"}],"wp:attachment":[{"href":"https:\/\/www.bu.ufmg.br\/gcirculacao\/wp-json\/wp\/v2\/media?parent=1090"}],"curies":[{"name":"wp","href":"https:\/\/api.w.org\/{rel}","templated":true}]}}