{"id":1088,"date":"2021-04-25T20:21:00","date_gmt":"2021-04-25T23:21:00","guid":{"rendered":"https:\/\/www.bu.ufmg.br\/gcirculacao\/?page_id=1088"},"modified":"2021-04-25T20:21:01","modified_gmt":"2021-04-25T23:21:01","slug":"faq-descontos","status":"publish","type":"page","link":"https:\/\/www.bu.ufmg.br\/gcirculacao\/faq-descontos\/","title":{"rendered":"FAQ &#8211; Descontos"},"content":{"rendered":"\n<h2 class=\"art-PostHeader\">Como aplicar descontos na multa de um usu\u00e1rio da biblioteca?<\/h2>\n<div class=\"art-PostHeaderIcons art-metadata-icons\"><span style=\"font-size: inherit;\">Apenas a chefia ou pessoa autorizada por ela tem permiss\u00e3o para realizar desconto.<\/span><\/div>\n<div class=\"art-PostContent\">\n<div class=\"art-article\">\n<p>Para isso, acesse\u00a0o m\u00f3dulo de &#8220;Circula\u00e7\u00e3o de Materiais&#8221;&gt; &#8220;Atualiza\u00e7\u00e3o de d\u00e9bitos&#8221; &gt; &#8220;Pagamento&#8221;.<\/p>\n<p>&#8211; Digite o c\u00f3digo do usu\u00e1rio, o sistema carregar\u00e1 os materiais em d\u00e9bito;<\/p>\n<p>&#8211; Selecione o d\u00e9bito a ser descontado;<\/p>\n<p>&#8211;\u00a0Na coluna \u201cDesconto\u201d, clique no \u00edcone em formato de l\u00e1pis e digite o desconto;<\/p>\n<p>&#8211;\u00a0Se for aplicar o desconto em mais de um d\u00e9bito, repita a opera\u00e7\u00e3o;<\/p>\n<p>&#8211; \u00a0Para concluir o pagamento , click no bot\u00e3o\u00a0\u201cPagamento\u201d.<\/p>\n<\/div>\n<\/div>\n","protected":false},"excerpt":{"rendered":"<p>Como aplicar descontos na multa de um usu\u00e1rio da biblioteca? Apenas a chefia ou pessoa &hellip; <\/p>\n","protected":false},"author":1,"featured_media":0,"parent":0,"menu_order":0,"comment_status":"closed","ping_status":"closed","template":"","meta":{"om_disable_all_campaigns":false,"_monsterinsights_skip_tracking":false,"_monsterinsights_sitenote_active":false,"_monsterinsights_sitenote_note":"","_monsterinsights_sitenote_category":0,"_uf_show_specific_survey":0,"_uf_disable_surveys":false,"footnotes":""},"wppr_data":{"cwp_meta_box_check":"No"},"_links":{"self":[{"href":"https:\/\/www.bu.ufmg.br\/gcirculacao\/wp-json\/wp\/v2\/pages\/1088"}],"collection":[{"href":"https:\/\/www.bu.ufmg.br\/gcirculacao\/wp-json\/wp\/v2\/pages"}],"about":[{"href":"https:\/\/www.bu.ufmg.br\/gcirculacao\/wp-json\/wp\/v2\/types\/page"}],"author":[{"embeddable":true,"href":"https:\/\/www.bu.ufmg.br\/gcirculacao\/wp-json\/wp\/v2\/users\/1"}],"replies":[{"embeddable":true,"href":"https:\/\/www.bu.ufmg.br\/gcirculacao\/wp-json\/wp\/v2\/comments?post=1088"}],"version-history":[{"count":1,"href":"https:\/\/www.bu.ufmg.br\/gcirculacao\/wp-json\/wp\/v2\/pages\/1088\/revisions"}],"predecessor-version":[{"id":1089,"href":"https:\/\/www.bu.ufmg.br\/gcirculacao\/wp-json\/wp\/v2\/pages\/1088\/revisions\/1089"}],"wp:attachment":[{"href":"https:\/\/www.bu.ufmg.br\/gcirculacao\/wp-json\/wp\/v2\/media?parent=1088"}],"curies":[{"name":"wp","href":"https:\/\/api.w.org\/{rel}","templated":true}]}}