{"id":1085,"date":"2021-04-25T20:18:18","date_gmt":"2021-04-25T23:18:18","guid":{"rendered":"https:\/\/www.bu.ufmg.br\/gcirculacao\/?page_id=1085"},"modified":"2021-04-25T20:18:19","modified_gmt":"2021-04-25T23:18:19","slug":"faq-historico-de-reservas","status":"publish","type":"page","link":"https:\/\/www.bu.ufmg.br\/gcirculacao\/faq-historico-de-reservas\/","title":{"rendered":"FAQ &#8211; Hist\u00f3rico de reservas"},"content":{"rendered":"\n<h2 class=\"art-PostHeader\">Como visualizar o hist\u00f3rico de reservas, empr\u00e9stimos e materiais pendentes de um aluno?<\/h2>\n<div class=\"art-PostContent\">\n<div class=\"art-article\">\n<p>No m\u00f3dulo \u201cCircula\u00e7\u00e3o de Materiais\u201d &gt; \u201cConsulta\u201d.<\/p>\n<p>&#8211; Clique na guia &#8220;Usu\u00e1rio&#8221;;<br \/>&#8211;\u00a0Digite o c\u00f3digo do usu\u00e1rio;<br \/>&#8211; Preencha a data de refer\u00eancia inicial e final;<br \/>&#8211; \u00a0No campo \u201cTipo da pesquisa&#8221;, selecione\u00a0a op\u00e7\u00e3o &#8220;Reserva\u201d;<br \/>&#8211; Clique no bot\u00e3o &#8220;Mostrar&#8221;<strong>.<\/strong><\/p>\n<\/div>\n<\/div>\n","protected":false},"excerpt":{"rendered":"<p>Como visualizar o hist\u00f3rico de reservas, empr\u00e9stimos e materiais pendentes de um aluno? No m\u00f3dulo &hellip; <\/p>\n","protected":false},"author":1,"featured_media":0,"parent":0,"menu_order":0,"comment_status":"closed","ping_status":"closed","template":"","meta":{"om_disable_all_campaigns":false,"_monsterinsights_skip_tracking":false,"_monsterinsights_sitenote_active":false,"_monsterinsights_sitenote_note":"","_monsterinsights_sitenote_category":0,"_uf_show_specific_survey":0,"_uf_disable_surveys":false,"footnotes":""},"wppr_data":{"cwp_meta_box_check":"No"},"_links":{"self":[{"href":"https:\/\/www.bu.ufmg.br\/gcirculacao\/wp-json\/wp\/v2\/pages\/1085"}],"collection":[{"href":"https:\/\/www.bu.ufmg.br\/gcirculacao\/wp-json\/wp\/v2\/pages"}],"about":[{"href":"https:\/\/www.bu.ufmg.br\/gcirculacao\/wp-json\/wp\/v2\/types\/page"}],"author":[{"embeddable":true,"href":"https:\/\/www.bu.ufmg.br\/gcirculacao\/wp-json\/wp\/v2\/users\/1"}],"replies":[{"embeddable":true,"href":"https:\/\/www.bu.ufmg.br\/gcirculacao\/wp-json\/wp\/v2\/comments?post=1085"}],"version-history":[{"count":1,"href":"https:\/\/www.bu.ufmg.br\/gcirculacao\/wp-json\/wp\/v2\/pages\/1085\/revisions"}],"predecessor-version":[{"id":1086,"href":"https:\/\/www.bu.ufmg.br\/gcirculacao\/wp-json\/wp\/v2\/pages\/1085\/revisions\/1086"}],"wp:attachment":[{"href":"https:\/\/www.bu.ufmg.br\/gcirculacao\/wp-json\/wp\/v2\/media?parent=1085"}],"curies":[{"name":"wp","href":"https:\/\/api.w.org\/{rel}","templated":true}]}}