{"id":1080,"date":"2021-04-25T20:01:21","date_gmt":"2021-04-25T23:01:21","guid":{"rendered":"https:\/\/www.bu.ufmg.br\/gcirculacao\/?page_id=1080"},"modified":"2021-04-25T20:01:21","modified_gmt":"2021-04-25T23:01:21","slug":"faq-material-liberado","status":"publish","type":"page","link":"https:\/\/www.bu.ufmg.br\/gcirculacao\/faq-material-liberado\/","title":{"rendered":"FAQ &#8211; Material liberado"},"content":{"rendered":"\n<h2 class=\"art-PostHeader\">O Portal de Seguran\u00e7a da minha biblioteca n\u00e3o est\u00e3o funcionando. Existe alguma forma r\u00e1pida de saber se o material do qual o aluno est\u00e1 de posse pode sair da biblioteca?<\/h2>\n<div class=\"art-PostContent\">\n<div class=\"art-article\">\n<p>Sim, existe.\u00a0Voc\u00ea pode verificar se o material est\u00e1 liberado para sair da bibliotecada seguinte forma: v\u00e1 no m\u00f3dulo \u201cCircula\u00e7\u00e3o de Materiais\u201d&gt;\u201dConsultas\u201d, na guia \u201cLibera\u00e7\u00e3o\u201d e informe o c\u00f3digo do exemplar. Se aparecer\u00a0 a mensagem \u201cLiberado\u201d, significa que o livro pode sair da biblioteca.<\/p>\n<\/div>\n<\/div>\n","protected":false},"excerpt":{"rendered":"<p>O Portal de Seguran\u00e7a da minha biblioteca n\u00e3o est\u00e3o funcionando. Existe alguma forma r\u00e1pida de &hellip; <\/p>\n","protected":false},"author":1,"featured_media":0,"parent":0,"menu_order":0,"comment_status":"closed","ping_status":"closed","template":"","meta":{"om_disable_all_campaigns":false,"_monsterinsights_skip_tracking":false,"_monsterinsights_sitenote_active":false,"_monsterinsights_sitenote_note":"","_monsterinsights_sitenote_category":0,"_uf_show_specific_survey":0,"_uf_disable_surveys":false,"footnotes":""},"wppr_data":{"cwp_meta_box_check":"No"},"_links":{"self":[{"href":"https:\/\/www.bu.ufmg.br\/gcirculacao\/wp-json\/wp\/v2\/pages\/1080"}],"collection":[{"href":"https:\/\/www.bu.ufmg.br\/gcirculacao\/wp-json\/wp\/v2\/pages"}],"about":[{"href":"https:\/\/www.bu.ufmg.br\/gcirculacao\/wp-json\/wp\/v2\/types\/page"}],"author":[{"embeddable":true,"href":"https:\/\/www.bu.ufmg.br\/gcirculacao\/wp-json\/wp\/v2\/users\/1"}],"replies":[{"embeddable":true,"href":"https:\/\/www.bu.ufmg.br\/gcirculacao\/wp-json\/wp\/v2\/comments?post=1080"}],"version-history":[{"count":1,"href":"https:\/\/www.bu.ufmg.br\/gcirculacao\/wp-json\/wp\/v2\/pages\/1080\/revisions"}],"predecessor-version":[{"id":1081,"href":"https:\/\/www.bu.ufmg.br\/gcirculacao\/wp-json\/wp\/v2\/pages\/1080\/revisions\/1081"}],"wp:attachment":[{"href":"https:\/\/www.bu.ufmg.br\/gcirculacao\/wp-json\/wp\/v2\/media?parent=1080"}],"curies":[{"name":"wp","href":"https:\/\/api.w.org\/{rel}","templated":true}]}}