{"id":1003,"date":"2021-04-20T22:41:56","date_gmt":"2021-04-21T01:41:56","guid":{"rendered":"https:\/\/www.bu.ufmg.br\/gcirculacao\/?page_id=1003"},"modified":"2023-08-24T17:59:20","modified_gmt":"2023-08-24T20:59:20","slug":"tutoriais-em-video","status":"publish","type":"page","link":"https:\/\/www.bu.ufmg.br\/gcirculacao\/tutoriais-em-video\/","title":{"rendered":"Tutoriais em v\u00eddeo"},"content":{"rendered":"\n<ul>\n<li class=\"title style-scope ytd-video-primary-info-renderer\"><a href=\"https:\/\/youtu.be\/4l-9ilKiZ9M\">Solicita\u00e7\u00e3o de Ficha Catalogr\u00e1fica &#8211; BU\/DITTI &#8211; UFMG<\/a>\n<ul>\n<li>Este tutorial ensina como fazer uma solicita\u00e7\u00e3o de ficha catalogr\u00e1fica para as bibliotecas utilizando o Pergamum<\/li>\n<\/ul>\n<\/li>\n<li>\n<p class=\"title style-scope ytd-video-primary-info-renderer\"><a href=\"https:\/\/youtu.be\/xX6KNpleemA\">Configura\u00e7\u00e3o Anual do Calend\u00e1rio no Pergamum &#8211; BU\/DITTI &#8211; UFMG<\/a><\/p>\n<ul>\n<li>Tutorial para configurar o calend\u00e1rio no sistema Pergamum<\/li>\n<\/ul>\n<\/li>\n<li>\n<p class=\"title style-scope ytd-video-primary-info-renderer\"><a href=\"https:\/\/youtu.be\/epOodPTOIjw\">Empr\u00e9stimo de F\u00e9rias Pergamum &#8211; BU\/DITTI &#8211; UFMG<\/a><\/p>\n<ul>\n<li>Este tutorial mostra como fazer a parametriza\u00e7\u00e3o do empr\u00e9stimo de f\u00e9rias, no calend\u00e1rio do Sistema Pergamum<\/li>\n<\/ul>\n<\/li>\n<li class=\"title style-scope ytd-video-primary-info-renderer\"><a href=\"https:\/\/www.youtube.com\/watch?v=FkDSkzjB2Uc\">Alterar Data de Devolu\u00e7\u00e3o de Materiais &#8211; Pergamum<\/a>\n<ul>\n<li>Este v\u00eddeo cont\u00e9m as instru\u00e7\u00f5es de como realizar a altera\u00e7\u00e3o de data de devolu\u00e7\u00e3o no sistema Pergamum<\/li>\n<\/ul>\n<\/li>\n<\/ul>\n<ul>\n<li><a href=\"https:\/\/youtu.be\/vPV1VKHvb6M\">Como acessar os e-books assinados pela UFMG &#8211;\u00a0 1<\/a>\n<ul>\n<li style=\"list-style-type: none;\">\n<ul>\n<li>S\u00e3o apresentadas as plataformas assinadas com as \u00e1reas de conhecimento que cada uma delas cobre. Tamb\u00e9m ser\u00e1 mostrado o passo a passo para acess\u00e1-las, bem como para fazer a busca por e-books dentro de cada uma delas e dentro do cat\u00e1logo on-line da UFMG.<\/li>\n<\/ul>\n<\/li>\n<\/ul>\n<\/li>\n<li><a href=\"https:\/\/youtu.be\/Ek0YqEpYVW4\">Como acessar os e-books assinados pela UFMG &#8211;\u00a0 2<\/a>\n<ul>\n<li>S\u00e3o apresentadas as plataformas assinadas com as \u00e1reas de conhecimento que cada uma delas cobre. Tamb\u00e9m ser\u00e1 mostrado o passo a passo para acess\u00e1-las, bem como para fazer a busca por e-books dentro de cada uma delas e dentro do cat\u00e1logo on-line da UFMG.<\/li>\n<\/ul>\n<\/li>\n<li class=\"title style-scope ytd-video-primary-info-renderer\"><a href=\"https:\/\/youtu.be\/GZ_7ikRVx0Y\">\u00c1rvore de Livros: o que \u00e9, quem pode acessar e como usar<\/a>\n<ul>\n<li>A \u00c1rvore de Livros \u00e9 a maior plataforma de leitura digital do Brasil. Conta com um acervo de mais de 30 mil obras de todo g\u00eanero liter\u00e1rio, al\u00e9m de um conte\u00fado jornais e revistas do pa\u00eds e de diversas partes do mundo. A plataforma foi assinada para atender a comunidade do Centro Pedag\u00f3gico e do Col\u00e9gio T\u00e9cnico da UFMG.\u00a0<\/li>\n<\/ul>\n<\/li>\n<li class=\"title style-scope ytd-video-primary-info-renderer\"><a href=\"https:\/\/youtu.be\/Bfn0heVXPCU\">Autoarquivamento de trabalhos acad\u00eamicos no Reposit\u00f3rio Institucional da UFMG<\/a>\n<ul>\n<li>O v\u00eddeo\u00a0 ilustra os processos de preenchimento dos metadados e dep\u00f3sito da vers\u00e3o final de teses, disserta\u00e7\u00f5es, monografias de especializa\u00e7\u00e3o e trabalhos de conclus\u00e3o de curso no RI-UFMG.<\/li>\n<\/ul>\n<\/li>\n<\/ul>\n","protected":false},"excerpt":{"rendered":"<p>Solicita\u00e7\u00e3o de Ficha Catalogr\u00e1fica &#8211; BU\/DITTI &#8211; UFMG Este tutorial ensina como fazer uma solicita\u00e7\u00e3o &hellip; <\/p>\n","protected":false},"author":1,"featured_media":0,"parent":0,"menu_order":0,"comment_status":"closed","ping_status":"closed","template":"","meta":{"om_disable_all_campaigns":false,"_monsterinsights_skip_tracking":false,"_monsterinsights_sitenote_active":false,"_monsterinsights_sitenote_note":"","_monsterinsights_sitenote_category":0,"_uf_show_specific_survey":0,"_uf_disable_surveys":false,"footnotes":""},"wppr_data":{"cwp_meta_box_check":"No"},"_links":{"self":[{"href":"https:\/\/www.bu.ufmg.br\/gcirculacao\/wp-json\/wp\/v2\/pages\/1003"}],"collection":[{"href":"https:\/\/www.bu.ufmg.br\/gcirculacao\/wp-json\/wp\/v2\/pages"}],"about":[{"href":"https:\/\/www.bu.ufmg.br\/gcirculacao\/wp-json\/wp\/v2\/types\/page"}],"author":[{"embeddable":true,"href":"https:\/\/www.bu.ufmg.br\/gcirculacao\/wp-json\/wp\/v2\/users\/1"}],"replies":[{"embeddable":true,"href":"https:\/\/www.bu.ufmg.br\/gcirculacao\/wp-json\/wp\/v2\/comments?post=1003"}],"version-history":[{"count":20,"href":"https:\/\/www.bu.ufmg.br\/gcirculacao\/wp-json\/wp\/v2\/pages\/1003\/revisions"}],"predecessor-version":[{"id":1297,"href":"https:\/\/www.bu.ufmg.br\/gcirculacao\/wp-json\/wp\/v2\/pages\/1003\/revisions\/1297"}],"wp:attachment":[{"href":"https:\/\/www.bu.ufmg.br\/gcirculacao\/wp-json\/wp\/v2\/media?parent=1003"}],"curies":[{"name":"wp","href":"https:\/\/api.w.org\/{rel}","templated":true}]}}