{"id":79,"date":"2017-01-19T22:51:20","date_gmt":"2017-01-19T22:51:20","guid":{"rendered":"https:\/\/www.bu.ufmg.br\/ditti\/?page_id=79"},"modified":"2021-12-01T02:07:32","modified_gmt":"2021-12-01T02:07:32","slug":"apoio-a-catalogacao","status":"publish","type":"page","link":"https:\/\/www.bu.ufmg.br\/ditti\/apoio-a-catalogacao\/","title":{"rendered":"Apoio \u00e0 Cataloga\u00e7\u00e3o"},"content":{"rendered":"<p><strong>Coordena\u00e7\u00e3o:<\/strong> Aline Alves de Almeida<\/p>\n<p><strong>Atividades:<\/strong><\/p>\n<ul>\n<li>Orienta\u00e7\u00e3o e esclarecimento de d\u00favidas relacionadas ao formato MARC e AACR2 por telefone e email;<\/li>\n<li>Acertos na base de dados Pergamum (bibliogr\u00e1fico e autoridades);<\/li>\n<li>Reuni\u00f5es (grupo de cataloga\u00e7\u00e3o; catalogadores do SB, etc.);<\/li>\n<li>Treinamentos internos;<\/li>\n<li>Invent\u00e1rio patrimonial de acervo do Setor, e demais atividades relacionadas \u00e0 tem\u00e1tica.<\/li>\n<\/ul>\n<p>&nbsp;<\/p>\n<p><strong>Ramal de telefone:<\/strong> 5503<br \/>\n<strong>Email:<\/strong> bu-ccq@ufmg.br<\/p>\n<p>Gentileza encaminhar todas as solicita\u00e7\u00f5es com c\u00f3pia para dir@bu.ufmg.br<\/p>\n","protected":false},"excerpt":{"rendered":"<p>Coordena\u00e7\u00e3o: Aline Alves de Almeida Atividades: Orienta\u00e7\u00e3o e esclarecimento de d\u00favidas relacionadas ao formato MARC e AACR2 por telefone e email; Acertos na base de dados Pergamum (bibliogr\u00e1fico e autoridades); &hellip; <\/p>\n","protected":false},"author":1,"featured_media":436,"parent":0,"menu_order":0,"comment_status":"closed","ping_status":"closed","template":"","meta":{"footnotes":""},"class_list":["post-79","page","type-page","status-publish","has-post-thumbnail","hentry"],"_links":{"self":[{"href":"https:\/\/www.bu.ufmg.br\/ditti\/wp-json\/wp\/v2\/pages\/79","targetHints":{"allow":["GET"]}}],"collection":[{"href":"https:\/\/www.bu.ufmg.br\/ditti\/wp-json\/wp\/v2\/pages"}],"about":[{"href":"https:\/\/www.bu.ufmg.br\/ditti\/wp-json\/wp\/v2\/types\/page"}],"author":[{"embeddable":true,"href":"https:\/\/www.bu.ufmg.br\/ditti\/wp-json\/wp\/v2\/users\/1"}],"replies":[{"embeddable":true,"href":"https:\/\/www.bu.ufmg.br\/ditti\/wp-json\/wp\/v2\/comments?post=79"}],"version-history":[{"count":6,"href":"https:\/\/www.bu.ufmg.br\/ditti\/wp-json\/wp\/v2\/pages\/79\/revisions"}],"predecessor-version":[{"id":540,"href":"https:\/\/www.bu.ufmg.br\/ditti\/wp-json\/wp\/v2\/pages\/79\/revisions\/540"}],"wp:featuredmedia":[{"embeddable":true,"href":"https:\/\/www.bu.ufmg.br\/ditti\/wp-json\/wp\/v2\/media\/436"}],"wp:attachment":[{"href":"https:\/\/www.bu.ufmg.br\/ditti\/wp-json\/wp\/v2\/media?parent=79"}],"curies":[{"name":"wp","href":"https:\/\/api.w.org\/{rel}","templated":true}]}}