{"id":70,"date":"2017-01-19T22:41:59","date_gmt":"2017-01-19T22:41:59","guid":{"rendered":"https:\/\/www.bu.ufmg.br\/ditti\/?page_id=70"},"modified":"2021-12-01T02:06:05","modified_gmt":"2021-12-01T02:06:05","slug":"inventario","status":"publish","type":"page","link":"https:\/\/www.bu.ufmg.br\/ditti\/inventario\/","title":{"rendered":"Invent\u00e1rio"},"content":{"rendered":"<p>&nbsp;<\/p>\n<ul>\n<li><span style=\"color: #003366;\"><a style=\"color: #003366;\" href=\"https:\/\/www.bu.ufmg.br\/ditti\/wp-content\/uploads\/2018\/01\/Processo_invent\u00e1rio_UFMG.pdf\" target=\"_blank\" rel=\"noopener noreferrer\"><span lang=\"pt-br\">Metodologia para o invent\u00e1rio no sistema Pergamum Web<\/span><\/a><\/span><\/li>\n<li><span style=\"color: #003366;\"><a style=\"color: #003366;\" href=\"https:\/\/www.bu.ufmg.br\/automacao\/inventario\/instrucoes_utilizar_coletor_opticon.PDF\">Instru\u00e7\u00f5es para leitura do acervo utilizando os coletores OPTICON<\/a><\/span><\/li>\n<li><span style=\"color: #003366;\"><a style=\"color: #003366;\" href=\"https:\/\/www.bu.ufmg.br\/automacao\/inventario\/instalacao_sicol.PDF\"> <span lang=\"pt-br\"> Instru\u00e7\u00f5es<\/span><\/a><span lang=\"pt-br\"><a style=\"color: #003366;\" href=\"https:\/\/www.bu.ufmg.br\/automacao\/inventario\/instalacao_sicol.PDF\"> para instala\u00e7\u00e3o do Programa Sicol<\/a><\/span><\/span><\/li>\n<li><span style=\"color: #003366;\"><a style=\"color: #003366;\" href=\"https:\/\/www.bu.ufmg.br\/automacao\/inventario\/rotina_utilizacao_palm.pdf\"> <span lang=\"pt-br\"> Instru\u00e7\u00f5es <\/span><\/a> <span lang=\"pt-br\"> <a style=\"color: #003366;\" href=\"https:\/\/www.bu.ufmg.br\/automacao\/inventario\/rotina_utilizacao_palm.pdf\">para leitura do acervo utilizando coletores de dados Sicol (antigo)<\/a><\/span><\/span><\/li>\n<\/ul>\n","protected":false},"excerpt":{"rendered":"<p>&nbsp; Metodologia para o invent\u00e1rio no sistema Pergamum Web Instru\u00e7\u00f5es para leitura do acervo utilizando os coletores OPTICON Instru\u00e7\u00f5es para instala\u00e7\u00e3o do Programa Sicol Instru\u00e7\u00f5es para leitura do acervo utilizando &hellip; <\/p>\n","protected":false},"author":1,"featured_media":436,"parent":0,"menu_order":0,"comment_status":"closed","ping_status":"closed","template":"","meta":{"footnotes":""},"class_list":["post-70","page","type-page","status-publish","has-post-thumbnail","hentry"],"_links":{"self":[{"href":"https:\/\/www.bu.ufmg.br\/ditti\/wp-json\/wp\/v2\/pages\/70","targetHints":{"allow":["GET"]}}],"collection":[{"href":"https:\/\/www.bu.ufmg.br\/ditti\/wp-json\/wp\/v2\/pages"}],"about":[{"href":"https:\/\/www.bu.ufmg.br\/ditti\/wp-json\/wp\/v2\/types\/page"}],"author":[{"embeddable":true,"href":"https:\/\/www.bu.ufmg.br\/ditti\/wp-json\/wp\/v2\/users\/1"}],"replies":[{"embeddable":true,"href":"https:\/\/www.bu.ufmg.br\/ditti\/wp-json\/wp\/v2\/comments?post=70"}],"version-history":[{"count":13,"href":"https:\/\/www.bu.ufmg.br\/ditti\/wp-json\/wp\/v2\/pages\/70\/revisions"}],"predecessor-version":[{"id":998,"href":"https:\/\/www.bu.ufmg.br\/ditti\/wp-json\/wp\/v2\/pages\/70\/revisions\/998"}],"wp:featuredmedia":[{"embeddable":true,"href":"https:\/\/www.bu.ufmg.br\/ditti\/wp-json\/wp\/v2\/media\/436"}],"wp:attachment":[{"href":"https:\/\/www.bu.ufmg.br\/ditti\/wp-json\/wp\/v2\/media?parent=70"}],"curies":[{"name":"wp","href":"https:\/\/api.w.org\/{rel}","templated":true}]}}