{"id":68,"date":"2017-01-19T22:41:33","date_gmt":"2017-01-19T22:41:33","guid":{"rendered":"https:\/\/www.bu.ufmg.br\/ditti\/?page_id=68"},"modified":"2021-12-01T02:04:09","modified_gmt":"2021-12-01T02:04:09","slug":"relatorios","status":"publish","type":"page","link":"https:\/\/www.bu.ufmg.br\/ditti\/relatorios\/","title":{"rendered":"Relat\u00f3rios"},"content":{"rendered":"<p>&nbsp;<\/p>\n<p><span style=\"font-size: 12pt; font-family: verdana, geneva, sans-serif;\"><strong><span style=\"color: #000000;\"><span style=\"color: #993300;\"><span lang=\"pt-br\" style=\"font-family: verdana, geneva, sans-serif;\"><b>\u2234\u00a0<\/b><\/span><span style=\"font-size: 10pt;\">Deprecia\u00e7\u00e3o<\/span><\/span><\/span><\/strong><\/span><\/p>\n<ul style=\"list-style-type: square;\">\n<li><span style=\"color: #000000; font-size: 10pt; font-family: verdana, geneva, sans-serif;\"><a style=\"color: #000000;\" href=\"https:\/\/www.bu.ufmg.br\/ditti\/wp-content\/uploads\/2018\/06\/comparar_resultado_deprecia\u00e7\u00e3o-web.pdf\" target=\"_blank\" rel=\"noopener noreferrer\">Como verificar o valor de aquisi\u00e7\u00e3o\u00a0\u00a0que constar\u00e1 no\u00a0 relat\u00f3rio de Deprecia\u00e7\u00e3o<\/a><\/span><\/li>\n<\/ul>\n<p><span style=\"font-size: 12pt; font-family: verdana, geneva, sans-serif;\"><strong><span style=\"color: #000000;\"><span style=\"color: #993300;\"><span lang=\"pt-br\" style=\"font-family: verdana, geneva, sans-serif;\"><b>\u2234 <\/b><\/span><span style=\"font-size: 10pt;\">Controle de multas<\/span><\/span><\/span><\/strong><\/span><\/p>\n<ul>\n<li><span style=\"color: #000000; font-size: 10pt; font-family: verdana, geneva, sans-serif;\"><a style=\"color: #000000;\" href=\"https:\/\/www.bu.ufmg.br\/ditti\/wp-content\/uploads\/2020\/03\/RELATORIO-PARA-CONTROLE-MULTAS-1.pdf\" target=\"_blank\" rel=\"noopener noreferrer\">Relat\u00f3rio para controle de multas recebidas<\/a><\/span><\/li>\n<\/ul>\n<p><span style=\"font-size: 12pt; font-family: verdana, geneva, sans-serif;\"><strong><span style=\"color: #000000;\"><span style=\"color: #993300;\"><span lang=\"pt-br\" style=\"font-family: verdana, geneva, sans-serif;\"><b><span style=\"font-size: 12pt;\">\u2234 <\/span><span style=\"font-size: 13.3333px;\">Relat\u00f3rios para o Coletar<\/span><\/b><\/span><\/span><\/span><\/strong><\/span><\/p>\n<ul>\n<li><a href=\"https:\/\/www.bu.ufmg.br\/ditti\/wp-content\/uploads\/2021\/08\/relatorios_Pergamum-para_Coletar-alterado-final.pdf\" target=\"_blank\" rel=\"noopener noreferrer\"><span style=\"color: #000000; font-size: 10pt; font-family: verdana, geneva, sans-serif;\">Sugest\u00f5es de relat\u00f3rios para inserir dados no sistema Coletar<\/span><\/a><\/li>\n<\/ul>\n<p><span style=\"font-size: 12pt; font-family: verdana, geneva, sans-serif;\"><strong><span style=\"color: #000000;\"><span style=\"color: #993300;\"><span lang=\"pt-br\" style=\"font-family: verdana, geneva, sans-serif;\"><b><span style=\"font-size: 13.3333px;\">\u00a0Coletar &#8211; Diagn\u00f3stico<\/span><\/b><\/span><\/span><\/span><\/strong><\/span><\/p>\n<ul>\n<li><span style=\"color: #000000; font-size: 10pt; font-family: verdana, geneva, sans-serif;\"><a style=\"color: #000000;\" href=\"https:\/\/www.bu.ufmg.br\/ditti\/wp-content\/uploads\/2021\/08\/Diagnostico-Coletar-relatorio-final.pdf\" target=\"_blank\" rel=\"noopener noreferrer\">Diagn\u00f3stico\u00a0 do Sistema Coletar<\/a>\u00a0<\/span><\/li>\n<\/ul>\n","protected":false},"excerpt":{"rendered":"<p>&nbsp; \u2234\u00a0Deprecia\u00e7\u00e3o Como verificar o valor de aquisi\u00e7\u00e3o\u00a0\u00a0que constar\u00e1 no\u00a0 relat\u00f3rio de Deprecia\u00e7\u00e3o \u2234 Controle de multas Relat\u00f3rio para controle de multas recebidas \u2234 Relat\u00f3rios para o Coletar Sugest\u00f5es de &hellip; <\/p>\n","protected":false},"author":1,"featured_media":436,"parent":0,"menu_order":0,"comment_status":"closed","ping_status":"closed","template":"","meta":{"footnotes":""},"class_list":["post-68","page","type-page","status-publish","has-post-thumbnail","hentry"],"_links":{"self":[{"href":"https:\/\/www.bu.ufmg.br\/ditti\/wp-json\/wp\/v2\/pages\/68","targetHints":{"allow":["GET"]}}],"collection":[{"href":"https:\/\/www.bu.ufmg.br\/ditti\/wp-json\/wp\/v2\/pages"}],"about":[{"href":"https:\/\/www.bu.ufmg.br\/ditti\/wp-json\/wp\/v2\/types\/page"}],"author":[{"embeddable":true,"href":"https:\/\/www.bu.ufmg.br\/ditti\/wp-json\/wp\/v2\/users\/1"}],"replies":[{"embeddable":true,"href":"https:\/\/www.bu.ufmg.br\/ditti\/wp-json\/wp\/v2\/comments?post=68"}],"version-history":[{"count":24,"href":"https:\/\/www.bu.ufmg.br\/ditti\/wp-json\/wp\/v2\/pages\/68\/revisions"}],"predecessor-version":[{"id":582,"href":"https:\/\/www.bu.ufmg.br\/ditti\/wp-json\/wp\/v2\/pages\/68\/revisions\/582"}],"wp:featuredmedia":[{"embeddable":true,"href":"https:\/\/www.bu.ufmg.br\/ditti\/wp-json\/wp\/v2\/media\/436"}],"wp:attachment":[{"href":"https:\/\/www.bu.ufmg.br\/ditti\/wp-json\/wp\/v2\/media?parent=68"}],"curies":[{"name":"wp","href":"https:\/\/api.w.org\/{rel}","templated":true}]}}