{"id":584,"date":"2021-11-30T23:26:16","date_gmt":"2021-11-30T23:26:16","guid":{"rendered":"https:\/\/www.bu.ufmg.br\/ditti\/?page_id=584"},"modified":"2021-12-01T00:44:54","modified_gmt":"2021-12-01T00:44:54","slug":"acesso-as-normas-tecnicas-da-abnt-target-gedweb","status":"publish","type":"page","link":"https:\/\/www.bu.ufmg.br\/ditti\/acesso-as-normas-tecnicas-da-abnt-target-gedweb\/","title":{"rendered":"Acesso as normas t\u00e9cnicas  da ABNT  (Target GEDWeb )"},"content":{"rendered":"<div class=\"gmail_quote\">\n<div>\n<div>\n<div>\n<div dir=\"ltr\">\n<div>\n<div><\/div>\n<\/div>\n<\/div>\n<\/div>\n<\/div>\n<\/div>\n<div>\n<div>\n<div>\n<div dir=\"ltr\">\n<div>\n<div>A UFMG adquiriu uma assinatura anual\u00a0 para acesso as normas t\u00e9cnicas da ABNT pela\u00a0 empresa TARGET GEDweb, a qual possui uma parceria com o\u00a0 sistema\u00a0 Pergamum.\u00a0 Com esta parceria \u00e9 poss\u00edvel acessar o documento completo das normas realizando uma consulta pelo cat\u00e1logo online do Sistema de Bibliotecas da UFMG .\u00a0 A pesquisa via cat\u00e1logo oferece\u00a0 maior visibilidade\u00a0 ao produto e\u00a0 amplia a possibilidade de acesso\u00a0 a toda comunidade UFMG.<\/div>\n<div><\/div>\n<\/div>\n<\/div>\n<\/div>\n<\/div>\n<\/div>\n<div>\n<div>\n<div>\n<div><\/div>\n<\/div>\n<\/div>\n<\/div>\n<div>\n<div>\n<div>\n<ul style=\"list-style-type: square;\">\n<li>Para saber como realizar pesquisa\u00a0 via sistema Pergamum , <a href=\"https:\/\/www.bu.ufmg.br\/ditti\/wp-content\/uploads\/2021\/11\/instrucoes-para-pesquisa-targetgedweb.pdf\">click aqui<\/a> e siga as instru\u00e7\u00f5es do tutorial.<\/li>\n<\/ul>\n<div><\/div>\n<ul style=\"list-style-type: square;\">\n<li>\u00c9 poss\u00edvel ver tamb\u00e9m no canal do Youtube do Pergamum um v\u00eddeo com as informa\u00e7\u00f5es de acesso e parceria com TARGET.\u00a0 <a href=\"https:\/\/youtu.be\/1x6LDcHFfgc\">Click aqui<\/a> para visualizar o v\u00eddeo.<\/li>\n<\/ul>\n<\/div>\n<\/div>\n<\/div>\n<div style=\"padding-left: 5px; border-left: black 2px solid; padding-right: 0px;\"><\/div>\n<\/div>\n<div><\/div>\n<div><\/div>\n","protected":false},"excerpt":{"rendered":"<p>A UFMG adquiriu uma assinatura anual\u00a0 para acesso as normas t\u00e9cnicas da ABNT pela\u00a0 empresa TARGET GEDweb, a qual possui uma parceria com o\u00a0 sistema\u00a0 Pergamum.\u00a0 Com esta parceria \u00e9 &hellip; <\/p>\n","protected":false},"author":1,"featured_media":436,"parent":0,"menu_order":0,"comment_status":"closed","ping_status":"closed","template":"","meta":{"footnotes":""},"class_list":["post-584","page","type-page","status-publish","has-post-thumbnail","hentry"],"_links":{"self":[{"href":"https:\/\/www.bu.ufmg.br\/ditti\/wp-json\/wp\/v2\/pages\/584","targetHints":{"allow":["GET"]}}],"collection":[{"href":"https:\/\/www.bu.ufmg.br\/ditti\/wp-json\/wp\/v2\/pages"}],"about":[{"href":"https:\/\/www.bu.ufmg.br\/ditti\/wp-json\/wp\/v2\/types\/page"}],"author":[{"embeddable":true,"href":"https:\/\/www.bu.ufmg.br\/ditti\/wp-json\/wp\/v2\/users\/1"}],"replies":[{"embeddable":true,"href":"https:\/\/www.bu.ufmg.br\/ditti\/wp-json\/wp\/v2\/comments?post=584"}],"version-history":[{"count":6,"href":"https:\/\/www.bu.ufmg.br\/ditti\/wp-json\/wp\/v2\/pages\/584\/revisions"}],"predecessor-version":[{"id":593,"href":"https:\/\/www.bu.ufmg.br\/ditti\/wp-json\/wp\/v2\/pages\/584\/revisions\/593"}],"wp:featuredmedia":[{"embeddable":true,"href":"https:\/\/www.bu.ufmg.br\/ditti\/wp-json\/wp\/v2\/media\/436"}],"wp:attachment":[{"href":"https:\/\/www.bu.ufmg.br\/ditti\/wp-json\/wp\/v2\/media?parent=584"}],"curies":[{"name":"wp","href":"https:\/\/api.w.org\/{rel}","templated":true}]}}