{"id":561,"date":"2020-08-22T00:14:00","date_gmt":"2020-08-22T00:14:00","guid":{"rendered":"https:\/\/www.bu.ufmg.br\/ditti\/?page_id=561"},"modified":"2021-12-01T02:02:50","modified_gmt":"2021-12-01T02:02:50","slug":"como-gerar-gru-pelo-acesso-usuario","status":"publish","type":"page","link":"https:\/\/www.bu.ufmg.br\/ditti\/como-gerar-gru-pelo-acesso-usuario\/","title":{"rendered":"Como gerar GRU  pelo Acesso Usu\u00e1rio"},"content":{"rendered":"<p style=\"text-align: center;\"><strong>Orienta\u00e7\u00f5es para os usu\u00e1rios gerarem\u00a0 GRU\u00a0 \u00a0pelo Pergamum<\/strong><\/p>\n<p>\u00a0 \u00a0 \u00a0 \u00a0 \u00a0 \u00a0 \u00a0 \u00a0 \u00a0 \u00a0 \u00a0 \u00a0 \u00a0 \u00a0 \u00a0 \u00a0 \u00a0 \u00a0 \u00a0 \u00a0 \u00a0 \u00a0 \u00a0 \u00a0 \u00a0 \u00a0 \u00a0 \u00a0 \u00a0 \u00a0 \u00a0 \u00a0 \u00a0 \u00a0 \u00a0 \u00a0 \u00a0 \u00a0 \u00a0 \u00a0 \u00a0 \u00a0 \u00a0 \u00a0 \u00a0 \u00a0 \u00a0 \u00a0 \u00a0 \u00a0 \u00a0 \u00a0 \u00a0 \u00a0 \u00a0 \u00a0 \u00a0 \u00a0 \u00a0 \u00a0 \u00a0 \u00a0 \u00a0 \u00a0 \u00a0 \u00a0 \u00a0 \u00a0 \u00a0 \u00a0 \u00a0 \u00a0 \u00a0 \u00a0 \u00a0 \u00a0 \u00a0 \u00a0 \u00a0 \u00a0 \u00a0 \u00a0 \u00a0 \u00a0 \u00a0 \u00a0 \u00a0 \u00a0 \u00a0 \u00a0 \u00a0 \u00a0 \u00a0 \u00a0 \u00a0 \u00a0<a href=\"https:\/\/www.bu.ufmg.br\/ditti\/wp-content\/uploads\/2020\/08\/Como-gerar-GRU-Acesso-Usuario.pdf\"><img loading=\"lazy\" decoding=\"async\" class=\"alignright\" src=\"https:\/\/www.bu.ufmg.br\/ditti\/wp-content\/uploads\/2020\/08\/pdf.png\" alt=\"\" width=\"33\" height=\"40\" \/><\/a><\/p>\n<ul style=\"list-style-type: square;\">\n<li>Na tela de pesquisa do Cat\u00e1logo Online, click em &#8220;Acesso Usu\u00e1rio&#8221;<\/li>\n<\/ul>\n<p><img decoding=\"async\" class=\"aligncenter\" src=\"https:\/\/www.bu.ufmg.br\/ditti\/wp-content\/uploads\/2020\/08\/tela-acesso-usuario.png\" \/><\/p>\n<ul style=\"list-style-type: square;\">\n<li>Informe seu Login e senha de usu\u00e1rio<\/li>\n<\/ul>\n<p><img decoding=\"async\" class=\"aligncenter\" src=\"https:\/\/www.bu.ufmg.br\/ditti\/wp-content\/uploads\/2020\/08\/tela-login.png\" alt=\"\" \/><\/p>\n<ul>\n<li>No menu de Servi\u00e7os, acesse Empr\u00e9stimo &gt; D\u00e9bito<\/li>\n<\/ul>\n<p><img decoding=\"async\" class=\"aligncenter\" src=\"https:\/\/www.bu.ufmg.br\/ditti\/wp-content\/uploads\/2020\/08\/menu-debito.png\" alt=\"\" \/><\/p>\n<p>&nbsp;<\/p>\n<ul>\n<li>Ser\u00e3o exibidos na tela os d\u00e9bitos pendentes para o usu\u00e1rio.<\/li>\n<\/ul>\n<p><img decoding=\"async\" class=\"aligncenter\" src=\"https:\/\/www.bu.ufmg.br\/ditti\/wp-content\/uploads\/2020\/08\/tela-GRU.png\" alt=\"\" \/><\/p>\n<p>&nbsp;<\/p>\n<ul>\n<li>Se os d\u00e9bitos forem de uma \u00fanica biblioteca \u00e9 poss\u00edvel gerar uma GRU \u00fanica para quita\u00e7\u00e3o.\u00a0 Caso contr\u00e1rio, clicar em cada d\u00e9bito para gerar a GRU para pagamento.<\/li>\n<\/ul>\n<p><img decoding=\"async\" class=\"aligncenter\" src=\"https:\/\/www.bu.ufmg.br\/ditti\/wp-content\/uploads\/2020\/08\/tela-gru-2.png\" alt=\"\" \/><\/p>\n<ul>\n<li>Ao clicar no bot\u00e3o o sistema automaticamente\u00a0 gera a GRU para pagamento<\/li>\n<\/ul>\n<p><img decoding=\"async\" src=\"https:\/\/www.bu.ufmg.br\/ditti\/wp-content\/uploads\/2020\/08\/tela-guia-gru.png\" alt=\"\" \/><\/p>\n","protected":false},"excerpt":{"rendered":"<p>Orienta\u00e7\u00f5es para os usu\u00e1rios gerarem\u00a0 GRU\u00a0 \u00a0pelo Pergamum \u00a0 \u00a0 \u00a0 \u00a0 \u00a0 \u00a0 \u00a0 \u00a0 \u00a0 \u00a0 \u00a0 \u00a0 \u00a0 \u00a0 \u00a0 \u00a0 \u00a0 \u00a0 \u00a0 \u00a0 \u00a0 \u00a0 &hellip; <\/p>\n","protected":false},"author":1,"featured_media":436,"parent":0,"menu_order":0,"comment_status":"closed","ping_status":"closed","template":"","meta":{"footnotes":""},"class_list":["post-561","page","type-page","status-publish","has-post-thumbnail","hentry"],"_links":{"self":[{"href":"https:\/\/www.bu.ufmg.br\/ditti\/wp-json\/wp\/v2\/pages\/561","targetHints":{"allow":["GET"]}}],"collection":[{"href":"https:\/\/www.bu.ufmg.br\/ditti\/wp-json\/wp\/v2\/pages"}],"about":[{"href":"https:\/\/www.bu.ufmg.br\/ditti\/wp-json\/wp\/v2\/types\/page"}],"author":[{"embeddable":true,"href":"https:\/\/www.bu.ufmg.br\/ditti\/wp-json\/wp\/v2\/users\/1"}],"replies":[{"embeddable":true,"href":"https:\/\/www.bu.ufmg.br\/ditti\/wp-json\/wp\/v2\/comments?post=561"}],"version-history":[{"count":3,"href":"https:\/\/www.bu.ufmg.br\/ditti\/wp-json\/wp\/v2\/pages\/561\/revisions"}],"predecessor-version":[{"id":575,"href":"https:\/\/www.bu.ufmg.br\/ditti\/wp-json\/wp\/v2\/pages\/561\/revisions\/575"}],"wp:featuredmedia":[{"embeddable":true,"href":"https:\/\/www.bu.ufmg.br\/ditti\/wp-json\/wp\/v2\/media\/436"}],"wp:attachment":[{"href":"https:\/\/www.bu.ufmg.br\/ditti\/wp-json\/wp\/v2\/media?parent=561"}],"curies":[{"name":"wp","href":"https:\/\/api.w.org\/{rel}","templated":true}]}}