{"id":552,"date":"2020-07-24T01:03:09","date_gmt":"2020-07-24T01:03:09","guid":{"rendered":"https:\/\/www.bu.ufmg.br\/ditti\/?page_id=552"},"modified":"2021-12-01T00:19:35","modified_gmt":"2021-12-01T00:19:35","slug":"solicitacao-de-emprestimo","status":"publish","type":"page","link":"https:\/\/www.bu.ufmg.br\/ditti\/solicitacao-de-emprestimo\/","title":{"rendered":"Solicita\u00e7\u00e3o de Empr\u00e9stimo"},"content":{"rendered":"<p style=\"text-align: center;\"><strong>Orienta\u00e7\u00f5es para o servi\u00e7o de Solicita\u00e7\u00e3o de Empr\u00e9stimo<\/strong><\/p>\n<p>&nbsp;<\/p>\n<p>\u00c9 poss\u00edvel , por meio do sistema Pergamum,\u00a0 possibilitar ao usu\u00e1rio fazer solicita\u00e7\u00e3o de empr\u00e9stimo a partir do resultado de uma consulta no cat\u00e1logo online.<\/p>\n<p>Para saber como realizar este procedimento, acesse o tutorial dispon\u00edvel\u00a0 \u00a0<a href=\"https:\/\/www.bu.ufmg.br\/ditti\/wp-content\/uploads\/2020\/07\/Solicitacao-emprestimo-instrucoes.pdf\">aqui.<\/a><\/p>\n<p><a href=\"https:\/\/www.bu.ufmg.br\/ditti\/solicitacao-emprestimo\/\"><img loading=\"lazy\" decoding=\"async\" class=\"aligncenter wp-image-555\" src=\"https:\/\/www.bu.ufmg.br\/ditti\/wp-content\/uploads\/2020\/07\/solicitacao-emprestimo-300x252.png\" alt=\"\" width=\"373\" height=\"313\" srcset=\"https:\/\/www.bu.ufmg.br\/ditti\/wp-content\/uploads\/2020\/07\/solicitacao-emprestimo-300x252.png 300w, https:\/\/www.bu.ufmg.br\/ditti\/wp-content\/uploads\/2020\/07\/solicitacao-emprestimo-700x589.png 700w, https:\/\/www.bu.ufmg.br\/ditti\/wp-content\/uploads\/2020\/07\/solicitacao-emprestimo-356x300.png 356w, https:\/\/www.bu.ufmg.br\/ditti\/wp-content\/uploads\/2020\/07\/solicitacao-emprestimo.png 745w\" sizes=\"auto, (max-width: 373px) 100vw, 373px\" \/><\/a><\/p>\n","protected":false},"excerpt":{"rendered":"<p>Orienta\u00e7\u00f5es para o servi\u00e7o de Solicita\u00e7\u00e3o de Empr\u00e9stimo &nbsp; \u00c9 poss\u00edvel , por meio do sistema Pergamum,\u00a0 possibilitar ao usu\u00e1rio fazer solicita\u00e7\u00e3o de empr\u00e9stimo a partir do resultado de uma &hellip; <\/p>\n","protected":false},"author":1,"featured_media":436,"parent":0,"menu_order":0,"comment_status":"closed","ping_status":"closed","template":"","meta":{"footnotes":""},"class_list":["post-552","page","type-page","status-publish","has-post-thumbnail","hentry"],"_links":{"self":[{"href":"https:\/\/www.bu.ufmg.br\/ditti\/wp-json\/wp\/v2\/pages\/552","targetHints":{"allow":["GET"]}}],"collection":[{"href":"https:\/\/www.bu.ufmg.br\/ditti\/wp-json\/wp\/v2\/pages"}],"about":[{"href":"https:\/\/www.bu.ufmg.br\/ditti\/wp-json\/wp\/v2\/types\/page"}],"author":[{"embeddable":true,"href":"https:\/\/www.bu.ufmg.br\/ditti\/wp-json\/wp\/v2\/users\/1"}],"replies":[{"embeddable":true,"href":"https:\/\/www.bu.ufmg.br\/ditti\/wp-json\/wp\/v2\/comments?post=552"}],"version-history":[{"count":3,"href":"https:\/\/www.bu.ufmg.br\/ditti\/wp-json\/wp\/v2\/pages\/552\/revisions"}],"predecessor-version":[{"id":558,"href":"https:\/\/www.bu.ufmg.br\/ditti\/wp-json\/wp\/v2\/pages\/552\/revisions\/558"}],"wp:featuredmedia":[{"embeddable":true,"href":"https:\/\/www.bu.ufmg.br\/ditti\/wp-json\/wp\/v2\/media\/436"}],"wp:attachment":[{"href":"https:\/\/www.bu.ufmg.br\/ditti\/wp-json\/wp\/v2\/media?parent=552"}],"curies":[{"name":"wp","href":"https:\/\/api.w.org\/{rel}","templated":true}]}}