{"id":542,"date":"2020-05-28T00:22:07","date_gmt":"2020-05-28T00:22:07","guid":{"rendered":"https:\/\/www.bu.ufmg.br\/ditti\/?page_id=542"},"modified":"2020-05-28T00:34:48","modified_gmt":"2020-05-28T00:34:48","slug":"tutoriais","status":"publish","type":"page","link":"https:\/\/www.bu.ufmg.br\/ditti\/tutoriais\/","title":{"rendered":"Tutoriais"},"content":{"rendered":"<h2><a href=\"https:\/\/www.bu.ufmg.br\/ditti\/suporte\/\"><img loading=\"lazy\" decoding=\"async\" class=\" wp-image-549 alignleft\" src=\"https:\/\/www.bu.ufmg.br\/ditti\/wp-content\/uploads\/2020\/05\/suporte.jpg\" alt=\"\" width=\"89\" height=\"80\" \/><\/a>Suporte Inform\u00e1tica<\/h2>\n<p>&nbsp;<\/p>\n<p>&nbsp;<\/p>\n<ul style=\"list-style-type: square;\">\n<li><a href=\"https:\/\/youtu.be\/AzE-yvYsmPk\">Como utilizar o sistema de Confer\u00eancia Web da RNP<\/a><\/li>\n<\/ul>\n<p>V\u00eddeo com instru\u00e7\u00f5es de como criar e acessar uma conferencia web<\/p>\n<p>&nbsp;<\/p>\n","protected":false},"excerpt":{"rendered":"<p>Suporte Inform\u00e1tica &nbsp; &nbsp; Como utilizar o sistema de Confer\u00eancia Web da RNP V\u00eddeo com instru\u00e7\u00f5es de como criar e acessar uma conferencia web &nbsp;<\/p>\n","protected":false},"author":1,"featured_media":0,"parent":0,"menu_order":0,"comment_status":"closed","ping_status":"closed","template":"","meta":{"footnotes":""},"class_list":["post-542","page","type-page","status-publish","hentry"],"_links":{"self":[{"href":"https:\/\/www.bu.ufmg.br\/ditti\/wp-json\/wp\/v2\/pages\/542","targetHints":{"allow":["GET"]}}],"collection":[{"href":"https:\/\/www.bu.ufmg.br\/ditti\/wp-json\/wp\/v2\/pages"}],"about":[{"href":"https:\/\/www.bu.ufmg.br\/ditti\/wp-json\/wp\/v2\/types\/page"}],"author":[{"embeddable":true,"href":"https:\/\/www.bu.ufmg.br\/ditti\/wp-json\/wp\/v2\/users\/1"}],"replies":[{"embeddable":true,"href":"https:\/\/www.bu.ufmg.br\/ditti\/wp-json\/wp\/v2\/comments?post=542"}],"version-history":[{"count":5,"href":"https:\/\/www.bu.ufmg.br\/ditti\/wp-json\/wp\/v2\/pages\/542\/revisions"}],"predecessor-version":[{"id":550,"href":"https:\/\/www.bu.ufmg.br\/ditti\/wp-json\/wp\/v2\/pages\/542\/revisions\/550"}],"wp:attachment":[{"href":"https:\/\/www.bu.ufmg.br\/ditti\/wp-json\/wp\/v2\/media?parent=542"}],"curies":[{"name":"wp","href":"https:\/\/api.w.org\/{rel}","templated":true}]}}