{"id":53,"date":"2017-01-19T22:17:24","date_gmt":"2017-01-19T22:17:24","guid":{"rendered":"https:\/\/www.bu.ufmg.br\/ditti\/?page_id=53"},"modified":"2017-01-19T22:22:34","modified_gmt":"2017-01-19T22:22:34","slug":"visita-tecnica","status":"publish","type":"page","link":"https:\/\/www.bu.ufmg.br\/ditti\/visita-tecnica\/","title":{"rendered":"Visita T\u00e9cnica"},"content":{"rendered":"<p style=\"text-align: center;\">\u00a0<\/p>\n<p>Para solicitar um atendimento \u00e0 Divis\u00e3o de Tratamento e Tecnologia da Informa\u00e7\u00e3o &#8211; (DITTI), \u00a0voc\u00ea dever\u00e1 acessar o sistema para gerenciamento de solicita\u00e7\u00f5es \u00a0&#8211; \u00a0RT \u00a0(Request Tracker).<\/p>\n<p>Este sistema permite identificar, acompanhar e documentar todo o processo percorrido para a resolu\u00e7\u00e3o de uma solicita\u00e7\u00e3o, bem como a situa\u00e7\u00e3o em que o mesmo se encontra.\u00a0<\/p>\n<p>O RT est\u00e1 dispon\u00edvel no endere\u00e7o \u00a0<a href=\"https:\/\/servicos.ufmg.br\/\">https:\/\/servicos.ufmg.br\/<\/a><\/p>\n<p>&nbsp;<\/p>\n<p>O acesso ser\u00e1 feito atrav\u00e9s \u00a0de uma interface web utilizando o login e a senha do Portal MinhaUFMG.<\/p>\n<p>Se voc\u00ea ainda n\u00e3o estiver cadastrado para acessar este sistema, envia email \u00e0 DITTI (bu-ditti@ufmg.br) solicitando cadastro.<\/p>\n<p>&nbsp;<\/p>\n<p>Para saber como utilizar o RT <a href=\"http:\/\/www.bu.ufmg.br\/ditti\/imagem\/rt.pdf\">clique aqui<\/a><\/p>\n","protected":false},"excerpt":{"rendered":"<p>\u00a0 Para solicitar um atendimento \u00e0 Divis\u00e3o de Tratamento e Tecnologia da Informa\u00e7\u00e3o &#8211; (DITTI), \u00a0voc\u00ea dever\u00e1 acessar o sistema para gerenciamento de solicita\u00e7\u00f5es \u00a0&#8211; \u00a0RT \u00a0(Request Tracker). Este sistema &hellip; <\/p>\n","protected":false},"author":1,"featured_media":0,"parent":0,"menu_order":0,"comment_status":"closed","ping_status":"closed","template":"","meta":{"footnotes":""},"class_list":["post-53","page","type-page","status-publish","hentry"],"_links":{"self":[{"href":"https:\/\/www.bu.ufmg.br\/ditti\/wp-json\/wp\/v2\/pages\/53","targetHints":{"allow":["GET"]}}],"collection":[{"href":"https:\/\/www.bu.ufmg.br\/ditti\/wp-json\/wp\/v2\/pages"}],"about":[{"href":"https:\/\/www.bu.ufmg.br\/ditti\/wp-json\/wp\/v2\/types\/page"}],"author":[{"embeddable":true,"href":"https:\/\/www.bu.ufmg.br\/ditti\/wp-json\/wp\/v2\/users\/1"}],"replies":[{"embeddable":true,"href":"https:\/\/www.bu.ufmg.br\/ditti\/wp-json\/wp\/v2\/comments?post=53"}],"version-history":[{"count":2,"href":"https:\/\/www.bu.ufmg.br\/ditti\/wp-json\/wp\/v2\/pages\/53\/revisions"}],"predecessor-version":[{"id":61,"href":"https:\/\/www.bu.ufmg.br\/ditti\/wp-json\/wp\/v2\/pages\/53\/revisions\/61"}],"wp:attachment":[{"href":"https:\/\/www.bu.ufmg.br\/ditti\/wp-json\/wp\/v2\/media?parent=53"}],"curies":[{"name":"wp","href":"https:\/\/api.w.org\/{rel}","templated":true}]}}