{"id":39,"date":"2017-01-11T21:16:39","date_gmt":"2017-01-11T21:16:39","guid":{"rendered":"https:\/\/www.bu.ufmg.br\/ditti\/?page_id=39"},"modified":"2022-08-18T22:32:03","modified_gmt":"2022-08-18T22:32:03","slug":"catalogacao","status":"publish","type":"page","link":"https:\/\/www.bu.ufmg.br\/ditti\/catalogacao\/","title":{"rendered":"Cataloga\u00e7\u00e3o"},"content":{"rendered":"<table id=\"AutoNumber1\" border=\"0\" width=\"95%\" cellspacing=\"0\" cellpadding=\"0\">\n<tbody>\n<tr>\n<td width=\"100%\"><span lang=\"pt-br\" style=\"font-family: verdana, geneva, sans-serif;\"><b>\u2234 <span style=\"font-size: 10pt; color: #993300;\">Cataloga\u00e7\u00e3o Geral<\/span><\/b><\/span><\/p>\n<ul type=\"square\">\n<li><span style=\"font-size: small; color: #000000; font-family: verdana, geneva, sans-serif;\"><span lang=\"pt-br\"><a style=\"color: #000000;\" href=\"https:\/\/www.bu.ufmg.br\/automacao\/catalogacao\/instr_export_rede_perg.PDF\" target=\"_blank\" rel=\"noopener noreferrer\">Instru\u00e7\u00f5es para realizar exporta\u00e7\u00e3o registros da Rede Pergamum<\/a><\/span><\/span><\/li>\n<li><span style=\"font-size: small; color: #000000; font-family: verdana, geneva, sans-serif;\"><span lang=\"pt-br\"><a style=\"color: #000000;\" href=\"https:\/\/www.bu.ufmg.br\/automacao\/catalogacao\/Inc_exepl_mat_adicional.pdf\">Rotina para inclus\u00e3o de material adicional<\/a><\/span><\/span><\/li>\n<li><span style=\"font-size: small; color: #000000; font-family: verdana, geneva, sans-serif;\"><span lang=\"pt-br\"><a style=\"color: #000000;\" href=\"https:\/\/www.bu.ufmg.br\/automacao\/catalogacao\/area_conhecimento.pdf\">Rotina de inclus\u00e3o de \u00e1rea de conhecimento e Unidade Organizacional<\/a><\/span><\/span><\/li>\n<\/ul>\n<p><span style=\"font-family: verdana, geneva, sans-serif; font-size: 10pt;\"><strong><b>\u2234<\/b><\/strong><span style=\"color: #993300;\">Transfer\u00eancia de Exemplar<\/span><\/span><\/p>\n<ul type=\"square\">\n<li><span style=\"color: #000000; font-family: verdana, geneva, sans-serif; font-size: 10pt;\"><a style=\"color: #000000;\" href=\"https:\/\/www.bu.ufmg.br\/ditti\/wp-content\/uploads\/2017\/05\/transfer-exemplar.pdf\" target=\"_blank\" rel=\"noopener noreferrer\">Transfer\u00eancia de exemplar para outra biblioteca<\/a><\/span><\/li>\n<\/ul>\n<p><span lang=\"pt-br\" style=\"font-family: verdana, geneva, sans-serif; font-size: small;\"><b>\u2234 <span style=\"color: #993300;\">Exporta\u00e7\u00e3o dados CCN<\/span><\/b><\/span><\/p>\n<ul>\n<li><a href=\"https:\/\/www.bu.ufmg.br\/ditti\/wp-content\/uploads\/2018\/05\/instrucoes-exportar-dados-ccn.pdf\"><span lang=\"pt-br\" style=\"color: #000000; font-size: small; font-family: verdana, geneva, sans-serif;\">Instru\u00e7\u00f5es para exportar dados CCN<\/span><\/a><\/li>\n<li><a href=\"https:\/\/www.bu.ufmg.br\/ditti\/wp-content\/uploads\/2018\/05\/Orientacoes-Colecao-Kardex__pergamum.pdf\"><span lang=\"pt-br\" style=\"color: #000000; font-size: small; font-family: verdana, geneva, sans-serif;\">Instru\u00e7\u00f5es para preenchimento kardex para exporta\u00e7\u00e3o dados CCN<\/span><\/a><\/li>\n<li><a href=\"https:\/\/www.bu.ufmg.br\/ditti\/wp-content\/uploads\/2022\/08\/Anexo-IV-Normas-de-Transcricao-versao-preliminar-2018.pdf\"><span lang=\"pt-br\" style=\"color: #000000; font-size: small; font-family: verdana, geneva, sans-serif;\">Manual de instru\u00e7\u00f5es do CCN para transcri\u00e7\u00e3o de Cole\u00e7\u00e3o<\/span><\/a><\/li>\n<\/ul>\n<p><span lang=\"pt-br\" style=\"font-family: verdana, geneva, sans-serif; font-size: small;\"><b>\u2234 <span style=\"color: #993300;\">Acessibilidade<\/span><\/b><\/span><\/p>\n<ul>\n<li><span lang=\"pt-br\" style=\"font-family: verdana, geneva, sans-serif; font-size: small;\"><a href=\"https:\/\/www.bu.ufmg.br\/automacao\/catalogacao\/instrucoes_acessibilidade.pdf\"><span style=\"color: #000000;\">Instru\u00e7\u00f5es para utiliza\u00e7\u00e3o do recurso de Acessibilidade<\/span><\/a><\/span><\/li>\n<\/ul>\n<p><b><\/b><span style=\"font-family: verdana, geneva, sans-serif;\"><strong><b>\u2234<span style=\"color: #993300;\">\u00a0<\/span><\/b><\/strong><span style=\"font-size: 10pt; color: #993300;\">R<\/span><span style=\"font-size: 10pt; color: #993300;\">elat\u00f3rios de Cataloga\u00e7\u00e3o<\/span><\/span><\/p>\n<ul type=\"square\">\n<li><span lang=\"pt-br\" style=\"color: #000000; font-family: verdana, geneva, sans-serif; font-size: 10pt;\"><a style=\"color: #000000;\" href=\"https:\/\/www.bu.ufmg.br\/automacao\/catalogacao\/Relat_mec.pdf\">Rotina para gerar relat\u00f3rio para MEC<\/a><\/span><\/li>\n<\/ul>\n<p><span style=\"font-family: verdana, geneva, sans-serif;\">\u00a0<\/span><\/td>\n<\/tr>\n<\/tbody>\n<\/table>\n","protected":false},"excerpt":{"rendered":"<p>\u2234 Cataloga\u00e7\u00e3o Geral Instru\u00e7\u00f5es para realizar exporta\u00e7\u00e3o registros da Rede Pergamum Rotina para inclus\u00e3o de material adicional Rotina de inclus\u00e3o de \u00e1rea de conhecimento e Unidade Organizacional \u2234Transfer\u00eancia de Exemplar &hellip; <\/p>\n","protected":false},"author":1,"featured_media":436,"parent":0,"menu_order":0,"comment_status":"closed","ping_status":"closed","template":"","meta":{"footnotes":""},"class_list":["post-39","page","type-page","status-publish","has-post-thumbnail","hentry"],"_links":{"self":[{"href":"https:\/\/www.bu.ufmg.br\/ditti\/wp-json\/wp\/v2\/pages\/39","targetHints":{"allow":["GET"]}}],"collection":[{"href":"https:\/\/www.bu.ufmg.br\/ditti\/wp-json\/wp\/v2\/pages"}],"about":[{"href":"https:\/\/www.bu.ufmg.br\/ditti\/wp-json\/wp\/v2\/types\/page"}],"author":[{"embeddable":true,"href":"https:\/\/www.bu.ufmg.br\/ditti\/wp-json\/wp\/v2\/users\/1"}],"replies":[{"embeddable":true,"href":"https:\/\/www.bu.ufmg.br\/ditti\/wp-json\/wp\/v2\/comments?post=39"}],"version-history":[{"count":25,"href":"https:\/\/www.bu.ufmg.br\/ditti\/wp-json\/wp\/v2\/pages\/39\/revisions"}],"predecessor-version":[{"id":636,"href":"https:\/\/www.bu.ufmg.br\/ditti\/wp-json\/wp\/v2\/pages\/39\/revisions\/636"}],"wp:featuredmedia":[{"embeddable":true,"href":"https:\/\/www.bu.ufmg.br\/ditti\/wp-json\/wp\/v2\/media\/436"}],"wp:attachment":[{"href":"https:\/\/www.bu.ufmg.br\/ditti\/wp-json\/wp\/v2\/media?parent=39"}],"curies":[{"name":"wp","href":"https:\/\/api.w.org\/{rel}","templated":true}]}}