{"id":37,"date":"2017-01-11T21:15:27","date_gmt":"2017-01-11T21:15:27","guid":{"rendered":"https:\/\/www.bu.ufmg.br\/ditti\/?page_id=37"},"modified":"2018-11-28T11:51:35","modified_gmt":"2018-11-28T11:51:35","slug":"circulacao","status":"publish","type":"page","link":"https:\/\/www.bu.ufmg.br\/ditti\/circulacao\/","title":{"rendered":"Circula\u00e7\u00e3o"},"content":{"rendered":"\n<p>Este m\u00f3dulo tem por objetivo fornecer o controle dos processos de Circula\u00e7\u00e3o dos Materiais tais como empr\u00e9stimos, devolu\u00e7\u00f5es, renova\u00e7\u00f5es, controle de reservas, atualiza\u00e7\u00e3o de d\u00e9bitos, servi\u00e7os, etc.<\/p>\n\n\n\n<h2 class=\"wp-block-heading\"><a href=\"https:\/\/www.bu.ufmg.br\/ditti\/emprestimo\/\">Empr\u00e9stimo<\/a><\/h2>\n","protected":false},"excerpt":{"rendered":"<p>Este m\u00f3dulo tem por objetivo fornecer o controle dos processos de Circula\u00e7\u00e3o dos Materiais tais como empr\u00e9stimos, devolu\u00e7\u00f5es, renova\u00e7\u00f5es, controle de reservas, atualiza\u00e7\u00e3o de d\u00e9bitos, servi\u00e7os, etc. Empr\u00e9stimo<\/p>\n","protected":false},"author":1,"featured_media":0,"parent":0,"menu_order":0,"comment_status":"closed","ping_status":"closed","template":"","meta":{"footnotes":""},"class_list":["post-37","page","type-page","status-publish","hentry"],"_links":{"self":[{"href":"https:\/\/www.bu.ufmg.br\/ditti\/wp-json\/wp\/v2\/pages\/37","targetHints":{"allow":["GET"]}}],"collection":[{"href":"https:\/\/www.bu.ufmg.br\/ditti\/wp-json\/wp\/v2\/pages"}],"about":[{"href":"https:\/\/www.bu.ufmg.br\/ditti\/wp-json\/wp\/v2\/types\/page"}],"author":[{"embeddable":true,"href":"https:\/\/www.bu.ufmg.br\/ditti\/wp-json\/wp\/v2\/users\/1"}],"replies":[{"embeddable":true,"href":"https:\/\/www.bu.ufmg.br\/ditti\/wp-json\/wp\/v2\/comments?post=37"}],"version-history":[{"count":32,"href":"https:\/\/www.bu.ufmg.br\/ditti\/wp-json\/wp\/v2\/pages\/37\/revisions"}],"predecessor-version":[{"id":344,"href":"https:\/\/www.bu.ufmg.br\/ditti\/wp-json\/wp\/v2\/pages\/37\/revisions\/344"}],"wp:attachment":[{"href":"https:\/\/www.bu.ufmg.br\/ditti\/wp-json\/wp\/v2\/media?parent=37"}],"curies":[{"name":"wp","href":"https:\/\/api.w.org\/{rel}","templated":true}]}}