{"id":34,"date":"2017-01-11T21:09:02","date_gmt":"2017-01-11T21:09:02","guid":{"rendered":"https:\/\/www.bu.ufmg.br\/ditti\/?page_id=34"},"modified":"2024-08-16T13:13:31","modified_gmt":"2024-08-16T13:13:31","slug":"equipe","status":"publish","type":"page","link":"https:\/\/www.bu.ufmg.br\/ditti\/equipe\/","title":{"rendered":"Equipe"},"content":{"rendered":"<p><strong>Setor de Tecnologia da Informa\u00e7\u00e3o<br \/>\n<\/strong>Jacqueline Pawlowski Oliveira<\/p>\n<p><strong>Contatos:<br \/>\n<\/strong>Tel. 3409-4619<br \/>\n<a href=\"mailto:ditti@bu.ufmg.br\">ditti@bu.ufmg.br<\/a><\/p>\n<p><strong>Setor de Apoio \u00e0 Cataloga\u00e7\u00e3o<\/strong><br \/>\nAline Alves de Almeida<\/p>\n<p><strong>Contatos:<\/strong><br \/>\nTel.\u00a03409-5503<br \/>\n<a href=\"mailto:ccq@bu.ufmg.br\">ccq@bu.ufmg.br<\/a><\/p>\n<p><u><strong>Setor de Suporte de Hardware e Redes<\/strong><\/u><br \/>\nFelipe Cardoso Gon\u00e7alves Ferreira<br \/>\nRafael Quirino<\/p>\n<p>Tel. 3409-4618<br \/>\n<a href=\"mailto:bu-suporte@ufmg.br\">bu-suporte@ufmg.br<\/a><\/p>\n","protected":false},"excerpt":{"rendered":"<p>Setor de Tecnologia da Informa\u00e7\u00e3o Jacqueline Pawlowski Oliveira Contatos: Tel. 3409-4619 ditti@bu.ufmg.br Setor de Apoio \u00e0 Cataloga\u00e7\u00e3o Aline Alves de Almeida Contatos: Tel.\u00a03409-5503 ccq@bu.ufmg.br Setor de Suporte de Hardware e &hellip; <\/p>\n","protected":false},"author":1,"featured_media":0,"parent":0,"menu_order":0,"comment_status":"closed","ping_status":"closed","template":"","meta":{"footnotes":""},"class_list":["post-34","page","type-page","status-publish","hentry"],"_links":{"self":[{"href":"https:\/\/www.bu.ufmg.br\/ditti\/wp-json\/wp\/v2\/pages\/34","targetHints":{"allow":["GET"]}}],"collection":[{"href":"https:\/\/www.bu.ufmg.br\/ditti\/wp-json\/wp\/v2\/pages"}],"about":[{"href":"https:\/\/www.bu.ufmg.br\/ditti\/wp-json\/wp\/v2\/types\/page"}],"author":[{"embeddable":true,"href":"https:\/\/www.bu.ufmg.br\/ditti\/wp-json\/wp\/v2\/users\/1"}],"replies":[{"embeddable":true,"href":"https:\/\/www.bu.ufmg.br\/ditti\/wp-json\/wp\/v2\/comments?post=34"}],"version-history":[{"count":9,"href":"https:\/\/www.bu.ufmg.br\/ditti\/wp-json\/wp\/v2\/pages\/34\/revisions"}],"predecessor-version":[{"id":993,"href":"https:\/\/www.bu.ufmg.br\/ditti\/wp-json\/wp\/v2\/pages\/34\/revisions\/993"}],"wp:attachment":[{"href":"https:\/\/www.bu.ufmg.br\/ditti\/wp-json\/wp\/v2\/media?parent=34"}],"curies":[{"name":"wp","href":"https:\/\/api.w.org\/{rel}","templated":true}]}}