{"id":328,"date":"2018-11-28T11:26:12","date_gmt":"2018-11-28T11:26:12","guid":{"rendered":"https:\/\/www.bu.ufmg.br\/ditti\/?page_id=328"},"modified":"2021-12-01T01:56:34","modified_gmt":"2021-12-01T01:56:34","slug":"emprestimo","status":"publish","type":"page","link":"https:\/\/www.bu.ufmg.br\/ditti\/emprestimo\/","title":{"rendered":"Empr\u00e9stimo \/ Devolu\u00e7\u00e3o"},"content":{"rendered":"\r\n<p>&nbsp;<\/p>\r\n\r\n\r\n\r\n<p><strong>Altera\u00e7\u00e3o de data de devolu\u00e7\u00e3o<\/strong><\/p>\r\n\r\n\r\n\r\n<p>Em algumas situa\u00e7\u00f5es \u00e9 necess\u00e1rio trocar a data de devolu\u00e7\u00e3o dos materiais de uma data previamente definida, pelo sistema, para uma outra data. Este procedimento \u00e9 realizado no Pergamum por meio da tela <br \/>&gt;&gt; CIRCULA\u00c7\u00c3O DE MATERIAIS\u00a0\u00bb\u00a0Altera\u00e7\u00e3o de prazo\u00a0\u00bb\u00a0<strong>Por data.\u00a0<\/strong>\u00a0Ou<strong>\u00a0por\u00a0exemplar<\/strong>\u00a0quando\u00a0for\u00a0o\u00a0caso.<strong>\u00a0<\/strong><\/p>\r\n\r\n\r\n\r\n<figure class=\"wp-block-image\"><img loading=\"lazy\" decoding=\"async\" width=\"700\" height=\"274\" class=\"wp-image-376\" src=\"https:\/\/www.bu.ufmg.br\/ditti\/wp-content\/uploads\/2019\/01\/alterar-data-devolucao-700x274.jpg\" alt=\"\" srcset=\"https:\/\/www.bu.ufmg.br\/ditti\/wp-content\/uploads\/2019\/01\/alterar-data-devolucao-700x274.jpg 700w, https:\/\/www.bu.ufmg.br\/ditti\/wp-content\/uploads\/2019\/01\/alterar-data-devolucao-300x117.jpg 300w, https:\/\/www.bu.ufmg.br\/ditti\/wp-content\/uploads\/2019\/01\/alterar-data-devolucao-768x300.jpg 768w, https:\/\/www.bu.ufmg.br\/ditti\/wp-content\/uploads\/2019\/01\/alterar-data-devolucao.jpg 846w\" sizes=\"auto, (max-width: 700px) 100vw, 700px\" \/><\/figure>\r\n\r\n\r\n\r\n<p>Para saber como realizar este procedimento no Pergamum, <a href=\"https:\/\/youtu.be\/rLr8x4swzhI\">Clique aqui<\/a> para assistir o v\u00eddeo com as instru\u00e7\u00f5es<\/p>\r\n","protected":false},"excerpt":{"rendered":"<p>&nbsp; Altera\u00e7\u00e3o de data de devolu\u00e7\u00e3o Em algumas situa\u00e7\u00f5es \u00e9 necess\u00e1rio trocar a data de devolu\u00e7\u00e3o dos materiais de uma data previamente definida, pelo sistema, para uma outra data. Este &hellip; <\/p>\n","protected":false},"author":1,"featured_media":436,"parent":0,"menu_order":0,"comment_status":"closed","ping_status":"closed","template":"","meta":{"footnotes":""},"class_list":["post-328","page","type-page","status-publish","has-post-thumbnail","hentry"],"_links":{"self":[{"href":"https:\/\/www.bu.ufmg.br\/ditti\/wp-json\/wp\/v2\/pages\/328","targetHints":{"allow":["GET"]}}],"collection":[{"href":"https:\/\/www.bu.ufmg.br\/ditti\/wp-json\/wp\/v2\/pages"}],"about":[{"href":"https:\/\/www.bu.ufmg.br\/ditti\/wp-json\/wp\/v2\/types\/page"}],"author":[{"embeddable":true,"href":"https:\/\/www.bu.ufmg.br\/ditti\/wp-json\/wp\/v2\/users\/1"}],"replies":[{"embeddable":true,"href":"https:\/\/www.bu.ufmg.br\/ditti\/wp-json\/wp\/v2\/comments?post=328"}],"version-history":[{"count":15,"href":"https:\/\/www.bu.ufmg.br\/ditti\/wp-json\/wp\/v2\/pages\/328\/revisions"}],"predecessor-version":[{"id":613,"href":"https:\/\/www.bu.ufmg.br\/ditti\/wp-json\/wp\/v2\/pages\/328\/revisions\/613"}],"wp:featuredmedia":[{"embeddable":true,"href":"https:\/\/www.bu.ufmg.br\/ditti\/wp-json\/wp\/v2\/media\/436"}],"wp:attachment":[{"href":"https:\/\/www.bu.ufmg.br\/ditti\/wp-json\/wp\/v2\/media?parent=328"}],"curies":[{"name":"wp","href":"https:\/\/api.w.org\/{rel}","templated":true}]}}