{"id":309,"date":"2018-11-16T22:42:31","date_gmt":"2018-11-16T22:42:31","guid":{"rendered":"https:\/\/www.bu.ufmg.br\/ditti\/?page_id=309"},"modified":"2021-12-01T01:55:47","modified_gmt":"2021-12-01T01:55:47","slug":"calendario","status":"publish","type":"page","link":"https:\/\/www.bu.ufmg.br\/ditti\/calendario\/","title":{"rendered":"Calend\u00e1rio"},"content":{"rendered":"\r\n<p style=\"text-align: left;\">\u00c9 a partir do calend\u00e1rio, que o sistema Pergamum gerencia as datas de Empr\u00e9stimo\/Devolu\u00e7\u00e3o, Cobran\u00e7a de Multas, Gerenciamento da fila de Reservas e tamb\u00e9m os dias de funcionamento da biblioteca. \u00c9 por meio da tela do calend\u00e1rio que o sistema permite que cada unidade de informa\u00e7\u00e3o configure seu calend\u00e1rio de acordo com os feriados locais.<\/p>\r\n\r\n\r\n\r\n<p>&nbsp;<\/p>\r\n\r\n\r\n\r\n<div class=\"wp-block-image\">\r\n<figure class=\"aligncenter\"><img loading=\"lazy\" decoding=\"async\" width=\"700\" height=\"337\" class=\"wp-image-373\" src=\"https:\/\/www.bu.ufmg.br\/ditti\/wp-content\/uploads\/2019\/01\/calend\u00e1rio-3-700x337.jpg\" alt=\"\" srcset=\"https:\/\/www.bu.ufmg.br\/ditti\/wp-content\/uploads\/2019\/01\/calend\u00e1rio-3-700x337.jpg 700w, https:\/\/www.bu.ufmg.br\/ditti\/wp-content\/uploads\/2019\/01\/calend\u00e1rio-3-300x145.jpg 300w, https:\/\/www.bu.ufmg.br\/ditti\/wp-content\/uploads\/2019\/01\/calend\u00e1rio-3-768x370.jpg 768w, https:\/\/www.bu.ufmg.br\/ditti\/wp-content\/uploads\/2019\/01\/calend\u00e1rio-3.jpg 793w\" sizes=\"auto, (max-width: 700px) 100vw, 700px\" \/><\/figure>\r\n<\/div>\r\n\r\n\r\n\r\n<p>&nbsp;<\/p>\r\n\r\n\r\n\r\n<p><strong>CONFIGURA\u00c7\u00c3O DO CALEND\u00c1RIO ANUAL<\/strong><\/p>\r\n\r\n\r\n\r\n<p>Quer saber como configurar o calend\u00e1rio anual no Pergamum para sua biblioteca? Assista o tutorial dispon\u00edvel<a href=\"https:\/\/youtu.be\/cE9LSyZCF1A\"> aqui <\/a><\/p>\r\n\r\n\r\n\r\n<p>&nbsp;<\/p>\r\n\r\n\r\n\r\n<p><strong>INSTRU\u00c7\u00d5ES PARA PARAMETRIZAR O EMPR\u00c9STIMO DE F\u00c9RIAS<\/strong><\/p>\r\n\r\n\r\n\r\n<p>A cada per\u00edodo de f\u00e9rias escolares na UFMG \u00e9 necess\u00e1rio realizar a parametriza\u00e7\u00e3o do empr\u00e9stimo de f\u00e9rias no calend\u00e1rio do Pergamum.<\/p>\r\n\r\n\r\n\r\n<p>&nbsp;<\/p>\r\n\r\n\r\n\r\n<p><a href=\"https:\/\/www.youtube.com\/watch?v=epOodPTOIjw&amp;t=36s\">Clique aqui<\/a> para assistir o v\u00eddeo com um tutorial para realizar a parametriza\u00e7\u00e3o do calend\u00e1rio<\/p>\r\n\r\n\r\n\r\n<p>&nbsp;<\/p>\r\n","protected":false},"excerpt":{"rendered":"<p>\u00c9 a partir do calend\u00e1rio, que o sistema Pergamum gerencia as datas de Empr\u00e9stimo\/Devolu\u00e7\u00e3o, Cobran\u00e7a de Multas, Gerenciamento da fila de Reservas e tamb\u00e9m os dias de funcionamento da biblioteca. &hellip; <\/p>\n","protected":false},"author":1,"featured_media":436,"parent":0,"menu_order":0,"comment_status":"closed","ping_status":"closed","template":"","meta":{"footnotes":""},"class_list":["post-309","page","type-page","status-publish","has-post-thumbnail","hentry"],"_links":{"self":[{"href":"https:\/\/www.bu.ufmg.br\/ditti\/wp-json\/wp\/v2\/pages\/309","targetHints":{"allow":["GET"]}}],"collection":[{"href":"https:\/\/www.bu.ufmg.br\/ditti\/wp-json\/wp\/v2\/pages"}],"about":[{"href":"https:\/\/www.bu.ufmg.br\/ditti\/wp-json\/wp\/v2\/types\/page"}],"author":[{"embeddable":true,"href":"https:\/\/www.bu.ufmg.br\/ditti\/wp-json\/wp\/v2\/users\/1"}],"replies":[{"embeddable":true,"href":"https:\/\/www.bu.ufmg.br\/ditti\/wp-json\/wp\/v2\/comments?post=309"}],"version-history":[{"count":4,"href":"https:\/\/www.bu.ufmg.br\/ditti\/wp-json\/wp\/v2\/pages\/309\/revisions"}],"predecessor-version":[{"id":612,"href":"https:\/\/www.bu.ufmg.br\/ditti\/wp-json\/wp\/v2\/pages\/309\/revisions\/612"}],"wp:featuredmedia":[{"embeddable":true,"href":"https:\/\/www.bu.ufmg.br\/ditti\/wp-json\/wp\/v2\/media\/436"}],"wp:attachment":[{"href":"https:\/\/www.bu.ufmg.br\/ditti\/wp-json\/wp\/v2\/media?parent=309"}],"curies":[{"name":"wp","href":"https:\/\/api.w.org\/{rel}","templated":true}]}}