{"id":2,"date":"2016-05-12T19:36:09","date_gmt":"2016-05-12T19:36:09","guid":{"rendered":"https:\/\/www.bu.ufmg.br\/ditti\/?page_id=2"},"modified":"2022-08-19T22:23:40","modified_gmt":"2022-08-19T22:23:40","slug":"sample-page","status":"publish","type":"page","link":"https:\/\/www.bu.ufmg.br\/ditti\/","title":{"rendered":"Pagina inicial"},"content":{"rendered":"<p class=\"h-pageTitle-textbg\" align=\"center\"><em><span style=\"font-family: Verdana;\"><strong>Bem-vindo ao site de apoio<span lang=\"pt-br\"> da<br \/>\n<\/span>\u00a0 Divis\u00e3o de Tratamento e Tecnologia da Informa\u00e7\u00e3o<\/strong><br \/>\n<\/span><\/em><\/p>\n<table id=\"AutoNumber1\" border=\"0\" width=\"95%\" cellspacing=\"0\" cellpadding=\"0\">\n<tbody>\n<tr>\n<td width=\"100%\">\n<p align=\"justify\">O objetivo desta <span lang=\"pt-br\">site<\/span> \u00e9 disponibilizar informa\u00e7\u00f5es e rotinas\u00a0 para toda equipe\u00a0do Sistema de Bibliotecas da UFMG.<\/p>\n<p align=\"justify\"><span lang=\"pt-br\">No Link <strong>Pergamum<\/strong> \u00a0est\u00e3o dispon\u00edveis informa\u00e7\u00f5es sobre o sistema, atualiza\u00e7\u00f5es, dicas de utiliza\u00e7\u00e3o para os M\u00f3dulos de Circula\u00e7\u00e3o, Cataloga\u00e7\u00e3o, informa\u00e7\u00f5es sobre os relat\u00f3rios e estat\u00edsticas dispon\u00edveis no sistema.<\/span><\/p>\n<p align=\"justify\"><span lang=\"pt-br\">Em <strong>Visita T\u00e9cnica<\/strong> voc\u00ea poder\u00e1 enviar uma solicita\u00e7\u00e3o de atendimento e visita t\u00e9cnica \u00e0s bibliotecas\u00a0 UFMG.<\/span><\/p>\n<p align=\"justify\"><strong>Equipe: <\/strong><\/p>\n<p align=\"justify\">Aline Alves de Almeida<\/p>\n<p align=\"justify\">Jacqueline Pawlowski Oliveira<\/p>\n<p align=\"justify\">Felipe Cardoso Gon\u00e7alves Ferreira<\/p>\n<p align=\"justify\">Rafael Quirino Oliveira Gon\u00e7alves<\/p>\n<p align=\"justify\">Val\u00e9ria Rodrigues de Negreiros<\/p>\n<p align=\"justify\"><strong>Estagi\u00e1rio:<\/strong> Yago Fargnoli<\/p>\n<p align=\"justify\"><strong>Atividades:<\/strong><\/p>\n<ul>\n<li>Estudos dos m\u00f3dulos do Pergamum;<\/li>\n<li>Atendimento e consultoria ao Sistema de Bibliotecas;<\/li>\n<li>Acompanhamento no invent\u00e1rio das bibliotecas (parametriza\u00e7\u00e3o, acompanhamento e suporte para gera\u00e7\u00e3o de relat\u00f3rios);<\/li>\n<li>Manuten\u00e7\u00e3o na p\u00e1gina de consulta ao cat\u00e1logo online;<\/li>\n<li>Exporta\u00e7\u00e3o de dados CCN ;<\/li>\n<li>Altera\u00e7\u00e3o, manuten\u00e7\u00e3o e acertos de dados no banco de dados do Pergamum;<\/li>\n<li>Deprecia\u00e7\u00e3o;<\/li>\n<li>Cria\u00e7\u00e3o, exclus\u00e3o de logins e senhas ao Pergamum e Rede Pergamum;<\/li>\n<li>Treinamento interno no software;<\/li>\n<li>Suporte nas atividades realizadas pela equipe em rela\u00e7\u00e3o ao Pergamum;<\/li>\n<li>Assessoria ao SB em rela\u00e7\u00e3o ao MicroIsis\/WinIsis, bases de dados e afins;<\/li>\n<li>Manuten\u00e7\u00e3o e atualiza\u00e7\u00e3o do site da DITTI;<\/li>\n<li>Participa\u00e7\u00e3o nas reuni\u00f5es dos Grupos de Trabalho (Circula\u00e7\u00e3o, Cataloga\u00e7\u00e3o e Autoridades, E-books, Peri\u00f3dicos, etc.);<\/li>\n<li>Manuten\u00e7\u00e3o no sistema Relat\u00f3rio Gerencial (Coletar);<\/li>\n<li>Carga de usu\u00e1rio no Pergamum;<\/li>\n<\/ul>\n<p dir=\"ltr\" align=\"justify\"><span style=\"color: #000000; font-family: Verdana; font-size: small;\">Suas sugest\u00f5es e cr\u00edticas s\u00e3o bem-vindas para melhorar este espa\u00e7o e nosso servi\u00e7o de atendimento.<\/span><\/p>\n<\/td>\n<\/tr>\n<\/tbody>\n<\/table>\n<p align=\"center\"><span style=\"font-family: Verdana; font-size: small;\"><span style=\"color: #000000;\"><strong>Telefone :<\/strong> 3409-4619<\/span><\/span><\/p>\n<p align=\"center\"><span style=\"font-family: Verdana; font-size: small;\"><span style=\"color: #000000;\"><b>Email:<\/b> bu-ditti<\/span><a href=\"mailto:bu-autom@ufmg.br\" target=\"blank\" rel=\"noopener noreferrer\"><span style=\"color: #000000;\">@ufmg.br<\/span><\/a><\/span><\/p>\n<p align=\"center\">\n","protected":false},"excerpt":{"rendered":"<p>Bem-vindo ao site de apoio da \u00a0 Divis\u00e3o de Tratamento e Tecnologia da Informa\u00e7\u00e3o O objetivo desta site \u00e9 disponibilizar informa\u00e7\u00f5es e rotinas\u00a0 para toda equipe\u00a0do Sistema de Bibliotecas da &hellip; <\/p>\n","protected":false},"author":1,"featured_media":436,"parent":0,"menu_order":0,"comment_status":"closed","ping_status":"open","template":"","meta":{"footnotes":""},"class_list":["post-2","page","type-page","status-publish","has-post-thumbnail","hentry"],"_links":{"self":[{"href":"https:\/\/www.bu.ufmg.br\/ditti\/wp-json\/wp\/v2\/pages\/2","targetHints":{"allow":["GET"]}}],"collection":[{"href":"https:\/\/www.bu.ufmg.br\/ditti\/wp-json\/wp\/v2\/pages"}],"about":[{"href":"https:\/\/www.bu.ufmg.br\/ditti\/wp-json\/wp\/v2\/types\/page"}],"author":[{"embeddable":true,"href":"https:\/\/www.bu.ufmg.br\/ditti\/wp-json\/wp\/v2\/users\/1"}],"replies":[{"embeddable":true,"href":"https:\/\/www.bu.ufmg.br\/ditti\/wp-json\/wp\/v2\/comments?post=2"}],"version-history":[{"count":20,"href":"https:\/\/www.bu.ufmg.br\/ditti\/wp-json\/wp\/v2\/pages\/2\/revisions"}],"predecessor-version":[{"id":710,"href":"https:\/\/www.bu.ufmg.br\/ditti\/wp-json\/wp\/v2\/pages\/2\/revisions\/710"}],"wp:featuredmedia":[{"embeddable":true,"href":"https:\/\/www.bu.ufmg.br\/ditti\/wp-json\/wp\/v2\/media\/436"}],"wp:attachment":[{"href":"https:\/\/www.bu.ufmg.br\/ditti\/wp-json\/wp\/v2\/media?parent=2"}],"curies":[{"name":"wp","href":"https:\/\/api.w.org\/{rel}","templated":true}]}}