{"id":156,"date":"2017-07-13T00:39:07","date_gmt":"2017-07-13T00:39:07","guid":{"rendered":"https:\/\/www.bu.ufmg.br\/ditti\/?page_id=156"},"modified":"2021-12-01T00:50:12","modified_gmt":"2021-12-01T00:50:12","slug":"tutoriais-pergamum","status":"publish","type":"page","link":"https:\/\/www.bu.ufmg.br\/ditti\/tutoriais-pergamum\/","title":{"rendered":"Tutoriais Cat\u00e1logo Online"},"content":{"rendered":"<p><span style=\"color: #993300;\">Acesso as normas t\u00e9cnicas da ABNT (Target GEDweb) via catalogo do SB\/UFMG<\/span><\/p>\r\n<p>\u00c9 poss\u00edvel acessar as normas t\u00e9cnicas da ABNT pelo cat\u00e1logo online do Sistema de Bibliotecas da UFMG.\u00a0 Para saber como realizar uma consulta\u00a0 <a href=\"https:\/\/www.bu.ufmg.br\/ditti\/acesso-as-normas-tecnicas-da-abnt-target-gedweb\/\">click aqu<\/a>i e siga as instru\u00e7\u00f5es do tutorial.<\/p>\r\n<p>&nbsp;<\/p>\r\n<p><span style=\"color: #993300;\">Quer saber como orientar seu usu\u00e1rio a criar um Perfil de Interesse?<\/span><\/p>\r\n<p>Este recurso do Pergamum \u00a0define o n\u00edvel de interesse em rela\u00e7\u00e3o a todas as novas aquisi\u00e7\u00f5es que a Unidade de Informa\u00e7\u00e3o (Biblioteca) receber. \u00a0Com o n\u00edvel de interesse criado\u00a0o usu\u00e1rio receber\u00e1 e-mail das novas aquisi\u00e7\u00f5es da Unidade.<\/p>\r\n<p>Clique no link do v\u00eddeo \u00a0e saiba mais. \u00a0\u00a0<a href=\"https:\/\/www.youtube.com\/watch?v=vN5ZhtobgT8\"><img loading=\"lazy\" decoding=\"async\" class=\"wp-image-157 alignnone\" src=\"https:\/\/www.bu.ufmg.br\/ditti\/wp-content\/uploads\/2017\/07\/download.jpg\" alt=\"\" width=\"62\" height=\"62\" srcset=\"https:\/\/www.bu.ufmg.br\/ditti\/wp-content\/uploads\/2017\/07\/download.jpg 225w, https:\/\/www.bu.ufmg.br\/ditti\/wp-content\/uploads\/2017\/07\/download-150x150.jpg 150w\" sizes=\"auto, (max-width: 62px) 100vw, 62px\" \/><\/a><\/p>\r\n<p>Quer mais detalhe deste recurso? \u00a0Acesse o manual <span style=\"color: #808000;\"><a style=\"color: #808000;\" href=\"https:\/\/www.bu.ufmg.br\/ditti\/wp-content\/uploads\/2017\/07\/Perfil-interesse-Pergamum.pdf\">clicando aqui<\/a><\/span><\/p>\r\n<p>&nbsp;<\/p>\r\n<p><span style=\"color: #808000;\"><strong>__________________________________________________________________________<\/strong><\/span><\/p>\r\n<hr \/>\r\n<p>&nbsp;<\/p>\r\n<p><span style=\"color: #993300;\">Voc\u00ea sabe qual a diferen\u00e7a \u00a0da pesquisa por palavra e pesquisa por \u00edndice?<\/span><\/p>\r\n<p><a href=\"https:\/\/www.youtube.com\/watch?v=AwhjoEV2ijE\"><img loading=\"lazy\" decoding=\"async\" class=\"alignnone wp-image-157\" src=\"https:\/\/www.bu.ufmg.br\/ditti\/wp-content\/uploads\/2017\/07\/download.jpg\" alt=\"\" width=\"62\" height=\"62\" srcset=\"https:\/\/www.bu.ufmg.br\/ditti\/wp-content\/uploads\/2017\/07\/download.jpg 225w, https:\/\/www.bu.ufmg.br\/ditti\/wp-content\/uploads\/2017\/07\/download-150x150.jpg 150w\" sizes=\"auto, (max-width: 62px) 100vw, 62px\" \/><\/a>\u00a0Assista o v\u00eddeo e tire suas d\u00favidas<\/p>\r\n<p>&nbsp;<\/p>\r\n\r\n<p>\u00a0Acesse o v\u00eddeo\u00a0<a href=\"https:\/\/www.youtube.com\/watch?v=fv_y9e6MarI&amp;list=PL6CaseN7LKdzUxJPsxbxl9EE-u8C_KUHj&amp;index=13\">clicando aqui<\/a><\/p>\r\n\r\n\r\n\r\n<p style=\"text-align: right;\"><strong>__________________________________________________________________________<\/strong><\/p>\r\n\r\n\r\n\r\n<p style=\"color: #a14a0a;\">Como solicitar um Levantamento Bibliogr\u00e1fico?<\/p>\r\n\r\n\r\n\r\n<p class=\"has-vivid-red-color\">\u00a0<\/p>\r\n\r\n\r\n\r\n<p>Este recurso do Pergamum ensina a solicitar Levantamento Bibliogr\u00e1fico caso a institui\u00e7\u00e3o disponibilize este recurso para seus usu\u00e1rios\/clientes.<\/p>\r\n\r\n\r\n\r\n<p>&nbsp;<\/p>\r\n\r\n\r\n\r\n<p><strong>__________________________________________________________________________<\/strong><\/p>\r\n\r\n\r\n\r\n<p>&nbsp;<\/p>\r\n\r\n<p><span style=\"color: #993300;\">Conhece o recurso do cat\u00e1logo online\u00a0 de Reposit\u00f3rios Institucionais Open Archives Initiative?<\/span><\/p>\r\n<p>Este recurso do Pergamum tem objetivo de\u00a0 disponibilizar reposit\u00f3rios institucionais via Open Archives Initiative (OAI) no cat\u00e1logo on-line da institui\u00e7\u00e3o.<\/p>\r\n\r\n<p>Acesse o v\u00eddeo\u00a0<a href=\"https:\/\/www.youtube.com\/watch?v=PX_rtsH0-X4\">clicando aqui<\/a><\/p>\r\n\r\n\r\n\r\n<p class=\"has-vivid-red-color\">\u00a0<\/p>\r\n\r\n\r\n\r\n<p>&nbsp;<\/p>\r\n\r\n\r\n\r\n<p>Este recurso do Pergamum tem objetivo de\u00a0 disponibilizar reposit\u00f3rios institucionais via Open Archives Initiative (OAI) no cat\u00e1logo on-line da institui\u00e7\u00e3o.\u00a0<\/p>\r\n\r\n\r\n\r\n<p>&nbsp;<\/p>\r\n\r\n\r\n\r\n<p>&nbsp;<\/p>\r\n\r\n\r\n\r\n<p><strong>__________________________________________________________________________<\/strong><\/p>\r\n\r\n<p><!--EndFragment--><\/p>\r\n<p>&nbsp;<\/p>\r\n\r\n<p>&nbsp;<\/p>\r\n","protected":false},"excerpt":{"rendered":"<p>Acesso as normas t\u00e9cnicas da ABNT (Target GEDweb) via catalogo do SB\/UFMG \u00c9 poss\u00edvel acessar as normas t\u00e9cnicas da ABNT pelo cat\u00e1logo online do Sistema de Bibliotecas da UFMG.\u00a0 Para &hellip; <\/p>\n","protected":false},"author":1,"featured_media":436,"parent":0,"menu_order":0,"comment_status":"closed","ping_status":"closed","template":"","meta":{"footnotes":""},"class_list":["post-156","page","type-page","status-publish","has-post-thumbnail","hentry"],"_links":{"self":[{"href":"https:\/\/www.bu.ufmg.br\/ditti\/wp-json\/wp\/v2\/pages\/156","targetHints":{"allow":["GET"]}}],"collection":[{"href":"https:\/\/www.bu.ufmg.br\/ditti\/wp-json\/wp\/v2\/pages"}],"about":[{"href":"https:\/\/www.bu.ufmg.br\/ditti\/wp-json\/wp\/v2\/types\/page"}],"author":[{"embeddable":true,"href":"https:\/\/www.bu.ufmg.br\/ditti\/wp-json\/wp\/v2\/users\/1"}],"replies":[{"embeddable":true,"href":"https:\/\/www.bu.ufmg.br\/ditti\/wp-json\/wp\/v2\/comments?post=156"}],"version-history":[{"count":32,"href":"https:\/\/www.bu.ufmg.br\/ditti\/wp-json\/wp\/v2\/pages\/156\/revisions"}],"predecessor-version":[{"id":597,"href":"https:\/\/www.bu.ufmg.br\/ditti\/wp-json\/wp\/v2\/pages\/156\/revisions\/597"}],"wp:featuredmedia":[{"embeddable":true,"href":"https:\/\/www.bu.ufmg.br\/ditti\/wp-json\/wp\/v2\/media\/436"}],"wp:attachment":[{"href":"https:\/\/www.bu.ufmg.br\/ditti\/wp-json\/wp\/v2\/media?parent=156"}],"curies":[{"name":"wp","href":"https:\/\/api.w.org\/{rel}","templated":true}]}}