{"id":1004,"date":"2025-05-27T22:55:23","date_gmt":"2025-05-27T22:55:23","guid":{"rendered":"https:\/\/www.bu.ufmg.br\/ditti\/?page_id=1004"},"modified":"2025-07-25T00:09:16","modified_gmt":"2025-07-25T00:09:16","slug":"atualizacao-pergamum-versao-10-10-2025","status":"publish","type":"page","link":"https:\/\/www.bu.ufmg.br\/ditti\/atualizacao-pergamum-versao-10-10-2025\/","title":{"rendered":"Atualiza\u00e7\u00e3o Pergamum vers\u00e3o 10.10   (2025)"},"content":{"rendered":"\n\n<div class=\"wp-block-image\">\n<figure class=\"alignright size-full\"><a href=\"https:\/\/www.bu.ufmg.br\/ditti\/PER-LIB-010.pdf\" target=\"_blank\" rel=\" noreferrer noopener\"><img loading=\"lazy\" decoding=\"async\" width=\"310\" height=\"79\" src=\"https:\/\/www.bu.ufmg.br\/ditti\/wp-content\/uploads\/2025\/07\/botao.png\" alt=\"\" class=\"wp-image-1059\" srcset=\"https:\/\/www.bu.ufmg.br\/ditti\/wp-content\/uploads\/2025\/07\/botao.png 310w, https:\/\/www.bu.ufmg.br\/ditti\/wp-content\/uploads\/2025\/07\/botao-300x76.png 300w, https:\/\/www.bu.ufmg.br\/ditti\/wp-content\/uploads\/2025\/07\/botao-235x60.png 235w\" sizes=\"auto, (max-width: 310px) 100vw, 310px\" \/><\/a><\/figure><\/div>\n\n\n<h2><strong>Cat\u00e1logo<\/strong><\/h2>\n\n\n\n<h2 class=\"wp-block-heading has-medium-font-size\">Fun\u00e7\u00e3o Auto-completar<\/h2>\n\n\n\n<ul class=\"wp-block-list\">\n<li>Foi criada a fun\u00e7\u00e3o autocompletar na pesquisa geral e avan\u00e7ada nas op\u00e7\u00f5es: t\u00edtulo, assunto, autor e livre do cat\u00e1logo on-line. Assim que o pesquisador come\u00e7ar a digitar o sistema vai oferecendo op\u00e7\u00f5es de autocompletar o campo de pesquisa.<\/li>\n<\/ul>\n\n\n\n<figure class=\"wp-block-image size-large\"><img loading=\"lazy\" decoding=\"async\" width=\"700\" height=\"504\" src=\"https:\/\/www.bu.ufmg.br\/ditti\/wp-content\/uploads\/2025\/05\/image-700x504.png\" alt=\"\" class=\"wp-image-1006\" srcset=\"https:\/\/www.bu.ufmg.br\/ditti\/wp-content\/uploads\/2025\/05\/image-700x504.png 700w, https:\/\/www.bu.ufmg.br\/ditti\/wp-content\/uploads\/2025\/05\/image-300x216.png 300w, https:\/\/www.bu.ufmg.br\/ditti\/wp-content\/uploads\/2025\/05\/image-768x553.png 768w, https:\/\/www.bu.ufmg.br\/ditti\/wp-content\/uploads\/2025\/05\/image-83x60.png 83w, https:\/\/www.bu.ufmg.br\/ditti\/wp-content\/uploads\/2025\/05\/image.png 906w\" sizes=\"auto, (max-width: 700px) 100vw, 700px\" \/><\/figure>\n\n\n\n<h2 class=\"wp-block-heading has-medium-font-size\">Modo de Exibi\u00e7\u00e3o<\/h2>\n\n\n\n<ul class=\"wp-block-list\">\n<li>Foi inclu\u00eddo campo&nbsp; \u201cModo de Exibi\u00e7\u00e3o \u201d onde \u00e9 poss\u00edvel selecionar&nbsp; &nbsp;o modo Padr\u00e3o ou Refer\u00eancia<\/li>\n<\/ul>\n\n\n\n<figure class=\"wp-block-image size-large\"><img loading=\"lazy\" decoding=\"async\" width=\"700\" height=\"361\" src=\"https:\/\/www.bu.ufmg.br\/ditti\/wp-content\/uploads\/2025\/05\/image-4-700x361.png\" alt=\"\" class=\"wp-image-1013\" srcset=\"https:\/\/www.bu.ufmg.br\/ditti\/wp-content\/uploads\/2025\/05\/image-4-700x361.png 700w, https:\/\/www.bu.ufmg.br\/ditti\/wp-content\/uploads\/2025\/05\/image-4-300x155.png 300w, https:\/\/www.bu.ufmg.br\/ditti\/wp-content\/uploads\/2025\/05\/image-4-768x396.png 768w, https:\/\/www.bu.ufmg.br\/ditti\/wp-content\/uploads\/2025\/05\/image-4-116x60.png 116w, https:\/\/www.bu.ufmg.br\/ditti\/wp-content\/uploads\/2025\/05\/image-4.png 1262w\" sizes=\"auto, (max-width: 700px) 100vw, 700px\" \/><\/figure>\n\n\n\n\n\n<h2 class=\"wp-block-heading has-medium-font-size\">Capas<\/h2>\n\n\n\n<ul>\n<li>Foi criada a op\u00e7\u00e3o \u201cUtilizar busca de capas automaticamente na internet\u201d, ao habilitar essa funcionalidade nos par\u00e2metros , quando o usu\u00e1rio realizar uma pesquisa, o Pergamum ir\u00e1 procurar na biblioteca Google, e encontrando ir\u00e1 exibir a capa, mesmo que esta n\u00e3o tenha sido inclu\u00edda no bot\u00e3o v\u00ednculos, da cataloga\u00e7\u00e3o do livro.<\/li>\n<\/ul>\n\n\n\n<figure class=\"wp-block-image size-large\"><img loading=\"lazy\" decoding=\"async\" width=\"700\" height=\"265\" src=\"https:\/\/www.bu.ufmg.br\/ditti\/wp-content\/uploads\/2025\/05\/image-7-700x265.png\" alt=\"\" class=\"wp-image-1019\" srcset=\"https:\/\/www.bu.ufmg.br\/ditti\/wp-content\/uploads\/2025\/05\/image-7-700x265.png 700w, https:\/\/www.bu.ufmg.br\/ditti\/wp-content\/uploads\/2025\/05\/image-7-300x114.png 300w, https:\/\/www.bu.ufmg.br\/ditti\/wp-content\/uploads\/2025\/05\/image-7-768x291.png 768w, https:\/\/www.bu.ufmg.br\/ditti\/wp-content\/uploads\/2025\/05\/image-7-158x60.png 158w, https:\/\/www.bu.ufmg.br\/ditti\/wp-content\/uploads\/2025\/05\/image-7.png 1187w\" sizes=\"auto, (max-width: 700px) 100vw, 700px\" \/><\/figure>\n\n\n\n\n\n<h2 class=\"wp-block-heading has-medium-font-size\">Aba Novas Aquisi\u00e7\u00f5es<\/h2>\n\n\n\n<p>Na aba &#8220;Novas aquisi\u00e7\u00f5es&#8221; \u00e9 poss\u00edvel escolher qual \u00e9 o modo de exibi\u00e7\u00e3o para esta guia. Op\u00e7\u00f5es: Capas \/ Imagens, \u00e1rea do conhecimento e Refer\u00eancias.<\/p>\n<ul>\n<li>Capas<\/li>\n<\/ul>\n\n\n\n<figure class=\"wp-block-image size-large\"><img loading=\"lazy\" decoding=\"async\" width=\"700\" height=\"356\" src=\"https:\/\/www.bu.ufmg.br\/ditti\/wp-content\/uploads\/2025\/05\/image-8-700x356.png\" alt=\"\" class=\"wp-image-1025\" srcset=\"https:\/\/www.bu.ufmg.br\/ditti\/wp-content\/uploads\/2025\/05\/image-8-700x356.png 700w, https:\/\/www.bu.ufmg.br\/ditti\/wp-content\/uploads\/2025\/05\/image-8-300x153.png 300w, https:\/\/www.bu.ufmg.br\/ditti\/wp-content\/uploads\/2025\/05\/image-8-768x391.png 768w, https:\/\/www.bu.ufmg.br\/ditti\/wp-content\/uploads\/2025\/05\/image-8-118x60.png 118w, https:\/\/www.bu.ufmg.br\/ditti\/wp-content\/uploads\/2025\/05\/image-8.png 1003w\" sizes=\"auto, (max-width: 700px) 100vw, 700px\" \/><\/figure>\n\n\n\n<ul class=\"wp-block-list\">\n<li>\u00c1rea de Conhecimento<\/li>\n<\/ul>\n\n\n\n<p><\/p>\n\n\n\n<figure class=\"wp-block-image size-large\"><img loading=\"lazy\" decoding=\"async\" width=\"700\" height=\"241\" src=\"https:\/\/www.bu.ufmg.br\/ditti\/wp-content\/uploads\/2025\/05\/image-14-700x241.png\" alt=\"\" class=\"wp-image-1031\" srcset=\"https:\/\/www.bu.ufmg.br\/ditti\/wp-content\/uploads\/2025\/05\/image-14-700x241.png 700w, https:\/\/www.bu.ufmg.br\/ditti\/wp-content\/uploads\/2025\/05\/image-14-300x103.png 300w, https:\/\/www.bu.ufmg.br\/ditti\/wp-content\/uploads\/2025\/05\/image-14-768x264.png 768w, https:\/\/www.bu.ufmg.br\/ditti\/wp-content\/uploads\/2025\/05\/image-14-174x60.png 174w, https:\/\/www.bu.ufmg.br\/ditti\/wp-content\/uploads\/2025\/05\/image-14.png 1197w\" sizes=\"auto, (max-width: 700px) 100vw, 700px\" \/><\/figure>\n\n\n\n<ul>\n<li>Padr\u00e3o<\/li>\n<\/ul>\n\n\n\n<figure class=\"wp-block-image size-large\"><img loading=\"lazy\" decoding=\"async\" width=\"700\" height=\"302\" src=\"https:\/\/www.bu.ufmg.br\/ditti\/wp-content\/uploads\/2025\/05\/image-13-700x302.png\" alt=\"\" class=\"wp-image-1030\" srcset=\"https:\/\/www.bu.ufmg.br\/ditti\/wp-content\/uploads\/2025\/05\/image-13-700x302.png 700w, https:\/\/www.bu.ufmg.br\/ditti\/wp-content\/uploads\/2025\/05\/image-13-300x130.png 300w, https:\/\/www.bu.ufmg.br\/ditti\/wp-content\/uploads\/2025\/05\/image-13-768x332.png 768w, https:\/\/www.bu.ufmg.br\/ditti\/wp-content\/uploads\/2025\/05\/image-13-139x60.png 139w, https:\/\/www.bu.ufmg.br\/ditti\/wp-content\/uploads\/2025\/05\/image-13.png 1195w\" sizes=\"auto, (max-width: 700px) 100vw, 700px\" \/><\/figure>\n\n\n\n<h2 class=\"wp-block-heading has-medium-font-size\">Exibi\u00e7\u00e3o da lista de Assuntos<\/h2>\n\n\n\n<ul class=\"wp-block-list\">\n<li>Possibilidade de selecionar  nos par\u00e2metros  como deseja que a lista de assuntos seja exibida nos detalhes de cada acervo. Organizada em ordem alfab\u00e9tica ou na ordem em que foram inseridos na indexa\u00e7\u00e3o.<br><\/li>\n<\/ul>\n\n\n\n<figure class=\"wp-block-image size-large\"><img loading=\"lazy\" decoding=\"async\" width=\"700\" height=\"402\" src=\"https:\/\/www.bu.ufmg.br\/ditti\/wp-content\/uploads\/2025\/05\/image-16-700x402.png\" alt=\"\" class=\"wp-image-1035\" srcset=\"https:\/\/www.bu.ufmg.br\/ditti\/wp-content\/uploads\/2025\/05\/image-16-700x402.png 700w, https:\/\/www.bu.ufmg.br\/ditti\/wp-content\/uploads\/2025\/05\/image-16-300x172.png 300w, https:\/\/www.bu.ufmg.br\/ditti\/wp-content\/uploads\/2025\/05\/image-16-768x441.png 768w, https:\/\/www.bu.ufmg.br\/ditti\/wp-content\/uploads\/2025\/05\/image-16-330x190.png 330w, https:\/\/www.bu.ufmg.br\/ditti\/wp-content\/uploads\/2025\/05\/image-16-105x60.png 105w, https:\/\/www.bu.ufmg.br\/ditti\/wp-content\/uploads\/2025\/05\/image-16.png 1084w\" sizes=\"auto, (max-width: 700px) 100vw, 700px\" \/><\/figure>\n\n\n\n<p>&nbsp;<\/p>\n<p>&nbsp;<\/p>\n<p>&nbsp;<\/p>\n\n\n\n<h2 class=\"wp-block-heading has-medium-font-size\">Tipos de Cat\u00e1logos<\/h2>\n\n\n\n<ul class=\"wp-block-list\">\n<li>Pergamum Kids<\/li>\n<\/ul>\n\n\n\n<p>Cat\u00e1logo destinado ao p\u00fablico infanto juvenil.<\/p>\n\n\n\n<figure class=\"wp-block-image size-large\"><img loading=\"lazy\" decoding=\"async\" width=\"700\" height=\"370\" src=\"https:\/\/www.bu.ufmg.br\/ditti\/wp-content\/uploads\/2025\/05\/image-17-700x370.png\" alt=\"\" class=\"wp-image-1038\" srcset=\"https:\/\/www.bu.ufmg.br\/ditti\/wp-content\/uploads\/2025\/05\/image-17-700x370.png 700w, https:\/\/www.bu.ufmg.br\/ditti\/wp-content\/uploads\/2025\/05\/image-17-300x159.png 300w, https:\/\/www.bu.ufmg.br\/ditti\/wp-content\/uploads\/2025\/05\/image-17-768x406.png 768w, https:\/\/www.bu.ufmg.br\/ditti\/wp-content\/uploads\/2025\/05\/image-17-113x60.png 113w, https:\/\/www.bu.ufmg.br\/ditti\/wp-content\/uploads\/2025\/05\/image-17.png 839w\" sizes=\"auto, (max-width: 700px) 100vw, 700px\" \/><\/figure>\n\n\n\n\n\n\n\n<ul class=\"wp-block-list\">\n<li>Cat\u00e1logo Museu<\/li>\n<\/ul>\n\n\n\n<p>cat\u00e1logo destinado ao p\u00fablico de museus, cat\u00e1logo criado para atender os Museus e Centros de mem\u00f3rias.<\/p>\n\n\n\n<figure class=\"wp-block-image size-large\"><img loading=\"lazy\" decoding=\"async\" width=\"700\" height=\"350\" src=\"https:\/\/www.bu.ufmg.br\/ditti\/wp-content\/uploads\/2025\/05\/image-18-700x350.png\" alt=\"\" class=\"wp-image-1049\" srcset=\"https:\/\/www.bu.ufmg.br\/ditti\/wp-content\/uploads\/2025\/05\/image-18-700x350.png 700w, https:\/\/www.bu.ufmg.br\/ditti\/wp-content\/uploads\/2025\/05\/image-18-300x150.png 300w, https:\/\/www.bu.ufmg.br\/ditti\/wp-content\/uploads\/2025\/05\/image-18-768x384.png 768w, https:\/\/www.bu.ufmg.br\/ditti\/wp-content\/uploads\/2025\/05\/image-18-120x60.png 120w, https:\/\/www.bu.ufmg.br\/ditti\/wp-content\/uploads\/2025\/05\/image-18.png 904w\" sizes=\"auto, (max-width: 700px) 100vw, 700px\" \/><\/figure>\n\n\n\n<p>\n\n<\/p>\n<h2 class=\"wp-block-heading\">\u00a0<\/h2>\n<h2 class=\"wp-block-heading has-medium-font-size\">Ficha Catalogr\u00e1fica<\/h2>\n<p>\n\n \n\n<\/p>\n<ul class=\"wp-block-list\">\n\n<li>Ao solicitar uma ficha catalogr\u00e1fica pelo menu &#8220;Acesso Usu\u00e1rio&#8221;\u00a0 &gt;&gt; Solicita\u00e7\u00e3o &gt;&gt; Ficha Catalogr\u00e1fica,\u00a0 agora \u00e9 poss\u00edvel\u00a0 enviar\u00a0 anexo\u00a0 um arquivo\u00a0 com dados do documento.<\/li>\n<\/ul>\n<p>\n\n<\/p>\n\n\n\n<figure class=\"wp-block-image size-full\"><img loading=\"lazy\" decoding=\"async\" width=\"632\" height=\"695\" src=\"https:\/\/www.bu.ufmg.br\/ditti\/wp-content\/uploads\/2025\/07\/ficha-catalografica.png\" alt=\"\" class=\"wp-image-1057\" srcset=\"https:\/\/www.bu.ufmg.br\/ditti\/wp-content\/uploads\/2025\/07\/ficha-catalografica.png 632w, https:\/\/www.bu.ufmg.br\/ditti\/wp-content\/uploads\/2025\/07\/ficha-catalografica-273x300.png 273w, https:\/\/www.bu.ufmg.br\/ditti\/wp-content\/uploads\/2025\/07\/ficha-catalografica-55x60.png 55w\" sizes=\"auto, (max-width: 632px) 100vw, 632px\" \/><\/figure>\n\n\n\n\n\n\n\n<p> <\/p>\n\n\n\n<figure class=\"wp-block-image size-large\"><img loading=\"lazy\" decoding=\"async\" width=\"700\" height=\"309\" src=\"https:\/\/www.bu.ufmg.br\/ditti\/wp-content\/uploads\/2025\/07\/maia-700x309.png\" alt=\"\" class=\"wp-image-1062\" srcset=\"https:\/\/www.bu.ufmg.br\/ditti\/wp-content\/uploads\/2025\/07\/maia-700x309.png 700w, https:\/\/www.bu.ufmg.br\/ditti\/wp-content\/uploads\/2025\/07\/maia-300x132.png 300w, https:\/\/www.bu.ufmg.br\/ditti\/wp-content\/uploads\/2025\/07\/maia-768x339.png 768w, https:\/\/www.bu.ufmg.br\/ditti\/wp-content\/uploads\/2025\/07\/maia-136x60.png 136w, https:\/\/www.bu.ufmg.br\/ditti\/wp-content\/uploads\/2025\/07\/maia.png 1137w\" sizes=\"auto, (max-width: 700px) 100vw, 700px\" \/><\/figure>\n\n\n\n\n\n\n\n<figure class=\"wp-block-image size-large\"><img loading=\"lazy\" decoding=\"async\" width=\"700\" height=\"283\" src=\"https:\/\/www.bu.ufmg.br\/ditti\/wp-content\/uploads\/2025\/07\/maia2-700x283.png\" alt=\"\" class=\"wp-image-1063\" srcset=\"https:\/\/www.bu.ufmg.br\/ditti\/wp-content\/uploads\/2025\/07\/maia2-700x283.png 700w, https:\/\/www.bu.ufmg.br\/ditti\/wp-content\/uploads\/2025\/07\/maia2-300x121.png 300w, https:\/\/www.bu.ufmg.br\/ditti\/wp-content\/uploads\/2025\/07\/maia2-768x311.png 768w, https:\/\/www.bu.ufmg.br\/ditti\/wp-content\/uploads\/2025\/07\/maia2-148x60.png 148w, https:\/\/www.bu.ufmg.br\/ditti\/wp-content\/uploads\/2025\/07\/maia2.png 937w\" sizes=\"auto, (max-width: 700px) 100vw, 700px\" \/><\/figure>\n\n\n\n<h2>&nbsp;<\/h2>\n<h2 class=\"wp-block-heading has-medium-font-size\">Pagamento de multas por Pix, Cart\u00e3o de Cr\u00e9dito ou GRU<\/h2>\n\n\n\n\n\n<figure class=\"wp-block-image size-large\"><img loading=\"lazy\" decoding=\"async\" width=\"700\" height=\"288\" src=\"https:\/\/www.bu.ufmg.br\/ditti\/wp-content\/uploads\/2025\/07\/pagto-via-pix-700x288.png\" alt=\"\" class=\"wp-image-1065\" srcset=\"https:\/\/www.bu.ufmg.br\/ditti\/wp-content\/uploads\/2025\/07\/pagto-via-pix-700x288.png 700w, https:\/\/www.bu.ufmg.br\/ditti\/wp-content\/uploads\/2025\/07\/pagto-via-pix-300x123.png 300w, https:\/\/www.bu.ufmg.br\/ditti\/wp-content\/uploads\/2025\/07\/pagto-via-pix-768x316.png 768w, https:\/\/www.bu.ufmg.br\/ditti\/wp-content\/uploads\/2025\/07\/pagto-via-pix-146x60.png 146w, https:\/\/www.bu.ufmg.br\/ditti\/wp-content\/uploads\/2025\/07\/pagto-via-pix.png 1232w\" sizes=\"auto, (max-width: 700px) 100vw, 700px\" \/><\/figure>\n\n\n\n\n\n\n\n<h2 class=\"wp-block-heading has-medium-font-size\">Sitemap Google<\/h2>\n<p>\n\n\n\n<\/p>\n<ul class=\"wp-block-list\">\n\n<li>Ser\u00e1 poss\u00edvel disponibilizar os dados do\u00a0 cat\u00e1logo on-line no Google indexe. Nesta vers\u00e3o \u00e9 poss\u00edvel disponibilizar os dados por tipo de obra, para que o Google indexe o conte\u00fado do cat\u00e1logo on-line ddo SB\/UFMG.<br \/>Com essa funcionalidade, os dados poder\u00e3o ser facilmente recuperados atrav\u00e9s de buscas no Google.<\/li>\n<\/ul>\n\n","protected":false},"excerpt":{"rendered":"<p>Cat\u00e1logo Fun\u00e7\u00e3o Auto-completar Modo de Exibi\u00e7\u00e3o Capas Foi criada a op\u00e7\u00e3o \u201cUtilizar busca de capas automaticamente na internet\u201d, ao habilitar essa funcionalidade nos par\u00e2metros , quando o usu\u00e1rio realizar uma &hellip; <\/p>\n","protected":false},"author":5,"featured_media":0,"parent":0,"menu_order":0,"comment_status":"closed","ping_status":"closed","template":"","meta":{"footnotes":""},"class_list":["post-1004","page","type-page","status-publish","hentry"],"_links":{"self":[{"href":"https:\/\/www.bu.ufmg.br\/ditti\/wp-json\/wp\/v2\/pages\/1004","targetHints":{"allow":["GET"]}}],"collection":[{"href":"https:\/\/www.bu.ufmg.br\/ditti\/wp-json\/wp\/v2\/pages"}],"about":[{"href":"https:\/\/www.bu.ufmg.br\/ditti\/wp-json\/wp\/v2\/types\/page"}],"author":[{"embeddable":true,"href":"https:\/\/www.bu.ufmg.br\/ditti\/wp-json\/wp\/v2\/users\/5"}],"replies":[{"embeddable":true,"href":"https:\/\/www.bu.ufmg.br\/ditti\/wp-json\/wp\/v2\/comments?post=1004"}],"version-history":[{"count":19,"href":"https:\/\/www.bu.ufmg.br\/ditti\/wp-json\/wp\/v2\/pages\/1004\/revisions"}],"predecessor-version":[{"id":1068,"href":"https:\/\/www.bu.ufmg.br\/ditti\/wp-json\/wp\/v2\/pages\/1004\/revisions\/1068"}],"wp:attachment":[{"href":"https:\/\/www.bu.ufmg.br\/ditti\/wp-json\/wp\/v2\/media?parent=1004"}],"curies":[{"name":"wp","href":"https:\/\/api.w.org\/{rel}","templated":true}]}}