{"id":100,"date":"2017-01-27T23:59:07","date_gmt":"2017-01-27T23:59:07","guid":{"rendered":"https:\/\/www.bu.ufmg.br\/ditti\/?page_id=100"},"modified":"2025-05-27T23:54:33","modified_gmt":"2025-05-27T23:54:33","slug":"atualizacao-sistema-pergamum","status":"publish","type":"page","link":"https:\/\/www.bu.ufmg.br\/ditti\/atualizacao-sistema-pergamum\/","title":{"rendered":"Atualiza\u00e7\u00e3o"},"content":{"rendered":"<p><strong>Atualiza\u00e7\u00e3o PergamumWeb<\/strong><\/p>\n<p>O sistema Pergamum possui atualiza\u00e7\u00f5es mensais (\u00e0s vezes semanais\u00bb). Cada \u00a0atualiza\u00e7\u00e3o \u00a0est\u00e1 descrita nos manuais \u00a0de atualiza\u00e7\u00f5es do Pergamum disponibilizados \u00a0abaixo\u00a0 e, \u00a0tamb\u00e9m, \u00a0no pr\u00f3prio site do Pergamum acessando\u00a0com seu login e senha da Rede Pergamum .<\/p>\n<p>Na UFMG estas atualiza\u00e7\u00f5es s\u00e3o realizadas \u00a0nos per\u00edodos de f\u00e9rias, pr\u00f3ximos a feriados ou em situa\u00e7\u00f5es espor\u00e1dicas para corre\u00e7\u00e3o de algum problema e\/ou \u00a0inclus\u00e3o de um \u00a0novo recurso de interesse do SB\/UFMG.<\/p>\n<p>Para uma melhor utiliza\u00e7\u00e3o do sistema \u00e9 importante saber \u00a0o que mudou \u00a0e\/ou o que foi inclu\u00eddo. Click no link abaixo para visualizar as \u00faltimas altera\u00e7\u00f5es \u00a0do PergamumWeb\u00a0 \u00a0para a vers\u00e3o 10.10<\/p>\n<p><a href=\"https:\/\/www.bu.ufmg.br\/ditti\/atualizacao-pergamum-versao-10-10-2025\/\">Atualiza\u00e7\u00e3o Vers\u00e3o 10.10<\/a><\/p>\n<p><span style=\"color: #000000;\">Atualiza\u00e7\u00f5es em 08\/02\/2024<\/span><\/p>\n<p><span style=\"color: #000000;\"><a style=\"color: #000000;\" href=\"https:\/\/www.bu.ufmg.br\/ditti\/wp-content\/uploads\/2024\/02\/PER-LIB-010-Liberacao-de-Versao_2023_v10_7-2.pdf\" target=\"_blank\" rel=\"noopener\">Manual de altera\u00e7\u00f5es da V10<\/a><\/span><\/p>\n<p><span style=\"color: #000000;\"><a style=\"color: #000000;\" href=\"https:\/\/www.bu.ufmg.br\/ditti\/wp-content\/uploads\/2024\/02\/PER-MAN-USUARIOS_V10-1.pdf\">Manual de Usu\u00e1rios &#8211; V10<\/a><\/span><\/p>\n<p><span style=\"color: #000000;\"><a style=\"color: #000000;\" href=\"https:\/\/www.bu.ufmg.br\/ditti\/wp-content\/uploads\/2024\/02\/PER-MAN-MANUAL-CATALOGACAO_V10.7-1.pdf\" target=\"_blank\" rel=\"noopener\">Manual de Cataloga\u00e7\u00e3o &#8211; V10<\/a><\/span><\/p>\n<p>Os demais manuais est\u00e3o dispon\u00edveis no pr\u00f3prio sistema no bot\u00e3o de Ajuda.<\/p>\n<p><span style=\"color: #333399;\"><strong>Atualiza\u00e7\u00f5es em 10\/01\/2023<\/strong>\u00a0<\/span>&#8211;<\/p>\n<p>Alguns destaques da atualiza\u00e7\u00e3o est\u00e3o listados abaixo.<\/p>\n<p><strong>\u21d2 Circula\u00e7\u00e3o de Materiais<\/strong><\/p>\n<p>.<span style=\"color: #333399; font-size: 14pt;\"><strong>\u00bb <\/strong><\/span>Pagamento parcial de multas;<\/p>\n<p>.<span style=\"color: #333399; font-size: 14pt;\"><strong>\u00bb<\/strong><\/span>Visualiza\u00e7\u00e3o da ocorr\u00eancia de altera\u00e7\u00e3o da data de devolu\u00e7\u00e3o;<\/p>\n<p>.<span style=\"color: #333399; font-size: 14pt;\"><strong>\u00bb <\/strong><\/span>Possibilidade de realizar desconto em Servi\u00e7os;<\/p>\n<p>.<span style=\"color: #333399; font-size: 14pt;\"><strong>\u00bb <\/strong><\/span>Altera\u00e7\u00e3o de data de devolu\u00e7\u00e3o por per\u00edodo.<\/p>\n<p><strong>\u21d2 Cataloga\u00e7\u00e3o<\/strong><\/p>\n<p><span style=\"color: #333399; font-size: 14pt;\"><strong>\u00bb<\/strong><\/span>Unidade de Informa\u00e7\u00e3o \u2013 Etiquetas Customizadas<\/p>\n<p>Acrescentados novos campos nas etiquetas customizadas. Criado um conjunto de componentes para configurar a Lombada e os complementos do c\u00f3digo de barras.<\/p>\n<p><a href=\"https:\/\/www.bu.ufmg.br\/ditti\/wp-content\/uploads\/2023\/03\/PER-LIB-009-Liberacao-de-Versao_maio_2021-5.pdf\">Atualiza\u00e7\u00f5es de Maio \/2021<\/a><\/p>\n<p><a href=\"https:\/\/www.bu.ufmg.br\/ditti\/wp-content\/uploads\/2023\/03\/PER-LIB-009-Liberacao-de-Versao_junho_2021.pdf\">Atualiza\u00e7\u00f5es de Junho \/2021<\/a><\/p>\n<p><a href=\"https:\/\/www.bu.ufmg.br\/ditti\/wp-content\/uploads\/2023\/03\/PER-LIB-009-Liberacao-de-Versao_Setembro_2021.pdf\">Atualiza\u00e7\u00f5es de Setembro \/2021<\/a><\/p>\n<p><a href=\"https:\/\/www.bu.ufmg.br\/ditti\/wp-content\/uploads\/2023\/03\/PER-LIB-009-Liberacao-de-Versao_Novembro_2020.pdf\">Atualiza\u00e7\u00f5es de Novembro \/2020<\/a><\/p>\n<p><a href=\"https:\/\/www.bu.ufmg.br\/ditti\/wp-content\/uploads\/2019\/09\/PER-LIB-010-Libera\u00e7\u00e3o-de-Vers\u00e3o-27_08_2019.pdf\">Atualiza\u00e7\u00f5es em 27\/08\/2019<\/a><\/p>\n<p><a href=\"https:\/\/www.bu.ufmg.br\/ditti\/wp-content\/uploads\/2019\/09\/PER-LIB-009-Libera\u00e7\u00e3o-de-Vers\u00e3o-22_05_2019.doc\">Atualiza\u00e7\u00f5es em 22\/05\/2019<\/a><\/p>\n<p><a href=\"https:\/\/www.bu.ufmg.br\/ditti\/wp-content\/uploads\/2019\/09\/PER-LIB-009-Libera\u00e7\u00e3o-de-Vers\u00e3o-17_01_2019.doc\">Atualiza\u00e7\u00f5es em 17\/01\/2019<\/a><\/p>\n<p><a href=\"https:\/\/www.bu.ufmg.br\/ditti\/wp-content\/uploads\/2019\/09\/PER-LIB-009-Libera\u00e7\u00e3o-de-Vers\u00e3o-05_11_2018.doc\">Atualiza\u00e7\u00f5es em 05\/11\/2018<\/a><\/p>\n<p><a href=\"https:\/\/www.bu.ufmg.br\/ditti\/wp-content\/uploads\/2019\/09\/PER-LIB-009-Libera\u00e7\u00e3o-de-Vers\u00e3o-10_07_2018.doc\">Atualiza\u00e7\u00f5es em 10\/07\/2018<\/a><\/p>\n<p><a href=\"https:\/\/www.bu.ufmg.br\/ditti\/wp-content\/uploads\/2019\/09\/PER-LIB-009-Libera\u00e7\u00e3o-de-Vers\u00e3o-21_05_2018.doc\">Atualiza\u00e7\u00f5es em 21\/05\/2018<\/a><\/p>\n<p><a href=\"https:\/\/www.bu.ufmg.br\/ditti\/wp-content\/uploads\/2019\/09\/PER-LIB-009-Libera\u00e7\u00e3o-de-Vers\u00e3o-22-01-2018.doc\">Atualiza\u00e7\u00f5es em 22\/01\/2018<\/a><\/p>\n<p><a href=\"https:\/\/www.bu.ufmg.br\/ditti\/wp-content\/uploads\/2019\/09\/PER-LIB-009-Libera\u00e7\u00e3o-de-Vers\u00e3o-01-11-2017.doc\">Atualiza\u00e7\u00f5es em 01\/11\/2017<\/a><\/p>\n<p><a href=\"https:\/\/www.bu.ufmg.br\/ditti\/wp-content\/uploads\/2017\/10\/Pergamum-Libera\u00e7\u00e3o-de-Vers\u00e3o-03_10_2017.pdf\">Atualiza\u00e7\u00f5es em 03\/10\/2017<\/a><\/p>\n<p><a href=\"https:\/\/www.bu.ufmg.br\/ditti\/wp-content\/uploads\/2017\/10\/pergamum-Libera\u00e7\u00e3o-de-Vers\u00e3o-15-09-2017.pdf\">Atualiza\u00e7\u00f5es em 15\/09\/2017<\/a><\/p>\n<p><a href=\"https:\/\/www.bu.ufmg.br\/ditti\/wp-content\/uploads\/2017\/10\/Pergamum-Libera\u00e7\u00e3o-de-Vers\u00e3o-10-08-2017.pdf\">Atualiza\u00e7\u00f5es em\u00a0 10\/08\/2017<\/a><\/p>\n<p><a href=\"https:\/\/www.bu.ufmg.br\/ditti\/wp-content\/uploads\/2017\/10\/Pergamum-Libera\u00e7\u00e3o-de-Vers\u00e3o-04-07-2017.pdf\">Atualiza\u00e7\u00f5es em 04\/07\/2017<\/a><\/p>\n","protected":false},"excerpt":{"rendered":"<p>Atualiza\u00e7\u00e3o PergamumWeb O sistema Pergamum possui atualiza\u00e7\u00f5es mensais (\u00e0s vezes semanais\u00bb). Cada \u00a0atualiza\u00e7\u00e3o \u00a0est\u00e1 descrita nos manuais \u00a0de atualiza\u00e7\u00f5es do Pergamum disponibilizados \u00a0abaixo\u00a0 e, \u00a0tamb\u00e9m, \u00a0no pr\u00f3prio site do Pergamum &hellip; <\/p>\n","protected":false},"author":1,"featured_media":436,"parent":0,"menu_order":0,"comment_status":"closed","ping_status":"closed","template":"","meta":{"footnotes":""},"class_list":["post-100","page","type-page","status-publish","has-post-thumbnail","hentry"],"_links":{"self":[{"href":"https:\/\/www.bu.ufmg.br\/ditti\/wp-json\/wp\/v2\/pages\/100","targetHints":{"allow":["GET"]}}],"collection":[{"href":"https:\/\/www.bu.ufmg.br\/ditti\/wp-json\/wp\/v2\/pages"}],"about":[{"href":"https:\/\/www.bu.ufmg.br\/ditti\/wp-json\/wp\/v2\/types\/page"}],"author":[{"embeddable":true,"href":"https:\/\/www.bu.ufmg.br\/ditti\/wp-json\/wp\/v2\/users\/1"}],"replies":[{"embeddable":true,"href":"https:\/\/www.bu.ufmg.br\/ditti\/wp-json\/wp\/v2\/comments?post=100"}],"version-history":[{"count":34,"href":"https:\/\/www.bu.ufmg.br\/ditti\/wp-json\/wp\/v2\/pages\/100\/revisions"}],"predecessor-version":[{"id":1052,"href":"https:\/\/www.bu.ufmg.br\/ditti\/wp-json\/wp\/v2\/pages\/100\/revisions\/1052"}],"wp:featuredmedia":[{"embeddable":true,"href":"https:\/\/www.bu.ufmg.br\/ditti\/wp-json\/wp\/v2\/media\/436"}],"wp:attachment":[{"href":"https:\/\/www.bu.ufmg.br\/ditti\/wp-json\/wp\/v2\/media?parent=100"}],"curies":[{"name":"wp","href":"https:\/\/api.w.org\/{rel}","templated":true}]}}