{"id":99,"date":"2022-03-29T17:11:43","date_gmt":"2022-03-29T20:11:43","guid":{"rendered":"https:\/\/www.bu.ufmg.br\/catalogacao\/?page_id=99"},"modified":"2022-05-12T21:51:46","modified_gmt":"2022-05-13T00:51:46","slug":"campo-090-diversos","status":"publish","type":"page","link":"https:\/\/www.bu.ufmg.br\/catalogacao\/campo-090-diversos\/","title":{"rendered":"Campo 090 &#8211; Diversos"},"content":{"rendered":"\n<figure class=\"wp-block-table has-medium-font-size\"><table class=\"has-colibri-color-6-color has-text-color has-background\" style=\"background:linear-gradient(100deg,rgb(238,238,238) 0%,rgb(169,184,195) 100%)\"><thead><tr><th class=\"has-text-align-left\" data-align=\"left\">BIBLIOTECA UNIVERSIT\u00c1RIA<br>Central de Controle e Qualidade da Cataloga\u00e7\u00e3o-CCQC<\/th><\/tr><\/thead><tbody><tr><td class=\"has-text-align-left\" data-align=\"left\"><br><\/td><\/tr><tr><td class=\"has-text-align-left\" data-align=\"left\"><strong>Comunicado N\u00b0<\/strong>:09                                                                         <strong> Data:<\/strong>22\/12\/2000<\/td><\/tr><tr><td class=\"has-text-align-left\" data-align=\"left\"><strong>Assunto: <\/strong>Diversos<\/td><\/tr><tr><td class=\"has-text-align-left\" data-align=\"left\"><br>ATEN\u00c7\u00c3O: N\u00e3o se esque\u00e7a do campo do operador e do campo 090<br><br>TESES:<br><br>Aten\u00e7\u00e3o ao comunicado t\u00e9cnico CCQC 05\/00:<br><br>&#8220;Nas listas de \\v j\u00e1 divulgadas pela CCQC n\u00e3o existe teses. De acordo com a resposta da Rede em rela\u00e7\u00e3o ao uso do\\v ou \\x para teses USAR \\x e n\u00e3o \\v.&#8221;<br><br>HOM\u00d4NIMOS:<br><br>Para distinguir nomes pessoais id\u00eanticos,  consultar as regaras 22.20 do AACR2. Observar tamb\u00e9m o cap\u00edtulo NOTAS ESPECIAIS, item 1.1 SOBRE AUTORIA, al\u00ednea a) HOM\u00d4NIMOS do manual autoridades de Nomes da FGV\/1990.<br><br><br><br><br><\/td><\/tr><\/tbody><\/table><\/figure>\n\n\n\n<p><\/p>\n","protected":false},"excerpt":{"rendered":"<p>BIBLIOTECA UNIVERSIT\u00c1RIACentral de Controle e Qualidade da Cataloga\u00e7\u00e3o-CCQC Comunicado N\u00b0:09 Data:22\/12\/2000 Assunto: Diversos ATEN\u00c7\u00c3O: N\u00e3o se esque\u00e7a do campo do operador e do campo 090 TESES: Aten\u00e7\u00e3o ao comunicado t\u00e9cnico CCQC 05\/00: &#8220;Nas listas de \\v j\u00e1 divulgadas pela CCQC n\u00e3o existe teses. De acordo com a resposta da Rede em rela\u00e7\u00e3o ao uso do\\v [&hellip;]<\/p>\n","protected":false},"author":1,"featured_media":0,"parent":0,"menu_order":0,"comment_status":"closed","ping_status":"closed","template":"","meta":{"footnotes":""},"class_list":["post-99","page","type-page","status-publish","hentry"],"_links":{"self":[{"href":"https:\/\/www.bu.ufmg.br\/catalogacao\/wp-json\/wp\/v2\/pages\/99","targetHints":{"allow":["GET"]}}],"collection":[{"href":"https:\/\/www.bu.ufmg.br\/catalogacao\/wp-json\/wp\/v2\/pages"}],"about":[{"href":"https:\/\/www.bu.ufmg.br\/catalogacao\/wp-json\/wp\/v2\/types\/page"}],"author":[{"embeddable":true,"href":"https:\/\/www.bu.ufmg.br\/catalogacao\/wp-json\/wp\/v2\/users\/1"}],"replies":[{"embeddable":true,"href":"https:\/\/www.bu.ufmg.br\/catalogacao\/wp-json\/wp\/v2\/comments?post=99"}],"version-history":[{"count":0,"href":"https:\/\/www.bu.ufmg.br\/catalogacao\/wp-json\/wp\/v2\/pages\/99\/revisions"}],"wp:attachment":[{"href":"https:\/\/www.bu.ufmg.br\/catalogacao\/wp-json\/wp\/v2\/media?parent=99"}],"curies":[{"name":"wp","href":"https:\/\/api.w.org\/{rel}","templated":true}]}}