{"id":9,"date":"2022-03-09T13:03:55","date_gmt":"2022-03-09T16:03:55","guid":{"rendered":"https:\/\/www.bu.ufmg.br\/catalogacao\/?page_id=9"},"modified":"2022-11-29T20:59:34","modified_gmt":"2022-11-29T23:59:34","slug":"sobre-o-grupo","status":"publish","type":"page","link":"https:\/\/www.bu.ufmg.br\/catalogacao\/sobre-o-grupo\/","title":{"rendered":"Cataloga\u00e7\u00e3o no Pergamum"},"content":{"rendered":"\n<p class=\"has-drop-cap has-colibri-color-6-color has-text-color has-medium-font-size\">Aqui voc\u00ea vai encontrar  diversos tutoriais, novidades de cataloga\u00e7\u00e3o  e informa\u00e7\u00e3o dos padr\u00f5es de cataloga\u00e7\u00e3o adotados na UFMG  e na utiliza\u00e7\u00e3o do sistema Pergamum. <\/p>\n\n\n\n<p><\/p>\n","protected":false},"excerpt":{"rendered":"<p>Aqui voc\u00ea vai encontrar diversos tutoriais, novidades de cataloga\u00e7\u00e3o e informa\u00e7\u00e3o dos padr\u00f5es de cataloga\u00e7\u00e3o adotados na UFMG e na utiliza\u00e7\u00e3o do sistema Pergamum.<\/p>\n","protected":false},"author":1,"featured_media":0,"parent":0,"menu_order":0,"comment_status":"closed","ping_status":"closed","template":"","meta":{"footnotes":""},"class_list":["post-9","page","type-page","status-publish","hentry"],"_links":{"self":[{"href":"https:\/\/www.bu.ufmg.br\/catalogacao\/wp-json\/wp\/v2\/pages\/9","targetHints":{"allow":["GET"]}}],"collection":[{"href":"https:\/\/www.bu.ufmg.br\/catalogacao\/wp-json\/wp\/v2\/pages"}],"about":[{"href":"https:\/\/www.bu.ufmg.br\/catalogacao\/wp-json\/wp\/v2\/types\/page"}],"author":[{"embeddable":true,"href":"https:\/\/www.bu.ufmg.br\/catalogacao\/wp-json\/wp\/v2\/users\/1"}],"replies":[{"embeddable":true,"href":"https:\/\/www.bu.ufmg.br\/catalogacao\/wp-json\/wp\/v2\/comments?post=9"}],"version-history":[{"count":0,"href":"https:\/\/www.bu.ufmg.br\/catalogacao\/wp-json\/wp\/v2\/pages\/9\/revisions"}],"wp:attachment":[{"href":"https:\/\/www.bu.ufmg.br\/catalogacao\/wp-json\/wp\/v2\/media?parent=9"}],"curies":[{"name":"wp","href":"https:\/\/api.w.org\/{rel}","templated":true}]}}