{"id":895,"date":"2022-05-05T16:43:55","date_gmt":"2022-05-05T19:43:55","guid":{"rendered":"https:\/\/www.bu.ufmg.br\/catalogacao\/?page_id=895"},"modified":"2022-05-12T20:44:11","modified_gmt":"2022-05-12T23:44:11","slug":"parametrizacao-dpd","status":"publish","type":"page","link":"https:\/\/www.bu.ufmg.br\/catalogacao\/parametrizacao-dpd\/","title":{"rendered":"Campos 400-411, 800-811 (S\u00e9rie)"},"content":{"rendered":"\n<figure class=\"wp-block-table alignleft has-medium-font-size\"><table class=\"has-colibri-color-6-color has-text-color has-background\" style=\"background:linear-gradient(100deg,rgb(238,238,238) 0%,rgb(169,184,195) 100%)\"><thead><tr><th class=\"has-text-align-left\" data-align=\"left\"><strong>BIBLIOTECA UNIVERSIT\u00c1RIA \u2013 UFMG&nbsp;&nbsp;&nbsp;&nbsp;&nbsp;&nbsp;&nbsp;&nbsp;&nbsp;&nbsp;&nbsp;&nbsp;&nbsp;&nbsp;&nbsp;&nbsp;&nbsp;&nbsp;&nbsp;&nbsp;&nbsp;&nbsp;&nbsp;&nbsp;&nbsp;&nbsp;&nbsp;&nbsp;&nbsp;&nbsp;&nbsp;&nbsp;&nbsp;&nbsp;&nbsp;&nbsp;&nbsp;&nbsp;&nbsp;&nbsp;&nbsp;&nbsp;&nbsp;&nbsp;&nbsp;<br>CENTRAL DE CONTROLE E QUALIDADE DA CATALOGA\u00c7\u00c3O &#8211; CCQC<\/strong><\/th><\/tr><\/thead><tbody><tr><td class=\"has-text-align-left\" data-align=\"left\"><br><\/td><\/tr><tr><td class=\"has-text-align-left\" data-align=\"left\"><strong>COMUNICADO N\u00ba:<\/strong> &nbsp;15 &nbsp; &nbsp; <strong>DATA:<\/strong> 09\/10\/01<br><\/td><\/tr><tr><td class=\"has-text-align-left\" data-align=\"left\"><strong>ASSUNTO: <\/strong>&nbsp;Campos 400-411, 800-811 (S\u00e9rie)<br><\/td><\/tr><tr><td class=\"has-text-align-left\" data-align=\"left\"><br>Prezados catalogadores,<br><br>ATEN\u00c7\u00c3O: ESTE COMUNICADO SUBSTITUI O COMUNICADO N\u00daMERO 15 DE 11\/09\/01.<br>\u00c9 resultado de correspond\u00eancia entre CCQC e coordena\u00e7\u00e3o da rede Bibliodata.<br><br>SOLICITAMOS SEGUIR AS NOVAS ORIENTADORES PARA ESTE CASO DE S\u00c9RIE<br>Esclarecemos que foi encaminhado a DPD &nbsp;solicitado de parametriza\u00e7\u00e3o para recupera\u00e7\u00e3o dos campos 800-811 que aparecem em registros transferidos de outras bases.<br>&nbsp;<br>Correspond\u00eancia enviada pela CCQC &nbsp;a rede Bibliodata em 03\/10\/01:<br><br> &#8220;Como sabem estamos transferidos registros de v\u00e1rias bases e em alguns registros vem os campos 400-411, 800-811 e as vezes 490 com um dos campos.<br> A rede e tamb\u00e9m n\u00f3s n\u00e3o usamos estes campos, adotamos como a rede 440, &nbsp;490, &nbsp;830. O que acontece \u00e9 que pode haver na base uma mesma s\u00e9rie que ao ser implantada ser\u00e1 segundo a orienta\u00e7\u00e3o da rede e da UFMG e se for transfer\u00eancia pode vir com alguns destes campos n\u00e3o usados e est\u00e3o corretos de acordo com o MARC.  Outra quest\u00e3o \u00e9 que estes campos n\u00e3o est\u00e3o nos par\u00e2metros para serem recuperados (justamente porque n\u00e3o s\u00e3o usados nos registros). Escrevi um comunicado para os catalogadores e apesar de j\u00e1 ter liberado estou preocupada com o que orientei que foi o seguinte: substituir estes campos nos registros pelo 440 ou e 830 de acordo com o caso&#8221;<br>&nbsp;<br>RESPOSTA DA COORDENA\u00c7\u00c3O DA REDE BIBLIODATA<br>&nbsp;<br>Maria Helena,<br>Com rela\u00e7\u00e3o ao 400\/ 490. como est\u00e3o obsoletos acho que voc\u00ea pode com rela\u00e7\u00e3o para o 440\/490.<br>No entanto os campo 800 &#8211; 811 como n\u00e3o est\u00e3o obsoletos, nos estamos aceitando que informa assim, embora n\u00f3s n\u00e3o estejamos utilizando.<br>Atenciosamente:<br>CCQC&nbsp;<br><\/td><\/tr><\/tbody><\/table><\/figure>\n","protected":false},"excerpt":{"rendered":"<p>BIBLIOTECA UNIVERSIT\u00c1RIA \u2013 UFMG&nbsp;&nbsp;&nbsp;&nbsp;&nbsp;&nbsp;&nbsp;&nbsp;&nbsp;&nbsp;&nbsp;&nbsp;&nbsp;&nbsp;&nbsp;&nbsp;&nbsp;&nbsp;&nbsp;&nbsp;&nbsp;&nbsp;&nbsp;&nbsp;&nbsp;&nbsp;&nbsp;&nbsp;&nbsp;&nbsp;&nbsp;&nbsp;&nbsp;&nbsp;&nbsp;&nbsp;&nbsp;&nbsp;&nbsp;&nbsp;&nbsp;&nbsp;&nbsp;&nbsp;&nbsp;CENTRAL DE CONTROLE E QUALIDADE DA CATALOGA\u00c7\u00c3O &#8211; CCQC COMUNICADO N\u00ba: &nbsp;15 &nbsp; &nbsp; DATA: 09\/10\/01 ASSUNTO: &nbsp;Campos 400-411, 800-811 (S\u00e9rie) Prezados catalogadores, ATEN\u00c7\u00c3O: ESTE COMUNICADO SUBSTITUI O COMUNICADO N\u00daMERO 15 DE 11\/09\/01.\u00c9 resultado de correspond\u00eancia entre CCQC e coordena\u00e7\u00e3o da rede Bibliodata. SOLICITAMOS SEGUIR AS NOVAS ORIENTADORES PARA ESTE CASO DE [&hellip;]<\/p>\n","protected":false},"author":1,"featured_media":0,"parent":0,"menu_order":0,"comment_status":"closed","ping_status":"closed","template":"","meta":{"footnotes":""},"class_list":["post-895","page","type-page","status-publish","hentry"],"_links":{"self":[{"href":"https:\/\/www.bu.ufmg.br\/catalogacao\/wp-json\/wp\/v2\/pages\/895","targetHints":{"allow":["GET"]}}],"collection":[{"href":"https:\/\/www.bu.ufmg.br\/catalogacao\/wp-json\/wp\/v2\/pages"}],"about":[{"href":"https:\/\/www.bu.ufmg.br\/catalogacao\/wp-json\/wp\/v2\/types\/page"}],"author":[{"embeddable":true,"href":"https:\/\/www.bu.ufmg.br\/catalogacao\/wp-json\/wp\/v2\/users\/1"}],"replies":[{"embeddable":true,"href":"https:\/\/www.bu.ufmg.br\/catalogacao\/wp-json\/wp\/v2\/comments?post=895"}],"version-history":[{"count":0,"href":"https:\/\/www.bu.ufmg.br\/catalogacao\/wp-json\/wp\/v2\/pages\/895\/revisions"}],"wp:attachment":[{"href":"https:\/\/www.bu.ufmg.br\/catalogacao\/wp-json\/wp\/v2\/media?parent=895"}],"curies":[{"name":"wp","href":"https:\/\/api.w.org\/{rel}","templated":true}]}}