{"id":884,"date":"2022-05-05T16:29:21","date_gmt":"2022-05-05T19:29:21","guid":{"rendered":"https:\/\/www.bu.ufmg.br\/catalogacao\/?page_id=884"},"modified":"2022-05-10T21:45:30","modified_gmt":"2022-05-11T00:45:30","slug":"adaptacoes","status":"publish","type":"page","link":"https:\/\/www.bu.ufmg.br\/catalogacao\/adaptacoes\/","title":{"rendered":"Adapta\u00e7\u00f5es"},"content":{"rendered":"\n<figure class=\"wp-block-table alignleft is-style-regular has-medium-font-size\"><table class=\"has-very-light-gray-to-cyan-bluish-gray-gradient-background has-background\"><thead><tr><th class=\"has-text-align-left\" data-align=\"left\">BIBLIOTECA UNIVERSIT\u00c1RIA \u2013 UFMG\u00a0\u00a0\u00a0\u00a0\u00a0\u00a0\u00a0\u00a0\u00a0\u00a0\u00a0\u00a0\u00a0\u00a0\u00a0\u00a0\u00a0\u00a0\u00a0\u00a0\u00a0\u00a0\u00a0\u00a0\u00a0\u00a0\u00a0\u00a0\u00a0\u00a0\u00a0\u00a0\u00a0\u00a0\u00a0\u00a0\u00a0\u00a0\u00a0\u00a0\u00a0\u00a0\u00a0\u00a0\u00a0<br>CENTRAL DE CONTROLE E QUALIDADE DA CATALOGA\u00c7\u00c3O &#8211; CCQC<\/th><\/tr><\/thead><tbody><tr><td class=\"has-text-align-left\" data-align=\"left\"><br><strong>COMUNICADO N\u00ba: \u00a0 \u00a0 \u00a0 DATA:\u00a0<\/strong><\/td><\/tr><tr><td class=\"has-text-align-left\" data-align=\"left\"><strong>ASSUNTO: \u00a0Consulta AACR2 &#8211; Regra 21.10<\/strong><\/td><\/tr><tr><td class=\"has-text-align-left\" data-align=\"left\"><br><br>Classificar no n\u00famero da obra<br>> n\u00e3o representar o adaptador na forma\u00e7\u00e3o do cutter<br>> dar entrada para adaptador no campo 100<br>> desdobrar no campo 700 sa\u00eddas para o autor e o titulo da obra original\u00a0<br>> n\u00e3o havendo informa\u00e7\u00f5es no campo 245 de que se trata de uma obra adapta\u00e7\u00e3o, colocar em nota no campo 500<br>\u00a0<br>Ex: Campo 500: adapta\u00e7\u00f5es de : A cabe\u00e7a de meduza, de nathaniel hawthorne.<br>\u00a0<br>&#8211; Campo 100: lessa, origeneas, 1903 &#8211; 1986.<br><br>&#8211; Campo 245: A cabe\u00e7a de meduza e outras lendas gregas\/ origenes<br>Lessa; baseado na obra de Nathaniel hawthone<br><br>&#8211; Campo 700:\u00a0hawthone,\u00a0Nathaniel\u00a0, 1804 &#8211; 1864. A wonder.<\/td><\/tr><\/tbody><\/table><\/figure>\n\n\n\n<pre class=\"wp-block-preformatted\">\n\n\n\n\n\n<\/pre>\n\n\n\n<p><\/p>\n","protected":false},"excerpt":{"rendered":"<p>BIBLIOTECA UNIVERSIT\u00c1RIA \u2013 UFMG\u00a0\u00a0\u00a0\u00a0\u00a0\u00a0\u00a0\u00a0\u00a0\u00a0\u00a0\u00a0\u00a0\u00a0\u00a0\u00a0\u00a0\u00a0\u00a0\u00a0\u00a0\u00a0\u00a0\u00a0\u00a0\u00a0\u00a0\u00a0\u00a0\u00a0\u00a0\u00a0\u00a0\u00a0\u00a0\u00a0\u00a0\u00a0\u00a0\u00a0\u00a0\u00a0\u00a0\u00a0\u00a0CENTRAL DE CONTROLE E QUALIDADE DA CATALOGA\u00c7\u00c3O &#8211; CCQC COMUNICADO N\u00ba: \u00a0 \u00a0 \u00a0 DATA:\u00a0 ASSUNTO: \u00a0Consulta AACR2 &#8211; Regra 21.10 Classificar no n\u00famero da obra> n\u00e3o representar o adaptador na forma\u00e7\u00e3o do cutter> dar entrada para adaptador no campo 100> desdobrar no campo 700 sa\u00eddas para o autor e o titulo [&hellip;]<\/p>\n","protected":false},"author":1,"featured_media":0,"parent":0,"menu_order":0,"comment_status":"closed","ping_status":"closed","template":"","meta":{"footnotes":""},"class_list":["post-884","page","type-page","status-publish","hentry"],"_links":{"self":[{"href":"https:\/\/www.bu.ufmg.br\/catalogacao\/wp-json\/wp\/v2\/pages\/884","targetHints":{"allow":["GET"]}}],"collection":[{"href":"https:\/\/www.bu.ufmg.br\/catalogacao\/wp-json\/wp\/v2\/pages"}],"about":[{"href":"https:\/\/www.bu.ufmg.br\/catalogacao\/wp-json\/wp\/v2\/types\/page"}],"author":[{"embeddable":true,"href":"https:\/\/www.bu.ufmg.br\/catalogacao\/wp-json\/wp\/v2\/users\/1"}],"replies":[{"embeddable":true,"href":"https:\/\/www.bu.ufmg.br\/catalogacao\/wp-json\/wp\/v2\/comments?post=884"}],"version-history":[{"count":0,"href":"https:\/\/www.bu.ufmg.br\/catalogacao\/wp-json\/wp\/v2\/pages\/884\/revisions"}],"wp:attachment":[{"href":"https:\/\/www.bu.ufmg.br\/catalogacao\/wp-json\/wp\/v2\/media?parent=884"}],"curies":[{"name":"wp","href":"https:\/\/api.w.org\/{rel}","templated":true}]}}