{"id":740,"date":"2022-04-27T16:49:52","date_gmt":"2022-04-27T19:49:52","guid":{"rendered":"https:\/\/www.bu.ufmg.br\/catalogacao\/?page_id=740"},"modified":"2022-05-31T15:37:44","modified_gmt":"2022-05-31T18:37:44","slug":"informacoes-gerais","status":"publish","type":"page","link":"https:\/\/www.bu.ufmg.br\/catalogacao\/informacoes-gerais\/","title":{"rendered":"Informa\u00e7\u00f5es Gerais"},"content":{"rendered":"\n<p>Comando TB<a href=\"https:\/\/www.bu.ufmg.br\/catalogacao\/comando-tb\/\" data-type=\"URL\" data-id=\"https:\/\/www.bu.ufmg.br\/catalogacao\/comando-tb\/\" target=\"_blank\" rel=\"noreferrer noopener\"><img loading=\"lazy\" decoding=\"async\" width=\"50\" height=\"51\" class=\"wp-image-987\" style=\"width: 50px;\" src=\"https:\/\/www.bu.ufmg.br\/catalogacao\/wp-content\/uploads\/2022\/05\/seta-D-azul4.jpg\" alt=\"\"><\/a><\/p>\n\n\n\n<p>Uso do comando Easypac<a href=\"https:\/\/www.bu.ufmg.br\/catalogacao\/uso-do-comando-easypac\/\" target=\"_blank\" rel=\"noreferrer noopener\"><img loading=\"lazy\" decoding=\"async\" width=\"50\" height=\"51\" class=\"wp-image-987\" style=\"width: 50px;\" src=\"https:\/\/www.bu.ufmg.br\/catalogacao\/wp-content\/uploads\/2022\/05\/seta-D-azul4.jpg\" alt=\"\"><\/a><\/p>\n\n\n\n<p>S\u00e9rie com T\u00edtulo Gen\u00e9rico e com Entidade Respons\u00e1vel<a href=\"https:\/\/www.bu.ufmg.br\/catalogacao\/nota-de-conteudo-paralelo\/\" target=\"_blank\" rel=\"noreferrer noopener\"><img loading=\"lazy\" decoding=\"async\" width=\"50\" height=\"51\" class=\"wp-image-987\" style=\"width: 50px;\" src=\"https:\/\/www.bu.ufmg.br\/catalogacao\/wp-content\/uploads\/2022\/05\/seta-D-azul4.jpg\" alt=\"\"><\/a><\/p>\n\n\n\n<p>Nota de Conte\u00fado Paralelo<a href=\"https:\/\/www.bu.ufmg.br\/catalogacao\/nota-de-conteudo-paralelo\/\" target=\"_blank\" rel=\"noreferrer noopener\"><img loading=\"lazy\" decoding=\"async\" width=\"50\" height=\"51\" class=\"wp-image-987\" style=\"width: 50px;\" src=\"https:\/\/www.bu.ufmg.br\/catalogacao\/wp-content\/uploads\/2022\/05\/seta-D-azul4.jpg\" alt=\"\"><\/a><\/p>\n\n\n\n<p>Registros Bibliograficos rede bibliodata 03\/99<a href=\"https:\/\/www.bu.ufmg.br\/catalogacao\/registros-bibliograficos-rede-bibliodata-03-99\/\" target=\"_blank\" rel=\"noreferrer noopener\"><img loading=\"lazy\" decoding=\"async\" width=\"50\" height=\"51\" class=\"wp-image-987\" style=\"width: 50px;\" src=\"https:\/\/www.bu.ufmg.br\/catalogacao\/wp-content\/uploads\/2022\/05\/seta-D-azul4.jpg\" alt=\"\"><\/a><\/p>\n\n\n\n<p>Inclus\u00e3o de item<a href=\"https:\/\/www.bu.ufmg.br\/catalogacao\/inclusao-de-item\/\" target=\"_blank\" rel=\"noreferrer noopener\"><img loading=\"lazy\" decoding=\"async\" width=\"50\" height=\"51\" class=\"wp-image-987\" style=\"width: 50px;\" src=\"https:\/\/www.bu.ufmg.br\/catalogacao\/wp-content\/uploads\/2022\/05\/seta-D-azul4.jpg\" alt=\"\"><\/a><\/p>\n\n\n\n<p>Comunicado 8\/99<a href=\"https:\/\/www.bu.ufmg.br\/catalogacao\/comunicado-8-99\/\" target=\"_blank\" rel=\"noreferrer noopener\"><img loading=\"lazy\" decoding=\"async\" width=\"50\" height=\"51\" class=\"wp-image-987\" style=\"width: 50px;\" src=\"https:\/\/www.bu.ufmg.br\/catalogacao\/wp-content\/uploads\/2022\/05\/seta-D-azul4.jpg\" alt=\"\"><\/a><\/p>\n\n\n\n<p>Duplicidade de registros<a href=\"https:\/\/www.bu.ufmg.br\/catalogacao\/duplicidade-de-registros\/\" target=\"_blank\" rel=\"noreferrer noopener\"><img loading=\"lazy\" decoding=\"async\" width=\"50\" height=\"51\" class=\"wp-image-987\" style=\"width: 50px;\" src=\"https:\/\/www.bu.ufmg.br\/catalogacao\/wp-content\/uploads\/2022\/05\/seta-D-azul4.jpg\" alt=\"\"><\/a><\/p>\n\n\n\n<p>Linha FGV em fevereiro<a href=\"https:\/\/www.bu.ufmg.br\/catalogacao\/linha-fgv-em-fevereiro-2\/\" target=\"_blank\" rel=\"noreferrer noopener\"><img loading=\"lazy\" decoding=\"async\" width=\"50\" height=\"51\" class=\"wp-image-987\" style=\"width: 50px;\" src=\"https:\/\/www.bu.ufmg.br\/catalogacao\/wp-content\/uploads\/2022\/05\/seta-D-azul4.jpg\" alt=\"\"><\/a><\/p>\n\n\n\n<p>Registro Bibliografico 2\/98<a href=\"https:\/\/www.bu.ufmg.br\/catalogacao\/registro-bibliografico-2-98\/\" target=\"_blank\" rel=\"noreferrer noopener\"><img loading=\"lazy\" decoding=\"async\" width=\"50\" height=\"51\" class=\"wp-image-987\" style=\"width: 50px;\" src=\"https:\/\/www.bu.ufmg.br\/catalogacao\/wp-content\/uploads\/2022\/05\/seta-D-azul4.jpg\" alt=\"\"><\/a><\/p>\n\n\n\n<p>Autoridade para o Projeto Radam<a href=\"https:\/\/www.bu.ufmg.br\/catalogacao\/autoridade-para-o-projeto-radam\/\" target=\"_blank\" rel=\"noreferrer noopener\"><img loading=\"lazy\" decoding=\"async\" width=\"50\" height=\"51\" class=\"wp-image-987\" style=\"width: 50px;\" src=\"https:\/\/www.bu.ufmg.br\/catalogacao\/wp-content\/uploads\/2022\/05\/seta-D-azul4.jpg\" alt=\"\"><\/a><\/p>\n\n\n\n<p>VTLS &#8211; Fonte de Registro<a href=\"https:\/\/www.bu.ufmg.br\/catalogacao\/vtls-fonte-de-registro\/\" target=\"_blank\" rel=\"noreferrer noopener\"><img loading=\"lazy\" decoding=\"async\" width=\"50\" height=\"51\" class=\"wp-image-987\" style=\"width: 50px;\" src=\"https:\/\/www.bu.ufmg.br\/catalogacao\/wp-content\/uploads\/2022\/05\/seta-D-azul4.jpg\" alt=\"\"><\/a><\/p>\n\n\n\n<p>Com: 13\/99 estat\u00edsticas de bib ids a CCQC<a href=\"https:\/\/www.bu.ufmg.br\/catalogacao\/com-13-99-estatisticas-de-bib-ids-a-ccqc\/\" target=\"_blank\" rel=\"noreferrer noopener\"><img loading=\"lazy\" decoding=\"async\" width=\"50\" height=\"51\" class=\"wp-image-987\" style=\"width: 50px;\" src=\"https:\/\/www.bu.ufmg.br\/catalogacao\/wp-content\/uploads\/2022\/05\/seta-D-azul4.jpg\" alt=\"\"><\/a><\/p>\n\n\n\n<p>Comunicado 2\/99<a href=\"https:\/\/www.bu.ufmg.br\/catalogacao\/comunicado-2-99\/\" target=\"_blank\" rel=\"noreferrer noopener\"><img loading=\"lazy\" decoding=\"async\" width=\"50\" height=\"51\" class=\"wp-image-987\" style=\"width: 50px;\" src=\"https:\/\/www.bu.ufmg.br\/catalogacao\/wp-content\/uploads\/2022\/05\/seta-D-azul4.jpg\" alt=\"\"><\/a><\/p>\n\n\n\n<p>Linha FGV em fevereiro<a href=\"https:\/\/www.bu.ufmg.br\/catalogacao\/linha-fgv-em-fevereiro\/\" target=\"_blank\" rel=\"noreferrer noopener\"><img loading=\"lazy\" decoding=\"async\" width=\"50\" height=\"51\" class=\"wp-image-987\" style=\"width: 50px;\" src=\"https:\/\/www.bu.ufmg.br\/catalogacao\/wp-content\/uploads\/2022\/05\/seta-D-azul4.jpg\" alt=\"\"><\/a><\/p>\n\n\n\n<p>Com: 4\/99 Orgao de Na\u00e7oes Unidas<a href=\"https:\/\/www.bu.ufmg.br\/catalogacao\/com-4-99-orgao-de-nacoes-unidas\/\" target=\"_blank\" rel=\"noreferrer noopener\"><img loading=\"lazy\" decoding=\"async\" width=\"50\" height=\"51\" class=\"wp-image-987\" style=\"width: 50px;\" src=\"https:\/\/www.bu.ufmg.br\/catalogacao\/wp-content\/uploads\/2022\/05\/seta-D-azul4.jpg\" alt=\"\"><\/a><\/p>\n\n\n\n<p>Comunicado 5\/99<a href=\"https:\/\/www.bu.ufmg.br\/catalogacao\/comunicado-5-99\/\" target=\"_blank\" rel=\"noreferrer noopener\"><img loading=\"lazy\" decoding=\"async\" width=\"50\" height=\"51\" class=\"wp-image-987\" style=\"width: 50px;\" src=\"https:\/\/www.bu.ufmg.br\/catalogacao\/wp-content\/uploads\/2022\/05\/seta-D-azul4.jpg\" alt=\"\"><\/a><\/p>\n\n\n\n<p>Com: tecnico 1 Linha FGV<a href=\"https:\/\/www.bu.ufmg.br\/catalogacao\/com-tecnico-1-linha-fgv\/\" target=\"_blank\" rel=\"noreferrer noopener\"><img loading=\"lazy\" decoding=\"async\" width=\"50\" height=\"51\" class=\"wp-image-987\" style=\"width: 50px;\" src=\"https:\/\/www.bu.ufmg.br\/catalogacao\/wp-content\/uploads\/2022\/05\/seta-D-azul4.jpg\" alt=\"\"><\/a><\/p>\n\n\n\n<p><\/p>\n\n\n\n<p><\/p>\n","protected":false},"excerpt":{"rendered":"<p>Comando TB Uso do comando Easypac S\u00e9rie com T\u00edtulo Gen\u00e9rico e com Entidade Respons\u00e1vel Nota de Conte\u00fado Paralelo Registros Bibliograficos rede bibliodata 03\/99 Inclus\u00e3o de item Comunicado 8\/99 Duplicidade de registros Linha FGV em fevereiro Registro Bibliografico 2\/98 Autoridade para o Projeto Radam VTLS &#8211; Fonte de Registro Com: 13\/99 estat\u00edsticas de bib ids a [&hellip;]<\/p>\n","protected":false},"author":1,"featured_media":0,"parent":0,"menu_order":0,"comment_status":"closed","ping_status":"closed","template":"","meta":{"footnotes":""},"class_list":["post-740","page","type-page","status-publish","hentry"],"_links":{"self":[{"href":"https:\/\/www.bu.ufmg.br\/catalogacao\/wp-json\/wp\/v2\/pages\/740","targetHints":{"allow":["GET"]}}],"collection":[{"href":"https:\/\/www.bu.ufmg.br\/catalogacao\/wp-json\/wp\/v2\/pages"}],"about":[{"href":"https:\/\/www.bu.ufmg.br\/catalogacao\/wp-json\/wp\/v2\/types\/page"}],"author":[{"embeddable":true,"href":"https:\/\/www.bu.ufmg.br\/catalogacao\/wp-json\/wp\/v2\/users\/1"}],"replies":[{"embeddable":true,"href":"https:\/\/www.bu.ufmg.br\/catalogacao\/wp-json\/wp\/v2\/comments?post=740"}],"version-history":[{"count":0,"href":"https:\/\/www.bu.ufmg.br\/catalogacao\/wp-json\/wp\/v2\/pages\/740\/revisions"}],"wp:attachment":[{"href":"https:\/\/www.bu.ufmg.br\/catalogacao\/wp-json\/wp\/v2\/media?parent=740"}],"curies":[{"name":"wp","href":"https:\/\/api.w.org\/{rel}","templated":true}]}}