{"id":735,"date":"2022-04-27T16:47:37","date_gmt":"2022-04-27T19:47:37","guid":{"rendered":"https:\/\/www.bu.ufmg.br\/catalogacao\/?page_id=735"},"modified":"2022-05-27T16:51:50","modified_gmt":"2022-05-27T19:51:50","slug":"campo-5xx-2","status":"publish","type":"page","link":"https:\/\/www.bu.ufmg.br\/catalogacao\/campo-5xx-2\/","title":{"rendered":"Campo 5xx"},"content":{"rendered":"\n<p>Campo 866 &#8211; Exibi\u00e7\u00e3o Incompleta<a href=\"https:\/\/www.bu.ufmg.br\/catalogacao\/campo-866-exibicao-incompleta\/\" target=\"_blank\" rel=\"noreferrer noopener\"><img loading=\"lazy\" decoding=\"async\" width=\"50\" height=\"51\" class=\"wp-image-987\" style=\"width: 50px;\" src=\"https:\/\/www.bu.ufmg.br\/catalogacao\/wp-content\/uploads\/2022\/05\/seta-D-azul4.jpg\" alt=\"\"><\/a><\/p>\n\n\n\n<p>Suspens\u00e3o tempor\u00e1ria do kardex<a href=\"https:\/\/www.bu.ufmg.br\/catalogacao\/suspensao-temporaria-do-kardex\/\" target=\"_blank\" rel=\"noreferrer noopener\"><img loading=\"lazy\" decoding=\"async\" width=\"50\" height=\"51\" class=\"wp-image-987\" style=\"width: 50px;\" src=\"https:\/\/www.bu.ufmg.br\/catalogacao\/wp-content\/uploads\/2022\/05\/seta-D-azul4.jpg\" alt=\"\"><\/a><\/p>\n","protected":false},"excerpt":{"rendered":"<p>Campo 866 &#8211; Exibi\u00e7\u00e3o Incompleta Suspens\u00e3o tempor\u00e1ria do kardex<\/p>\n","protected":false},"author":1,"featured_media":0,"parent":0,"menu_order":0,"comment_status":"closed","ping_status":"closed","template":"","meta":{"footnotes":""},"class_list":["post-735","page","type-page","status-publish","hentry"],"_links":{"self":[{"href":"https:\/\/www.bu.ufmg.br\/catalogacao\/wp-json\/wp\/v2\/pages\/735","targetHints":{"allow":["GET"]}}],"collection":[{"href":"https:\/\/www.bu.ufmg.br\/catalogacao\/wp-json\/wp\/v2\/pages"}],"about":[{"href":"https:\/\/www.bu.ufmg.br\/catalogacao\/wp-json\/wp\/v2\/types\/page"}],"author":[{"embeddable":true,"href":"https:\/\/www.bu.ufmg.br\/catalogacao\/wp-json\/wp\/v2\/users\/1"}],"replies":[{"embeddable":true,"href":"https:\/\/www.bu.ufmg.br\/catalogacao\/wp-json\/wp\/v2\/comments?post=735"}],"version-history":[{"count":0,"href":"https:\/\/www.bu.ufmg.br\/catalogacao\/wp-json\/wp\/v2\/pages\/735\/revisions"}],"wp:attachment":[{"href":"https:\/\/www.bu.ufmg.br\/catalogacao\/wp-json\/wp\/v2\/media?parent=735"}],"curies":[{"name":"wp","href":"https:\/\/api.w.org\/{rel}","templated":true}]}}