{"id":731,"date":"2022-04-27T16:45:36","date_gmt":"2022-04-27T19:45:36","guid":{"rendered":"https:\/\/www.bu.ufmg.br\/catalogacao\/?page_id=731"},"modified":"2022-05-26T17:34:41","modified_gmt":"2022-05-26T20:34:41","slug":"campos-5xx-2","status":"publish","type":"page","link":"https:\/\/www.bu.ufmg.br\/catalogacao\/campos-5xx-2\/","title":{"rendered":"Campos 5xx"},"content":{"rendered":"\n<figure class=\"wp-block-table has-medium-font-size\"><table class=\"has-colibri-color-6-color has-text-color has-background\" style=\"background:linear-gradient(100deg,rgb(238,238,238) 0%,rgb(169,184,195) 100%)\"><thead><tr><th class=\"has-text-align-left\" data-align=\"left\">BIBLIOTECA UNIVERSIT\u00c1RIA &#8211; UFMG<br>CENTRAL DE CONTROLE E QUALIDADE DA CATALOGA\u00c7\u00c3O -CCQC<\/th><\/tr><\/thead><tbody><tr><td class=\"has-text-align-left\" data-align=\"left\"><br><br><strong>COMUNICADO N\u00ba<\/strong>:\u00a0 2008\u00a0\u00a0\u00a0\u00a0\u00a0\u00a0\u00a0\u00a0\u00a0\u00a0\u00a0\u00a0\u00a0\u00a0\u00a0\u00a0\u00a0\u00a0 <strong>DATA<\/strong>: 29\/04\/2008<\/td><\/tr><tr><td class=\"has-text-align-left\" data-align=\"left\"><br><br><strong>ASSUNTO<\/strong>:\u00a0 Campos 5XX<\/td><\/tr><tr><td class=\"has-text-align-left\" data-align=\"left\"><br>Prezados Catalogadores,<br>\u00a0<br>Tendo em vista as d\u00favidas encaminhadas \u00e0 CCQC, esclarecemos o uso dos campos 500 e 504 para bibliografia, \u00edndices, ap\u00eandices e anexos.<br>\u00a0<br>O campo 500 \u2013 Notas Gerais<br>Usar para: \u00cdndice e anexo.<br>Exemplos:<br>500 ## $a Inclui \u00edndice<br>500 ## $a Inclui anexo<br>\u00a0<br>504 \u2013 Notas de bibliografia, ap\u00eandice e\/ou \u00edndice<br>Usar para: Bibliografia, bibliografia combinada com \u00edndice<br>Exemplos:<br>504 ## $a Inclui bibliografia<br>504 ## $a Bibliografia: p. 156-162<br>504 ## $a Inclui bibliografia e \u00edndice<br>504 ## $a Inclui ap\u00eandice<br>\u00a0<br>\u00a0<br>Atenciosamente,<br>CCCQ<\/td><\/tr><\/tbody><\/table><\/figure>\n","protected":false},"excerpt":{"rendered":"<p>BIBLIOTECA UNIVERSIT\u00c1RIA &#8211; UFMGCENTRAL DE CONTROLE E QUALIDADE DA CATALOGA\u00c7\u00c3O -CCQC COMUNICADO N\u00ba:\u00a0 2008\u00a0\u00a0\u00a0\u00a0\u00a0\u00a0\u00a0\u00a0\u00a0\u00a0\u00a0\u00a0\u00a0\u00a0\u00a0\u00a0\u00a0\u00a0 DATA: 29\/04\/2008 ASSUNTO:\u00a0 Campos 5XX Prezados Catalogadores,\u00a0Tendo em vista as d\u00favidas encaminhadas \u00e0 CCQC, esclarecemos o uso dos campos 500 e 504 para bibliografia, \u00edndices, ap\u00eandices e anexos.\u00a0O campo 500 \u2013 Notas GeraisUsar para: \u00cdndice e anexo.Exemplos:500 ## $a Inclui \u00edndice500 [&hellip;]<\/p>\n","protected":false},"author":1,"featured_media":0,"parent":0,"menu_order":0,"comment_status":"closed","ping_status":"closed","template":"","meta":{"footnotes":""},"class_list":["post-731","page","type-page","status-publish","hentry"],"_links":{"self":[{"href":"https:\/\/www.bu.ufmg.br\/catalogacao\/wp-json\/wp\/v2\/pages\/731","targetHints":{"allow":["GET"]}}],"collection":[{"href":"https:\/\/www.bu.ufmg.br\/catalogacao\/wp-json\/wp\/v2\/pages"}],"about":[{"href":"https:\/\/www.bu.ufmg.br\/catalogacao\/wp-json\/wp\/v2\/types\/page"}],"author":[{"embeddable":true,"href":"https:\/\/www.bu.ufmg.br\/catalogacao\/wp-json\/wp\/v2\/users\/1"}],"replies":[{"embeddable":true,"href":"https:\/\/www.bu.ufmg.br\/catalogacao\/wp-json\/wp\/v2\/comments?post=731"}],"version-history":[{"count":0,"href":"https:\/\/www.bu.ufmg.br\/catalogacao\/wp-json\/wp\/v2\/pages\/731\/revisions"}],"wp:attachment":[{"href":"https:\/\/www.bu.ufmg.br\/catalogacao\/wp-json\/wp\/v2\/media?parent=731"}],"curies":[{"name":"wp","href":"https:\/\/api.w.org\/{rel}","templated":true}]}}