{"id":717,"date":"2022-04-26T16:00:20","date_gmt":"2022-04-26T19:00:20","guid":{"rendered":"https:\/\/www.bu.ufmg.br\/catalogacao\/?page_id=717"},"modified":"2022-05-27T16:29:14","modified_gmt":"2022-05-27T19:29:14","slug":"campo-3xx-2","status":"publish","type":"page","link":"https:\/\/www.bu.ufmg.br\/catalogacao\/campo-3xx-2\/","title":{"rendered":"Campo 3xx"},"content":{"rendered":"\n<p>Campo 4xx &#8211; Cabe\u00e7alhos de Assunto &#8211; Exibi\u00e7\u00e3o na lista de assunto<a href=\"https:\/\/www.bu.ufmg.br\/catalogacao\/campo-4xx-cabecalhos-de-assunto-exibicao-na-lista-de-assunto\/\" target=\"_blank\" rel=\"noreferrer noopener\"><img loading=\"lazy\" decoding=\"async\" width=\"50\" height=\"51\" class=\"wp-image-987\" style=\"width: 50px;\" src=\"https:\/\/www.bu.ufmg.br\/catalogacao\/wp-content\/uploads\/2022\/05\/seta-D-azul4.jpg\" alt=\"\"><\/a><\/p>\n\n\n\n<p>campos 400-411 e 800-811 (S\u00e9rie)<a href=\"https:\/\/www.bu.ufmg.br\/catalogacao\/campos-400-411-e-800-811-serie\/\" target=\"_blank\" rel=\"noreferrer noopener\"><img loading=\"lazy\" decoding=\"async\" width=\"50\" height=\"51\" class=\"wp-image-987\" style=\"width: 50px;\" src=\"https:\/\/www.bu.ufmg.br\/catalogacao\/wp-content\/uploads\/2022\/05\/seta-D-azul4.jpg\" alt=\"\"><\/a><\/p>\n\n\n\n<p>Campo 440 &#8211; Indica\u00e7\u00e3o de s\u00e9rie\/Entrada secund\u00e1ria de s\u00e9rie Campo 490 &#8211; Indica\u00e7\u00e3o de s\u00e9rie Campo 830 \u2013 Entrada secund\u00e1ria de s\u00e9rie-T\u00edtulo uniforme<a href=\"https:\/\/www.bu.ufmg.br\/catalogacao\/campo-440-indicacao-de-serie-entrada-secundaria-de-serie-campo-490-indicacao-de-serie-campo-830-entrada-secundaria-de-serie-titulo-uniforme\/\" target=\"_blank\" rel=\"noreferrer noopener\"><img loading=\"lazy\" decoding=\"async\" width=\"50\" height=\"51\" class=\"wp-image-987\" style=\"width: 50px;\" src=\"https:\/\/www.bu.ufmg.br\/catalogacao\/wp-content\/uploads\/2022\/05\/seta-D-azul4.jpg\" alt=\"\"><\/a><\/p>\n\n\n\n<p>Campos 400-411, 800-811 (s\u00e9rie)<a href=\"https:\/\/www.bu.ufmg.br\/catalogacao\/campos-400-411-800-811-serie\/\" target=\"_blank\" rel=\"noreferrer noopener\"><img loading=\"lazy\" decoding=\"async\" width=\"50\" height=\"51\" class=\"wp-image-987\" style=\"width: 50px;\" src=\"https:\/\/www.bu.ufmg.br\/catalogacao\/wp-content\/uploads\/2022\/05\/seta-D-azul4.jpg\" alt=\"\"><\/a><\/p>\n\n\n\n<p>Campo 440 &#8211; 830 &#8211; Eventos e S\u00e9ries<a href=\"https:\/\/www.bu.ufmg.br\/catalogacao\/campo-440-830-eventos-e-series\/\" target=\"_blank\" rel=\"noreferrer noopener\"><img loading=\"lazy\" decoding=\"async\" width=\"50\" height=\"51\" class=\"wp-image-987\" style=\"width: 50px;\" src=\"https:\/\/www.bu.ufmg.br\/catalogacao\/wp-content\/uploads\/2022\/05\/seta-D-azul4.jpg\" alt=\"\"><\/a><\/p>\n\n\n\n<p><\/p>\n","protected":false},"excerpt":{"rendered":"<p>Campo 4xx &#8211; Cabe\u00e7alhos de Assunto &#8211; Exibi\u00e7\u00e3o na lista de assunto campos 400-411 e 800-811 (S\u00e9rie) Campo 440 &#8211; Indica\u00e7\u00e3o de s\u00e9rie\/Entrada secund\u00e1ria de s\u00e9rie Campo 490 &#8211; Indica\u00e7\u00e3o de s\u00e9rie Campo 830 \u2013 Entrada secund\u00e1ria de s\u00e9rie-T\u00edtulo uniforme Campos 400-411, 800-811 (s\u00e9rie) Campo 440 &#8211; 830 &#8211; Eventos e S\u00e9ries<\/p>\n","protected":false},"author":1,"featured_media":0,"parent":0,"menu_order":0,"comment_status":"closed","ping_status":"closed","template":"","meta":{"footnotes":""},"class_list":["post-717","page","type-page","status-publish","hentry"],"_links":{"self":[{"href":"https:\/\/www.bu.ufmg.br\/catalogacao\/wp-json\/wp\/v2\/pages\/717","targetHints":{"allow":["GET"]}}],"collection":[{"href":"https:\/\/www.bu.ufmg.br\/catalogacao\/wp-json\/wp\/v2\/pages"}],"about":[{"href":"https:\/\/www.bu.ufmg.br\/catalogacao\/wp-json\/wp\/v2\/types\/page"}],"author":[{"embeddable":true,"href":"https:\/\/www.bu.ufmg.br\/catalogacao\/wp-json\/wp\/v2\/users\/1"}],"replies":[{"embeddable":true,"href":"https:\/\/www.bu.ufmg.br\/catalogacao\/wp-json\/wp\/v2\/comments?post=717"}],"version-history":[{"count":0,"href":"https:\/\/www.bu.ufmg.br\/catalogacao\/wp-json\/wp\/v2\/pages\/717\/revisions"}],"wp:attachment":[{"href":"https:\/\/www.bu.ufmg.br\/catalogacao\/wp-json\/wp\/v2\/media?parent=717"}],"curies":[{"name":"wp","href":"https:\/\/api.w.org\/{rel}","templated":true}]}}