{"id":666,"date":"2022-04-19T16:18:06","date_gmt":"2022-04-19T19:18:06","guid":{"rendered":"https:\/\/www.bu.ufmg.br\/catalogacao\/?page_id=666"},"modified":"2022-05-19T22:18:13","modified_gmt":"2022-05-20T01:18:13","slug":"campo-6xx","status":"publish","type":"page","link":"https:\/\/www.bu.ufmg.br\/catalogacao\/campo-6xx\/","title":{"rendered":"Campo 6xx"},"content":{"rendered":"\n<p class=\"has-colibri-color-6-color has-text-color has-medium-font-size\">Campo 6xx &#8211; Tratados no Registro Bibliogr\u00e1fico <a href=\"https:\/\/www.bu.ufmg.br\/catalogacao\/campo-6xx-tratados-no-registro-bibliografico\/\" target=\"_blank\" rel=\"noreferrer noopener\"><img loading=\"lazy\" decoding=\"async\" width=\"60\" height=\"61\" class=\"wp-image-987\" style=\"width: 60px;\" src=\"https:\/\/www.bu.ufmg.br\/catalogacao\/wp-content\/uploads\/2022\/05\/seta-D-azul4.jpg\" alt=\"\"><\/a><\/p>\n\n\n\n<p class=\"has-colibri-color-6-color has-text-color has-medium-font-size\">Campo 6xx &#8211; Transfer\u00eancia de Registros <a href=\"https:\/\/www.bu.ufmg.br\/catalogacao\/campo-6xx-transferencia-de-registros\/\" target=\"_blank\" rel=\"noreferrer noopener\"><img loading=\"lazy\" decoding=\"async\" width=\"60\" height=\"61\" class=\"wp-image-987\" style=\"width: 60px;\" src=\"https:\/\/www.bu.ufmg.br\/catalogacao\/wp-content\/uploads\/2022\/05\/seta-D-azul4.jpg\" alt=\"\"><\/a><\/p>\n\n\n\n<p class=\"has-colibri-color-6-color has-text-color has-medium-font-size\">Campo 650 &#8211; Hist\u00f3ria : Regra 1.5c <a href=\"https:\/\/www.bu.ufmg.br\/catalogacao\/campo-650-historia-regra-1-5c\/\" target=\"_blank\" rel=\"noreferrer noopener\"><img loading=\"lazy\" decoding=\"async\" width=\"60\" height=\"61\" class=\"wp-image-987\" style=\"width: 60px;\" src=\"https:\/\/www.bu.ufmg.br\/catalogacao\/wp-content\/uploads\/2022\/05\/seta-D-azul4.jpg\" alt=\"\"><\/a><\/p>\n\n\n\n<p class=\"has-colibri-color-6-color has-text-color has-medium-font-size\">Campo 697 &#8211; Termo Livre <a href=\"https:\/\/www.bu.ufmg.br\/catalogacao\/campo-697-termo-livre\/\" target=\"_blank\" rel=\"noreferrer noopener\"><img loading=\"lazy\" decoding=\"async\" width=\"60\" height=\"61\" class=\"wp-image-987\" style=\"width: 60px;\" src=\"https:\/\/www.bu.ufmg.br\/catalogacao\/wp-content\/uploads\/2022\/05\/seta-D-azul4.jpg\" alt=\"\"><\/a><\/p>\n\n\n\n<p class=\"has-colibri-color-6-color has-text-color has-medium-font-size\">Campo 600 $v Correspond\u00eancia <a rel=\"noreferrer noopener\" href=\"https:\/\/www.bu.ufmg.br\/catalogacao\/campo-600-v-correspondencia\/\" target=\"_blank\"><img loading=\"lazy\" decoding=\"async\" width=\"60\" height=\"61\" class=\"wp-image-987\" style=\"width: 60px;\" src=\"https:\/\/www.bu.ufmg.br\/catalogacao\/wp-content\/uploads\/2022\/05\/seta-D-azul4.jpg\" alt=\"\"><\/a><\/p>\n\n\n\n<p class=\"has-colibri-color-6-color has-text-color has-medium-font-size\">Campo 650, 651, 653, 655 e 696 <a href=\"https:\/\/www.bu.ufmg.br\/catalogacao\/campo-650-651-653-655-e-696\/\" target=\"_blank\" rel=\"noreferrer noopener\"><img loading=\"lazy\" decoding=\"async\" width=\"60\" height=\"61\" class=\"wp-image-987\" style=\"width: 60px;\" src=\"https:\/\/www.bu.ufmg.br\/catalogacao\/wp-content\/uploads\/2022\/05\/seta-D-azul4.jpg\" alt=\"\"><\/a><\/p>\n\n\n\n<p class=\"has-colibri-color-6-color has-text-color has-medium-font-size\">Cabe\u00e7alhos de Assuntos <a href=\"https:\/\/www.bu.ufmg.br\/catalogacao\/cabecalhos-de-assuntos\/\" target=\"_blank\" rel=\"noreferrer noopener\"><img loading=\"lazy\" decoding=\"async\" width=\"60\" height=\"61\" class=\"wp-image-987\" style=\"width: 60px;\" src=\"https:\/\/www.bu.ufmg.br\/catalogacao\/wp-content\/uploads\/2022\/05\/seta-D-azul4.jpg\" alt=\"\"><\/a><\/p>\n\n\n\n<p class=\"has-colibri-color-6-color has-text-color has-medium-font-size\">Campos X00- X10- X11- X30 &#8211; Cabe\u00e7alhos <a href=\"https:\/\/www.bu.ufmg.br\/catalogacao\/campos-x00-x10-x11-x30-cabecalhos\/\" target=\"_blank\" rel=\"noreferrer noopener\"><img loading=\"lazy\" decoding=\"async\" width=\"60\" height=\"61\" class=\"wp-image-987\" style=\"width: 60px;\" src=\"https:\/\/www.bu.ufmg.br\/catalogacao\/wp-content\/uploads\/2022\/05\/seta-D-azul4.jpg\" alt=\"\"><\/a><\/p>\n\n\n\n<p class=\"has-colibri-color-6-color has-text-color has-medium-font-size\">NLM Metodologia bibliogr\u00e1fica <a href=\"https:\/\/www.bu.ufmg.br\/catalogacao\/nlm-metodologia-bibliografica\/\" target=\"_blank\" rel=\"noreferrer noopener\"><img loading=\"lazy\" decoding=\"async\" width=\"60\" height=\"61\" class=\"wp-image-987\" style=\"width: 60px;\" src=\"https:\/\/www.bu.ufmg.br\/catalogacao\/wp-content\/uploads\/2022\/05\/seta-D-azul4.jpg\" alt=\"\"><\/a><\/p>\n\n\n\n<p class=\"has-colibri-color-6-color has-text-color has-medium-font-size\">Campos 600, 610, 611 , 630, 650 e 651 <a href=\"https:\/\/www.bu.ufmg.br\/catalogacao\/campos-600-610-611-630-650-e-651\/\" target=\"_blank\" rel=\"noreferrer noopener\"><img loading=\"lazy\" decoding=\"async\" width=\"60\" height=\"61\" class=\"wp-image-987\" style=\"width: 60px;\" src=\"https:\/\/www.bu.ufmg.br\/catalogacao\/wp-content\/uploads\/2022\/05\/seta-D-azul4.jpg\" alt=\"\"><\/a><\/p>\n\n\n\n<p class=\"has-colibri-color-6-color has-text-color has-medium-font-size\">Campo 600 &#8211; Assunto <a href=\"https:\/\/www.bu.ufmg.br\/catalogacao\/campo-600-assunto\/\" target=\"_blank\" rel=\"noreferrer noopener\"><img loading=\"lazy\" decoding=\"async\" width=\"60\" height=\"61\" class=\"wp-image-987\" style=\"width: 60px;\" src=\"https:\/\/www.bu.ufmg.br\/catalogacao\/wp-content\/uploads\/2022\/05\/seta-D-azul4.jpg\" alt=\"\"><\/a><\/p>\n","protected":false},"excerpt":{"rendered":"<p>Campo 6xx &#8211; Tratados no Registro Bibliogr\u00e1fico Campo 6xx &#8211; Transfer\u00eancia de Registros Campo 650 &#8211; Hist\u00f3ria : Regra 1.5c Campo 697 &#8211; Termo Livre Campo 600 $v Correspond\u00eancia Campo 650, 651, 653, 655 e 696 Cabe\u00e7alhos de Assuntos Campos X00- X10- X11- X30 &#8211; Cabe\u00e7alhos NLM Metodologia bibliogr\u00e1fica Campos 600, 610, 611 , 630, [&hellip;]<\/p>\n","protected":false},"author":1,"featured_media":0,"parent":0,"menu_order":0,"comment_status":"closed","ping_status":"closed","template":"","meta":{"footnotes":""},"class_list":["post-666","page","type-page","status-publish","hentry"],"_links":{"self":[{"href":"https:\/\/www.bu.ufmg.br\/catalogacao\/wp-json\/wp\/v2\/pages\/666","targetHints":{"allow":["GET"]}}],"collection":[{"href":"https:\/\/www.bu.ufmg.br\/catalogacao\/wp-json\/wp\/v2\/pages"}],"about":[{"href":"https:\/\/www.bu.ufmg.br\/catalogacao\/wp-json\/wp\/v2\/types\/page"}],"author":[{"embeddable":true,"href":"https:\/\/www.bu.ufmg.br\/catalogacao\/wp-json\/wp\/v2\/users\/1"}],"replies":[{"embeddable":true,"href":"https:\/\/www.bu.ufmg.br\/catalogacao\/wp-json\/wp\/v2\/comments?post=666"}],"version-history":[{"count":0,"href":"https:\/\/www.bu.ufmg.br\/catalogacao\/wp-json\/wp\/v2\/pages\/666\/revisions"}],"wp:attachment":[{"href":"https:\/\/www.bu.ufmg.br\/catalogacao\/wp-json\/wp\/v2\/media?parent=666"}],"curies":[{"name":"wp","href":"https:\/\/api.w.org\/{rel}","templated":true}]}}