{"id":638,"date":"2022-04-13T16:30:36","date_gmt":"2022-04-13T19:30:36","guid":{"rendered":"https:\/\/www.bu.ufmg.br\/catalogacao\/?page_id=638"},"modified":"2022-05-19T21:10:40","modified_gmt":"2022-05-20T00:10:40","slug":"campo-3xx","status":"publish","type":"page","link":"https:\/\/www.bu.ufmg.br\/catalogacao\/campo-3xx\/","title":{"rendered":"Campo 3xx"},"content":{"rendered":"\n<p class=\"has-colibri-color-6-color has-text-color has-medium-font-size\">Campo 008 (Posi\u00e7\u00e3o 23), Campo 245 e Campo 300 <a href=\"https:\/\/www.bu.ufmg.br\/catalogacao\/campo-008-posicao-23-campo-245-e-campo-300\/\" target=\"_blank\" rel=\"noreferrer noopener\"><img loading=\"lazy\" decoding=\"async\" width=\"60\" height=\"61\" class=\"wp-image-987\" style=\"width: 60px;\" src=\"https:\/\/www.bu.ufmg.br\/catalogacao\/wp-content\/uploads\/2022\/05\/seta-D-azul4.jpg\" alt=\"\"><\/a><\/p>\n\n\n\n<p class=\"has-colibri-color-6-color has-text-color has-medium-font-size\">Campo 300 &#8211; Descri\u00e7\u00e3o f\u00edsica <a rel=\"noreferrer noopener\" href=\"https:\/\/www.bu.ufmg.br\/catalogacao\/campo-300-descricao-fisica\/\" target=\"_blank\"><img loading=\"lazy\" decoding=\"async\" width=\"60\" height=\"61\" class=\"wp-image-987\" style=\"width: 60px;\" src=\"https:\/\/www.bu.ufmg.br\/catalogacao\/wp-content\/uploads\/2022\/05\/seta-D-azul4.jpg\" alt=\"\"><\/a><\/p>\n\n\n\n<p class=\"has-colibri-color-6-color has-text-color has-medium-font-size\">Campo 300 &#8211; Livro em suporte CD-ROM, DVD-ROM <a href=\"https:\/\/www.bu.ufmg.br\/catalogacao\/campo-300-livro-em-suporte-cd-rom-dvd-rom\/\" target=\"_blank\" rel=\"noreferrer noopener\"><img loading=\"lazy\" decoding=\"async\" width=\"60\" height=\"61\" class=\"wp-image-987\" style=\"width: 60px;\" src=\"https:\/\/www.bu.ufmg.br\/catalogacao\/wp-content\/uploads\/2022\/05\/seta-D-azul4.jpg\" alt=\"\"><\/a><\/p>\n\n\n\n<p><\/p>\n","protected":false},"excerpt":{"rendered":"<p>Campo 008 (Posi\u00e7\u00e3o 23), Campo 245 e Campo 300 Campo 300 &#8211; Descri\u00e7\u00e3o f\u00edsica Campo 300 &#8211; Livro em suporte CD-ROM, DVD-ROM<\/p>\n","protected":false},"author":1,"featured_media":0,"parent":0,"menu_order":0,"comment_status":"closed","ping_status":"closed","template":"","meta":{"footnotes":""},"class_list":["post-638","page","type-page","status-publish","hentry"],"_links":{"self":[{"href":"https:\/\/www.bu.ufmg.br\/catalogacao\/wp-json\/wp\/v2\/pages\/638","targetHints":{"allow":["GET"]}}],"collection":[{"href":"https:\/\/www.bu.ufmg.br\/catalogacao\/wp-json\/wp\/v2\/pages"}],"about":[{"href":"https:\/\/www.bu.ufmg.br\/catalogacao\/wp-json\/wp\/v2\/types\/page"}],"author":[{"embeddable":true,"href":"https:\/\/www.bu.ufmg.br\/catalogacao\/wp-json\/wp\/v2\/users\/1"}],"replies":[{"embeddable":true,"href":"https:\/\/www.bu.ufmg.br\/catalogacao\/wp-json\/wp\/v2\/comments?post=638"}],"version-history":[{"count":0,"href":"https:\/\/www.bu.ufmg.br\/catalogacao\/wp-json\/wp\/v2\/pages\/638\/revisions"}],"wp:attachment":[{"href":"https:\/\/www.bu.ufmg.br\/catalogacao\/wp-json\/wp\/v2\/media?parent=638"}],"curies":[{"name":"wp","href":"https:\/\/api.w.org\/{rel}","templated":true}]}}