{"id":620,"date":"2022-04-12T16:47:53","date_gmt":"2022-04-12T19:47:53","guid":{"rendered":"https:\/\/www.bu.ufmg.br\/catalogacao\/?page_id=620"},"modified":"2022-05-19T20:19:07","modified_gmt":"2022-05-19T23:19:07","slug":"campo-2xx","status":"publish","type":"page","link":"https:\/\/www.bu.ufmg.br\/catalogacao\/campo-2xx\/","title":{"rendered":"Campo 2xx"},"content":{"rendered":"\n<p class=\"has-colibri-color-6-color has-text-color has-medium-font-size\">Campo 260 &#8211; Data de Publica\u00e7\u00e3o <a href=\"https:\/\/www.bu.ufmg.br\/catalogacao\/campo-260-data-de-publicacao\/\" target=\"_blank\" rel=\"noreferrer noopener\"><img loading=\"lazy\" decoding=\"async\" width=\"60\" height=\"61\" class=\"wp-image-987\" style=\"width: 60px;\" src=\"https:\/\/www.bu.ufmg.br\/catalogacao\/wp-content\/uploads\/2022\/05\/seta-D-azul4.jpg\" alt=\"\"><\/a><\/p>\n\n\n\n<p class=\"has-colibri-color-6-color has-text-color has-medium-font-size\">Campo 008 (Posi\u00e7\u00e3o 23), Campo 245 e Campo 300 <a href=\"https:\/\/www.bu.ufmg.br\/catalogacao\/campo-008-posicao-23-campo-245-e-campo-300-2\/\" target=\"_blank\" rel=\"noreferrer noopener\"><img loading=\"lazy\" decoding=\"async\" width=\"60\" height=\"61\" class=\"wp-image-987\" style=\"width: 60px;\" src=\"https:\/\/www.bu.ufmg.br\/catalogacao\/wp-content\/uploads\/2022\/05\/seta-D-azul4.jpg\" alt=\"\"><\/a><\/p>\n\n\n\n<p class=\"has-colibri-color-6-color has-text-color has-medium-font-size\">Campo 250 &#8211; Primeira Edi\u00e7\u00e3o <a href=\"https:\/\/www.bu.ufmg.br\/catalogacao\/campo-250-primeira-edicao\/\" target=\"_blank\" rel=\"noreferrer noopener\"><img loading=\"lazy\" decoding=\"async\" width=\"60\" height=\"61\" class=\"wp-image-987\" style=\"width: 60px;\" src=\"https:\/\/www.bu.ufmg.br\/catalogacao\/wp-content\/uploads\/2022\/05\/seta-D-azul4.jpg\" alt=\"\"><\/a><\/p>\n\n\n\n<p class=\"has-colibri-color-6-color has-text-color has-medium-font-size\">Campos 245 e 246 &#8211; Teses <a href=\"https:\/\/www.bu.ufmg.br\/catalogacao\/campos-245-e-246-teses\/\" target=\"_blank\" rel=\"noreferrer noopener\"><img loading=\"lazy\" decoding=\"async\" width=\"60\" height=\"61\" class=\"wp-image-987\" style=\"width: 60px;\" src=\"https:\/\/www.bu.ufmg.br\/catalogacao\/wp-content\/uploads\/2022\/05\/seta-D-azul4.jpg\" alt=\"\"><\/a><\/p>\n\n\n\n<p class=\"has-colibri-color-6-color has-text-color has-medium-font-size\">Informa\u00e7\u00f5es Bibliotecas Cooperantes da Rede <a href=\"https:\/\/www.bu.ufmg.br\/catalogacao\/informacoes-bibliotecas-cooperantes-da-rede\/\" target=\"_blank\" rel=\"noreferrer noopener\"><img loading=\"lazy\" decoding=\"async\" width=\"60\" height=\"61\" class=\"wp-image-987\" style=\"width: 60px;\" src=\"https:\/\/www.bu.ufmg.br\/catalogacao\/wp-content\/uploads\/2022\/05\/seta-D-azul4.jpg\" alt=\"\"><\/a><\/p>\n\n\n\n<p class=\"has-colibri-color-6-color has-text-color has-medium-font-size\">Comunicado T\u00e9cnico CCQC 05\/00 <a href=\"https:\/\/www.bu.ufmg.br\/catalogacao\/comunicado-tecnico-ccqc-05-00\/\" target=\"_blank\" rel=\"noreferrer noopener\"><img loading=\"lazy\" decoding=\"async\" width=\"60\" height=\"61\" class=\"wp-image-987\" style=\"width: 60px;\" src=\"https:\/\/www.bu.ufmg.br\/catalogacao\/wp-content\/uploads\/2022\/05\/seta-D-azul4.jpg\" alt=\"\"><\/a><\/p>\n\n\n\n<p class=\"has-colibri-color-6-color has-text-color has-medium-font-size\">Indica\u00e7\u00e3o de Responsabilidade <a href=\"https:\/\/www.bu.ufmg.br\/catalogacao\/indicacao-de-responsabilidade\/\" target=\"_blank\" rel=\"noreferrer noopener\"><img loading=\"lazy\" decoding=\"async\" width=\"60\" height=\"61\" class=\"wp-image-987\" style=\"width: 60px;\" src=\"https:\/\/www.bu.ufmg.br\/catalogacao\/wp-content\/uploads\/2022\/05\/seta-D-azul4.jpg\" alt=\"\"><\/a><\/p>\n\n\n\n<p class=\"has-colibri-color-6-color has-text-color has-medium-font-size\">Campo 246 &#8211; Diversos <a href=\"https:\/\/www.bu.ufmg.br\/catalogacao\/campo-246-diversos\/\" target=\"_blank\" rel=\"noreferrer noopener\"><img loading=\"lazy\" decoding=\"async\" width=\"60\" height=\"61\" class=\"wp-image-987\" style=\"width: 60px;\" src=\"https:\/\/www.bu.ufmg.br\/catalogacao\/wp-content\/uploads\/2022\/05\/seta-D-azul4.jpg\" alt=\"\"><\/a><\/p>\n\n\n\n<p class=\"has-colibri-color-6-color has-text-color has-medium-font-size\">Campo 245 &#8211; Par\u00eantesis <a href=\"https:\/\/www.bu.ufmg.br\/catalogacao\/campo-245-parentesis\/\" target=\"_blank\" rel=\"noreferrer noopener\"><img loading=\"lazy\" decoding=\"async\" width=\"60\" height=\"61\" class=\"wp-image-987\" style=\"width: 60px;\" src=\"https:\/\/www.bu.ufmg.br\/catalogacao\/wp-content\/uploads\/2022\/05\/seta-D-azul4.jpg\" alt=\"\"><\/a><\/p>\n\n\n\n<p class=\"has-colibri-color-6-color has-text-color has-medium-font-size\">Campos 007, 245, 260 e 300 &#8211; Diretrizes para tratamento de jogos <a href=\"https:\/\/www.bu.ufmg.br\/catalogacao\/campos-007-245-260-e-300-diretrizes-para-tratamento-de-jogos\/\" target=\"_blank\" rel=\"noreferrer noopener\"><img loading=\"lazy\" decoding=\"async\" width=\"60\" height=\"61\" class=\"wp-image-987\" style=\"width: 60px;\" src=\"https:\/\/www.bu.ufmg.br\/catalogacao\/wp-content\/uploads\/2022\/05\/seta-D-azul4.jpg\" alt=\"\"><\/a><\/p>\n\n\n\n<p class=\"has-colibri-color-6-color has-text-color has-medium-font-size\">Campo 260 &#8211; Editora &#8211; Pesquisa no site do ISBN <a href=\"https:\/\/www.bu.ufmg.br\/catalogacao\/campo-260-editora-pesquisa-no-site-do-isbn\/\" target=\"_blank\" rel=\"noreferrer noopener\"><img loading=\"lazy\" decoding=\"async\" width=\"60\" height=\"61\" class=\"wp-image-987\" style=\"width: 60px;\" src=\"https:\/\/www.bu.ufmg.br\/catalogacao\/wp-content\/uploads\/2022\/05\/seta-D-azul4.jpg\" alt=\"\"><\/a><\/p>\n\n\n\n<p class=\"has-colibri-color-6-color has-text-color has-medium-font-size\">Artigos Iniciais <a href=\"https:\/\/www.bu.ufmg.br\/catalogacao\/artigos-iniciais\/\" target=\"_blank\" rel=\"noreferrer noopener\"><img loading=\"lazy\" decoding=\"async\" width=\"60\" height=\"61\" class=\"wp-image-987\" style=\"width: 60px;\" src=\"https:\/\/www.bu.ufmg.br\/catalogacao\/wp-content\/uploads\/2022\/05\/seta-D-azul4.jpg\" alt=\"\"><\/a><\/p>\n\n\n\n<p class=\"has-colibri-color-6-color has-text-color has-medium-font-size\">Campo 245 &#8211; Entrada de dados <a href=\"https:\/\/www.bu.ufmg.br\/catalogacao\/campo-245-entrada-de-dados\/\" target=\"_blank\" rel=\"noreferrer noopener\"><img loading=\"lazy\" decoding=\"async\" width=\"60\" height=\"61\" class=\"wp-image-987\" style=\"width: 60px;\" src=\"https:\/\/www.bu.ufmg.br\/catalogacao\/wp-content\/uploads\/2022\/05\/seta-D-azul4.jpg\" alt=\"\"><\/a><\/p>\n\n\n\n<p class=\"has-colibri-color-6-color has-text-color has-medium-font-size\">Campo 260 &#8211; Data somente na ficha catalogr\u00e1fica <a href=\"https:\/\/www.bu.ufmg.br\/catalogacao\/campo-260-data-somente-na-ficha-catalografica\/\" target=\"_blank\" rel=\"noreferrer noopener\"><img loading=\"lazy\" decoding=\"async\" width=\"60\" height=\"61\" class=\"wp-image-987\" style=\"width: 60px;\" src=\"https:\/\/www.bu.ufmg.br\/catalogacao\/wp-content\/uploads\/2022\/05\/seta-D-azul4.jpg\" alt=\"\"><\/a><\/p>\n\n\n\n<p class=\"has-colibri-color-6-color has-text-color has-medium-font-size\">Campo 245 &#8211; T\u00edtulo com Retic\u00eancias <a href=\"https:\/\/www.bu.ufmg.br\/catalogacao\/campo-245-titulo-com-reticencias\/\" target=\"_blank\" rel=\"noreferrer noopener\"><img loading=\"lazy\" decoding=\"async\" width=\"60\" height=\"61\" class=\"wp-image-987\" style=\"width: 60px;\" src=\"https:\/\/www.bu.ufmg.br\/catalogacao\/wp-content\/uploads\/2022\/05\/seta-D-azul4.jpg\" alt=\"\"><\/a><\/p>\n\n\n\n<p class=\"has-colibri-color-6-color has-text-color has-medium-font-size\"><\/p>\n","protected":false},"excerpt":{"rendered":"<p>Campo 260 &#8211; Data de Publica\u00e7\u00e3o Campo 008 (Posi\u00e7\u00e3o 23), Campo 245 e Campo 300 Campo 250 &#8211; Primeira Edi\u00e7\u00e3o Campos 245 e 246 &#8211; Teses Informa\u00e7\u00f5es Bibliotecas Cooperantes da Rede Comunicado T\u00e9cnico CCQC 05\/00 Indica\u00e7\u00e3o de Responsabilidade Campo 246 &#8211; Diversos Campo 245 &#8211; Par\u00eantesis Campos 007, 245, 260 e 300 &#8211; Diretrizes para [&hellip;]<\/p>\n","protected":false},"author":1,"featured_media":0,"parent":0,"menu_order":0,"comment_status":"closed","ping_status":"closed","template":"","meta":{"footnotes":""},"class_list":["post-620","page","type-page","status-publish","hentry"],"_links":{"self":[{"href":"https:\/\/www.bu.ufmg.br\/catalogacao\/wp-json\/wp\/v2\/pages\/620","targetHints":{"allow":["GET"]}}],"collection":[{"href":"https:\/\/www.bu.ufmg.br\/catalogacao\/wp-json\/wp\/v2\/pages"}],"about":[{"href":"https:\/\/www.bu.ufmg.br\/catalogacao\/wp-json\/wp\/v2\/types\/page"}],"author":[{"embeddable":true,"href":"https:\/\/www.bu.ufmg.br\/catalogacao\/wp-json\/wp\/v2\/users\/1"}],"replies":[{"embeddable":true,"href":"https:\/\/www.bu.ufmg.br\/catalogacao\/wp-json\/wp\/v2\/comments?post=620"}],"version-history":[{"count":0,"href":"https:\/\/www.bu.ufmg.br\/catalogacao\/wp-json\/wp\/v2\/pages\/620\/revisions"}],"wp:attachment":[{"href":"https:\/\/www.bu.ufmg.br\/catalogacao\/wp-json\/wp\/v2\/media?parent=620"}],"curies":[{"name":"wp","href":"https:\/\/api.w.org\/{rel}","templated":true}]}}