{"id":569,"date":"2022-04-11T15:45:39","date_gmt":"2022-04-11T18:45:39","guid":{"rendered":"https:\/\/www.bu.ufmg.br\/catalogacao\/?page_id=569"},"modified":"2022-04-11T15:45:39","modified_gmt":"2022-04-11T18:45:39","slug":"ata-da-2a-reuniao-do-grupo-de-catalogacao-e-autoridades","status":"publish","type":"page","link":"https:\/\/www.bu.ufmg.br\/catalogacao\/ata-da-2a-reuniao-do-grupo-de-catalogacao-e-autoridades\/","title":{"rendered":"Ata da 2a. Reuni\u00e3o do Grupo de Cataloga\u00e7\u00e3o e Autoridades"},"content":{"rendered":"\n<p><strong>Data: &nbsp;31 de mar\u00e7o de 2015.<\/strong><\/p>\n\n\n\n<p>O diretor Wellington Mar\u00e7al de Carvalho participou da segunda reuni\u00e3o de Cataloga\u00e7\u00e3o. Informou que o funcion\u00e1rio Rodrigo providenciaria a portaria com o prazo de 90 dias para as tarefas iniciais, sem preju\u00edzo para as outras tarefas. Mas, que seu papel de diretor da BU\/UFMG era refor\u00e7ar neste momento a resolu\u00e7\u00e3o de tr\u00eas pontos:<\/p>\n\n\n\n<ol class=\"wp-block-list\" type=\"a\"><li>a)estudar a possibilidade de ades\u00e3o ou n\u00e3o da Rede Bibliodata;<\/li><li>b)avaliar e propor um conte\u00fado para implementar o site da &nbsp;CCQC;<\/li><li>c)avaliar a rela\u00e7\u00e3o de comunicados da CCQC, e diante da an\u00e1lise do grupo, verificar a possiblidade de inser\u00e7\u00e3o no site da CCQC.<\/li><\/ol>\n\n\n\n<p>Salientou que, como existe um prazo para essa gest\u00e3o, optou-se por algumas atividades estabelecidas, deixando claro quais as tarefas e seus motivos, objetivando deixar p\u00fablico para o Sistema de Bibliotecas da UFMG.<\/p>\n\n\n\n<p>A portaria n. 06 de 12 de mar\u00e7o de 2015 foi apresentada com os seus integrantes e foi solicitada a sua confer\u00eancia. Verificou-se a necessidade de entrar em contato com alguns integrantes para a confirma\u00e7\u00e3o de sua participa\u00e7\u00e3o efetiva. Dessa forma, ficou acordado que, posteriormente, ser\u00e1 encaminhada atrav\u00e9s de membros do grupo \u00e0 Diretoria da Biblioteca Universit\u00e1ria para atualiza\u00e7\u00e3o da portaria.<\/p>\n\n\n\n<p>Conforme combinado na primeira reuni\u00e3o, foi criado um e-mail pr\u00f3prio no <strong>gmail<\/strong> e um grupo no Google Groups, com o objetivo de inserir os Comunicados e possibilitar a troca de mensagens; al\u00e9m disso, os backups ficariam acondicionados no Google Drive. Os participantes do grupo de Cataloga\u00e7\u00e3o j\u00e1 foram inseridos e receberam e-mail. Aqueles que n\u00e3o receberam, devem solicitar a inser\u00e7\u00e3o para as bibliotec\u00e1rias Rosilene ou Luciana.<\/p>\n\n\n\n<p>O grupo de cataloga\u00e7\u00e3o foi at\u00e9 a CCQC procurar a pasta de Comunicados. Na visita realizada ao setor de cataloga\u00e7\u00e3o da BU\/UFMG, foi localizada a documenta\u00e7\u00e3o referente ao per\u00edodo de 2005 a 2009. Ainda falta localizar uma pasta e os Comunicados mais antigos at\u00e9 2004. A localiza\u00e7\u00e3o do material pendente ficou como tarefa a ser realizada pelo grupo. O per\u00edodo de 2010 at\u00e9 o presente, segundo a bibliotec\u00e1ria Madalena, n\u00e3o teve mais Comunicados; a sua sa\u00edda do setor ocorreu em 2013. Destacou-se que existe algum material referente ao ano de 2011.<\/p>\n\n\n\n<p>Discutiu-se tamb\u00e9m que o site da Cataloga\u00e7\u00e3o precisa ser analisado paralelamente, pensando que, em algum lugar, os Comunicados precisam ser inseridos, nem que seja para consulta hist\u00f3rica, mas os Comunicados estar\u00e3o dispon\u00edveis no site. Dessa forma, acordou-se que o grupo poderia compartilhar o material, de forma a deix\u00e1-lo o mais completo poss\u00edvel e dispon\u00edvel no site.<\/p>\n\n\n\n<p>Entrou em pauta a quest\u00e3o do IBICT. V\u00e1rias pessoas s\u00e3o favor\u00e1veis \u00e0 participa\u00e7\u00e3o da UFMG, mas, para que isso ocorra, \u00e9 preciso um consenso e a an\u00e1lise da forma que ser\u00e1 essa participa\u00e7\u00e3o. O diretor informou que j\u00e1 possui as informa\u00e7\u00f5es de como fazer para aderir, mas ficou de digitalizar e enviar para o Sistema de Bibliotecas. No entanto, destacou que precisamos analisar os desdobramentos de ades\u00e3o \u00e0 rede porque precisamos analisar como est\u00e1 o cen\u00e1rio hoje.<\/p>\n\n\n\n<p>Dessa forma, ficou acordado entre o diretor e o grupo de cataloga\u00e7\u00e3o, que em outra reuni\u00e3o discutir\u00edamos esse assunto, informando como a rede Bibliodata est\u00e1 hoje. Enfatizou-se que, os pontos positivos o grupo sabe, mas os pontos negativos precisavam de esclarecimentos.&nbsp; Segundo o diretor, at\u00e9 a sua \u00faltima conversa com o IBICT, existiam tr\u00eas pessoas volunt\u00e1rias segurando a rede e, para quem conhece esse assunto, sabe o que a falta de recursos humanos implica. Tanto \u00e9 que n\u00e3o aconteceu nada h\u00e1 mais de um ano, n\u00e3o mudou o quadro. Informou tamb\u00e9m, que n\u00e3o queria induzir nenhuma decis\u00e3o do grupo, mas se faz necess\u00e1rio refletir sobre:<\/p>\n\n\n\n<p>Vamos aderir? Quais as expectativas com rela\u00e7\u00e3o a rede?<\/p>\n\n\n\n<p>Alguns questionamentos foram levantados pelos participantes:<\/p>\n\n\n\n<p><strong><em>Atualmente, a rede oferece tudo o que oferecia nos anos dourados?<\/em><\/strong><\/p>\n\n\n\n<p>At\u00e9 que ponto, n\u00f3s do SB\/UFMG ficaremos dependendo, sendo que h\u00e1 muito tempo a rede Bibliodata est\u00e1 desse jeito e o Sistema prosseguiu? N\u00f3s encontramos as nossas alternativas para prosseguir. Nesse sentido, colocou-se que, talvez, o IBICT estivesse esperando ades\u00e3o, porque esse servi\u00e7o n\u00e3o \u00e9 gratuito e precisavam de recursos financeiros para continuar as atividades. O diretor Wellington informou que, segundo o IBICT, a UFMG n\u00e3o vai aderir porque j\u00e1 fazemos parte. Acrescentou ainda que a situa\u00e7\u00e3o no IBICT n\u00e3o \u00e9 boa porque conversou com a Lilian Alvarez, e tem conhecimento que n\u00e3o mudou nada ainda. Chamou a aten\u00e7\u00e3o para a realidade dos fatos e que precisamos ser bem realistas quanto ao nosso saudosismo, daquele tempo que a rede funcionava bem. O SB\/UFMG n\u00e3o pode depender de um reajuste de um \u00f3rg\u00e3o que n\u00e3o temos nenhuma jurisdi\u00e7\u00e3o.<\/p>\n\n\n\n<p><strong><em>O que temos hoje de instrumento de autoridade?<\/em><\/strong><\/p>\n\n\n\n<p>Estamos retroagindo a data para utilizar os CDs antigos. &nbsp;A dire\u00e7\u00e3o da BU\/UFMG destacou que trouxe essa quest\u00e3o para uma decis\u00e3o compartilhada e deixou claro que n\u00e3o est\u00e1 disposto a referendar algo errado em rela\u00e7\u00e3o ao CD-ROM, partindo do pressuposto que n\u00e3o vai confiar na boa vontade de nenhuma rede. \u00c0s vezes, o caminho \u00e9 fazer alguma outra coisa; o grupo levantando algumas alternativas e a diretoria da BU\/UFMG vai tentar encaminh\u00e1-las.&nbsp;&nbsp;<\/p>\n\n\n\n<p>Como essa quest\u00e3o \u00e9 bastante pol\u00eamica, optou-se levantar os aspectos positivos e negativos junto ao SB\/UFMG, com objetivo de obter subs\u00eddios para a orienta\u00e7\u00e3o de quais diretrizes deveremos seguir. Dessa forma, para um melhor ordenamento, definiu-se como estrat\u00e9gia resolver por t\u00f3pico. O assunto da rede Bibliodata ser\u00e1 discutido t\u00e3o logo se resolva a quest\u00e3o da pasta de Comunicados.<\/p>\n\n\n\n<p><em>Encaminhamentos<\/em><\/p>\n\n\n\n<p>At\u00e9 a pr\u00f3xima reuni\u00e3o, 14\/04\/2015, o grupo precisa resolver a quest\u00e3o da pasta. Com rela\u00e7\u00e3o ao site, precisamos estudar como ser\u00e1 a forma de acesso: aberto ou restrito. Ficou definido que, inicialmente, disponibilizar\u00edamos os Comunicados com acesso livre, e posteriormente, pensar\u00edamos como ficaria a situa\u00e7\u00e3o de acesso aos Manuais. Essa quest\u00e3o seria resolvida por partes, t\u00e3o logo o grupo chegue a um consenso.<\/p>\n\n\n\n<p>A organiza\u00e7\u00e3o dos Comunicados ser\u00e1 definida por campo\/ano porque seria mais f\u00e1cil a recupera\u00e7\u00e3o. Recomendou-se manter a mesma padroniza\u00e7\u00e3o para os Comunicados; paralelamente, analisar o conte\u00fado do site e apresentar sugest\u00f5es na pr\u00f3xima reuni\u00e3o. Nada em rela\u00e7\u00e3o ao design do site, apenas conte\u00fado.<\/p>\n\n\n\n<p>Cada participante presente ficou respons\u00e1vel por conferir determinado ano, conforme o quadro a seguir:<\/p>\n\n\n\n<figure class=\"wp-block-table\"><table><tbody><tr><td>Anteriores at\u00e9 2004<\/td><td>Jackie, Jussara e Luciana<\/td><\/tr><tr><td>2005<\/td><td>Monaliza<\/td><\/tr><tr><td>2006<\/td><td>Madalena<\/td><\/tr><tr><td>2007<\/td><td>Moema<\/td><\/tr><tr><td>2008<\/td><td>Albert<\/td><\/tr><tr><td>2009<\/td><td>Rosilene<\/td><\/tr><tr><td>2010<\/td><td>&#8212;&#8211;<\/td><\/tr><tr><td>2011<\/td><td>Neuza<\/td><\/tr><tr><td>2012<\/td><td>Vilma<\/td><\/tr><tr><td>2013<\/td><td>Vilma<\/td><\/tr><tr><td>2014<\/td><td>Vilma<\/td><\/tr><tr><td>2015<\/td><td>Vilma<\/td><\/tr><\/tbody><\/table><\/figure>\n\n\n\n<p>Os comunicados j\u00e1 est\u00e3o no Google Drive para que os membros do Grupo possam iniciar a confer\u00eancia. Cada membro presente, ficou encarregado de pesquisar todas as fontes poss\u00edveis &nbsp;de acordo com o ano sob a sua responsabilidade. As atividades do grupo para essa etapa concentram-se em: verificar os Comunicados existentes no site; conferir na pasta, o Comunicado que estiver faltando digitalizar e enviar para o grupo, especificando o campo e ano. A conclus\u00e3o da organiza\u00e7\u00e3o e digitaliza\u00e7\u00e3o dos Comunicados est\u00e1 prevista para a pr\u00f3xima reuni\u00e3o do grupo de Cataloga\u00e7\u00e3o.<\/p>\n\n\n\n<p>Pr\u00f3xima reuni\u00e3o de trabalho, dia 14\/04 \/2015 \u00e0s 9:00h, no audit\u00f3rio da BU.<\/p>\n\n\n\n<p>Bibliotec\u00e1rios presentes \u00e0 reuni\u00e3o de 31\/03\/2015<\/p>\n\n\n\n<p>Wellington Mar\u00e7al de Carvalho<\/p>\n\n\n\n<p>Albert Michel da Silva Torres<\/p>\n\n\n\n<p>Jacqueline Pawlowski Oliveira<\/p>\n\n\n\n<p>Luciana Gon\u00e7alves Silva Souza<\/p>\n\n\n\n<p>Maria Madalena P. A. Rocha<\/p>\n\n\n\n<p>Moema Brand\u00e3o da Silva<\/p>\n\n\n\n<p>Monaliza Maria S. C. Lima<\/p>\n\n\n\n<p>Neusa Maria Machado<\/p>\n\n\n\n<p>Rosilene Moreira Coelho de S\u00e1<\/p>\n\n\n\n<p>OBS: No final da reuni\u00e3o, o diretor Wellington discorreu sobre a reestrutura\u00e7\u00e3o do Setor Divis\u00e3o de Tratamento e Tecnologia da Informa\u00e7\u00e3o (DITTI), que j\u00e1 foi comunicado atrav\u00e9s de e-mail para o Sistema de Bibliotecas. Solicitou aos participantes do grupo para que se pensasse sobre o futuro CCQC (n\u00e3o \u00e9 para discutir nada agora) mas, para pensar sobre a situa\u00e7\u00e3o do setor na tentativa de tra\u00e7ar o que \u00e9 preciso fazer e, dentro das possibilidades, a dire\u00e7\u00e3o providenciar\u00e1 os encaminhamentos. Destacou que a CCQC est\u00e1 temporariamente desativada por falta de pessoal e n\u00e3o h\u00e1 previs\u00e3o de pessoal para esse setor.&nbsp;<\/p>\n","protected":false},"excerpt":{"rendered":"<p>Data: &nbsp;31 de mar\u00e7o de 2015. O diretor Wellington Mar\u00e7al de Carvalho participou da segunda reuni\u00e3o de Cataloga\u00e7\u00e3o. Informou que o funcion\u00e1rio Rodrigo providenciaria a portaria com o prazo de 90 dias para as tarefas iniciais, sem preju\u00edzo para as outras tarefas. Mas, que seu papel de diretor da BU\/UFMG era refor\u00e7ar neste momento a [&hellip;]<\/p>\n","protected":false},"author":1,"featured_media":0,"parent":0,"menu_order":0,"comment_status":"closed","ping_status":"closed","template":"","meta":{"footnotes":""},"class_list":["post-569","page","type-page","status-publish","hentry"],"_links":{"self":[{"href":"https:\/\/www.bu.ufmg.br\/catalogacao\/wp-json\/wp\/v2\/pages\/569","targetHints":{"allow":["GET"]}}],"collection":[{"href":"https:\/\/www.bu.ufmg.br\/catalogacao\/wp-json\/wp\/v2\/pages"}],"about":[{"href":"https:\/\/www.bu.ufmg.br\/catalogacao\/wp-json\/wp\/v2\/types\/page"}],"author":[{"embeddable":true,"href":"https:\/\/www.bu.ufmg.br\/catalogacao\/wp-json\/wp\/v2\/users\/1"}],"replies":[{"embeddable":true,"href":"https:\/\/www.bu.ufmg.br\/catalogacao\/wp-json\/wp\/v2\/comments?post=569"}],"version-history":[{"count":0,"href":"https:\/\/www.bu.ufmg.br\/catalogacao\/wp-json\/wp\/v2\/pages\/569\/revisions"}],"wp:attachment":[{"href":"https:\/\/www.bu.ufmg.br\/catalogacao\/wp-json\/wp\/v2\/media?parent=569"}],"curies":[{"name":"wp","href":"https:\/\/api.w.org\/{rel}","templated":true}]}}