{"id":563,"date":"2022-04-08T16:55:50","date_gmt":"2022-04-08T19:55:50","guid":{"rendered":"https:\/\/www.bu.ufmg.br\/catalogacao\/?page_id=563"},"modified":"2022-04-08T16:55:50","modified_gmt":"2022-04-08T19:55:50","slug":"ata-da-4a-reuniao-do-grupo-de-catalogacao-e-autoridades","status":"publish","type":"page","link":"https:\/\/www.bu.ufmg.br\/catalogacao\/ata-da-4a-reuniao-do-grupo-de-catalogacao-e-autoridades\/","title":{"rendered":"Ata da 4a. Reuni\u00e3o do Grupo de Cataloga\u00e7\u00e3o e Autoridades"},"content":{"rendered":"\n<p><strong>Data<\/strong>: 22\/04\/2015<\/p>\n\n\n\n<p><strong>Local:<\/strong>&nbsp; Biblioteca Central \u2013 Audit\u00f3rio 2\u00ba. andar<\/p>\n\n\n\n<p><strong>Bibliotec\u00e1rios presentes:<\/strong><\/p>\n\n\n\n<p>&nbsp;Albert Michel da Silva Torres<\/p>\n\n\n\n<p>Anderson Moraes Abreu<\/p>\n\n\n\n<p>Jacqueline Pawlowski Oliveira<\/p>\n\n\n\n<p>Luciana Gon\u00e7alves Silva Souza<\/p>\n\n\n\n<p>Monaliza Maria S. C. Lima<\/p>\n\n\n\n<p>Neusa Maria Machado<\/p>\n\n\n\n<p>Vilma Carvalho de Souza<\/p>\n\n\n\n<p>Vivian Assun\u00e7\u00e3o Fonseca<\/p>\n\n\n\n<p>Wellington Mar\u00e7al de Carvalho<\/p>\n\n\n\n<p>Iniciamos a reuni\u00e3o dando continuidade \u00e0 confer\u00eancia dos comunicados classificando-os em : Comunicados UFMG&nbsp; ou FGV \u2013 Vigente ou Hist\u00f3rico<\/p>\n\n\n\n<p>A leitura foi realizada pelo diretor do Sistema de Bibliotecas da UFMG Wellington Mar\u00e7al de Carvalho.<\/p>\n\n\n\n<p>Comunicado n\u00ba 12\/2001 \u2013&nbsp; UFMG&nbsp;&nbsp;&nbsp; Data: 20\/06\/2001<\/p>\n\n\n\n<p>Assunto: Data de publica\u00e7\u00e3o (vigente)<\/p>\n\n\n\n<p>Comunicado n\u00ba 13\/2001 \u2013&nbsp; UFMG&nbsp;&nbsp; &nbsp;Data: 20\/06\/2001<\/p>\n\n\n\n<p>Assunto: Reimpress\u00e3o (vigente)<\/p>\n\n\n\n<p>Comunicado n\u00ba 14\/2001 \u2013&nbsp; UFMG&nbsp; &nbsp;Data: 22\/08\/2001<\/p>\n\n\n\n<p>Assunto: Acentua\u00e7\u00e3o (vigente e hist\u00f3rico)<\/p>\n\n\n\n<p>Comunicado n\u00ba 15 \u2013&nbsp; UFMG&nbsp; &nbsp;Data: 09\/10\/2001<\/p>\n\n\n\n<p>Assunto: S\u00e9rie 400-411-800-811 (hist\u00f3rico)<\/p>\n\n\n\n<p>Comunicado n\u00ba 01\/2002 \u2013&nbsp; UFMG &nbsp;&nbsp;Data: 17\/01\/2002<\/p>\n\n\n\n<p>Assunto: Nomes\/autores pessoais escolha do nome&nbsp; (vigente)<\/p>\n\n\n\n<p>Comunicado n\u00ba CTGC 01\/2002 \u2013&nbsp; UFMG&nbsp;&nbsp;&nbsp; Data: 14\/02\/2002<\/p>\n\n\n\n<p>Assunto: Monografias \u2013 Tratamento t\u00e9cnico&nbsp; (vigente)<\/p>\n\n\n\n<p>Comunicado n\u00ba 02\/2002 \u2013&nbsp; UFMG&nbsp;&nbsp;&nbsp; Data: 14\/08\/2002<\/p>\n\n\n\n<p>Assunto: Campo 697 Termo livre&nbsp; (vigente)<\/p>\n\n\n\n<p>Comunicado n\u00ba 02\/2002 \u2013&nbsp; UFMG&nbsp;&nbsp;&nbsp; Data: 14\/08\/2002<\/p>\n\n\n\n<p>Assunto: Campo 040&nbsp;&nbsp; (hist\u00f3rico)<\/p>\n\n\n\n<p>Comunicado n\u00ba 04\/2002 \u2013 UFMG&nbsp;&nbsp;&nbsp; Data: 08\/04\/2002<\/p>\n\n\n\n<p>Assunto: Campo 505&nbsp; (vigente)<\/p>\n\n\n\n<p>Comunicado n\u00ba 05\/2002 \u2013&nbsp; UFMG&nbsp;&nbsp;&nbsp; Data: 24\/04\/2002<\/p>\n\n\n\n<p>Assunto: Nota de conte\u00fado paralelo&nbsp; (vigente e hist\u00f3rico)<\/p>\n\n\n\n<p>Comunicado n\u00ba 06\/2002 \u2013&nbsp; UFMG&nbsp;&nbsp;&nbsp; Data: 14\/08\/2002<\/p>\n\n\n\n<p>Assunto: Campo 040&nbsp; (hist\u00f3rico)<\/p>\n\n\n\n<p>Comunicado n\u00ba 07\/2002 \u2013&nbsp; UFMG&nbsp;&nbsp;&nbsp; Data: 09\/10\/2002<\/p>\n\n\n\n<p>Assunto: Nomes japoneses e coreanos&nbsp; (vigente)<\/p>\n\n\n\n<p>Comunicado n\u00ba 08\/2002 \u2013&nbsp; UFMG&nbsp;&nbsp;&nbsp; Data: 17\/10\/2002<\/p>\n\n\n\n<p>Assunto: Assuntos diversos (VTLS)&nbsp; (hist\u00f3rico)<\/p>\n\n\n\n<p>Comunicado n\u00ba 09\/2002 \u2013&nbsp; UFMG&nbsp;&nbsp;&nbsp; Data: 04\/11\/2002<\/p>\n\n\n\n<p>Assunto: Exibi\u00e7\u00e3o incompleta (VTLS)&nbsp; (hist\u00f3rico)<\/p>\n\n\n\n<p>Comunicado n\u00ba 01\/2003 \u2013&nbsp; UFMG&nbsp;&nbsp;&nbsp; Data: 03\/02\/2003<\/p>\n\n\n\n<p>Assunto: Cabe\u00e7alhos de assuntos \u2013 Exibi\u00e7\u00e3o na lista de assuntos&nbsp; (hist\u00f3rico)<\/p>\n\n\n\n<p>Comunicado n\u00ba 10\/2001 \u2013&nbsp; UFMG&nbsp;&nbsp;&nbsp; Data: 08\/02\/2001<\/p>\n\n\n\n<p>Assunto: Hist\u00f3ria Regra 1.5&nbsp; (vigente)<\/p>\n\n\n\n<p>Comunicado n\u00ba 03\/2002 \u2013&nbsp; UFMG&nbsp;&nbsp;&nbsp; Data: 15\/03\/2002<\/p>\n\n\n\n<p>Assunto: Campo 130 &#8211; 240 &#8211; 243&nbsp; (vigente e hist\u00f3rico)<\/p>\n\n\n\n<p><strong>Confer\u00eancia com a pasta da Arquitetura (Moema)<\/strong><\/p>\n\n\n\n<p>Alguns comunicados j\u00e1 haviam sido lidos anteriormente.<\/p>\n\n\n\n<p>Comunicado n\u00ba 011\/2001 \u2013&nbsp; UFMG Data: 12\/06\/2001<\/p>\n\n\n\n<p>Assunto: Campos 4XX e 830 Indica\u00e7\u00e3o de s\u00e9ries&nbsp; (vigente \u2013 parte obsoleto)<\/p>\n\n\n\n<p>Comunicado n\u00ba 008\/2001 \u2013&nbsp; UFMG Data: 20\/04\/2001<\/p>\n\n\n\n<p>Assunto: Teses (vigente)<\/p>\n\n\n\n<p>Comunicado n\u00ba 09\/2000 \u2013&nbsp; UFMG Data: 22\/12\/2000<\/p>\n\n\n\n<p>Assunto: Diversos ( 090 \u2013 Teses \u2013 Hom\u00f4nimos) (vigente)<\/p>\n\n\n\n<p>Comunicado n\u00ba 01\/1999 \u2013&nbsp; UFMG Data: 22\/02\/1999<\/p>\n\n\n\n<p>Assunto: Linha UFMG&nbsp; (hist\u00f3rico)<\/p>\n\n\n\n<p>Comunicado n\u00ba 09\/1999 \u2013&nbsp; UFMG Data: 17\/08\/1999<\/p>\n\n\n\n<p>Assunto: N\u00famero de item utiliza\u00e7\u00e3o de registros1999&nbsp; (vigente)<\/p>\n\n\n\n<p>Comunicado n\u00ba 12\/1999 \u2013&nbsp; UFMG Data: 18\/11\/1999<\/p>\n\n\n\n<p>Assunto: Reuni\u00e3o do grupo &#8211; Diversos&nbsp; (hist\u00f3rico)<\/p>\n\n\n\n<p>Comunicado n\u00ba 06\/1993 \u2013&nbsp; FGV Data: 24\/05\/1993<\/p>\n\n\n\n<p>Assunto: Disserta\u00e7\u00f5es e Teses&nbsp;&nbsp; (vigente)<\/p>\n\n\n\n<p>Comunicado n\u00ba 05\/1992FGV \u2013&nbsp;&nbsp; Padroniza\u00e7\u00e3o de teses &#8211; Data: 03\/08\/1992<\/p>\n\n\n\n<p>Assunto: Padroniza\u00e7\u00e3o de teses&nbsp;&nbsp; (vigente)<\/p>\n\n\n\n<p>A pr\u00f3xima reuni\u00e3o ficou marcada para dia 06 de maio de 2015, de 09 \u00e0s 11 horas.<\/p>\n\n\n\n<p>Belo Horizonte, 27 de abril de 2015.<\/p>\n\n\n\n<p>Monaliza Maria da Silveira Caires Lima<\/p>\n","protected":false},"excerpt":{"rendered":"<p>Data: 22\/04\/2015 Local:&nbsp; Biblioteca Central \u2013 Audit\u00f3rio 2\u00ba. andar Bibliotec\u00e1rios presentes: &nbsp;Albert Michel da Silva Torres Anderson Moraes Abreu Jacqueline Pawlowski Oliveira Luciana Gon\u00e7alves Silva Souza Monaliza Maria S. C. Lima Neusa Maria Machado Vilma Carvalho de Souza Vivian Assun\u00e7\u00e3o Fonseca Wellington Mar\u00e7al de Carvalho Iniciamos a reuni\u00e3o dando continuidade \u00e0 confer\u00eancia dos comunicados classificando-os [&hellip;]<\/p>\n","protected":false},"author":1,"featured_media":0,"parent":0,"menu_order":0,"comment_status":"closed","ping_status":"closed","template":"","meta":{"footnotes":""},"class_list":["post-563","page","type-page","status-publish","hentry"],"_links":{"self":[{"href":"https:\/\/www.bu.ufmg.br\/catalogacao\/wp-json\/wp\/v2\/pages\/563","targetHints":{"allow":["GET"]}}],"collection":[{"href":"https:\/\/www.bu.ufmg.br\/catalogacao\/wp-json\/wp\/v2\/pages"}],"about":[{"href":"https:\/\/www.bu.ufmg.br\/catalogacao\/wp-json\/wp\/v2\/types\/page"}],"author":[{"embeddable":true,"href":"https:\/\/www.bu.ufmg.br\/catalogacao\/wp-json\/wp\/v2\/users\/1"}],"replies":[{"embeddable":true,"href":"https:\/\/www.bu.ufmg.br\/catalogacao\/wp-json\/wp\/v2\/comments?post=563"}],"version-history":[{"count":0,"href":"https:\/\/www.bu.ufmg.br\/catalogacao\/wp-json\/wp\/v2\/pages\/563\/revisions"}],"wp:attachment":[{"href":"https:\/\/www.bu.ufmg.br\/catalogacao\/wp-json\/wp\/v2\/media?parent=563"}],"curies":[{"name":"wp","href":"https:\/\/api.w.org\/{rel}","templated":true}]}}