{"id":561,"date":"2022-04-08T16:55:10","date_gmt":"2022-04-08T19:55:10","guid":{"rendered":"https:\/\/www.bu.ufmg.br\/catalogacao\/?page_id=561"},"modified":"2022-04-08T16:55:11","modified_gmt":"2022-04-08T19:55:11","slug":"ata-da-6a-reuniao-do-grupo-de-catalogacao-e-autoridades","status":"publish","type":"page","link":"https:\/\/www.bu.ufmg.br\/catalogacao\/ata-da-6a-reuniao-do-grupo-de-catalogacao-e-autoridades\/","title":{"rendered":"Ata da 6a. Reuni\u00e3o do Grupo de Cataloga\u00e7\u00e3o e Autoridades"},"content":{"rendered":"\n<p><strong>Data: 13 de Maio de 2015<\/strong><\/p>\n\n\n\n<figure class=\"wp-block-table\"><table><tbody><tr><td>Albert Michel da Silva Torres<\/td><\/tr><tr><td>Moema Brand\u00e3o<\/td><\/tr><tr><td>Vilma Carvalho de Souza<\/td><\/tr><tr><td>Luciana Gon\u00e7alves<\/td><\/tr><tr><td>Jussara Delfino<\/td><\/tr><tr><td>Elisabete Quatrini<\/td><\/tr><tr><td>Anderson Moraes<\/td><\/tr><tr><td>Jacqueline Pawlowski<\/td><\/tr><tr><td>C\u00e9lio Resende<\/td><\/tr><tr><td>Wellington Mar\u00e7al de Carvalho<\/td><\/tr><tr><td>N\u00e1dia Cristina Pires<\/td><\/tr><\/tbody><\/table><\/figure>\n\n\n\n<p><strong>Aus\u00eancias justificadas:<\/strong>&nbsp; Neusa Machado, Madalena Rocha, Rosilene Coelho, Vivian Ascen\u00e7\u00e3o<\/p>\n\n\n\n<p>O diretor Wellington Mar\u00e7al de Carvalho iniciou a reuni\u00e3o relembrando as tarefas descritas na Portaria no. 6 designada ao Grupo de Cataloga\u00e7\u00e3o que s\u00e3o: a) Estudar a viabilidade ou n\u00e3o de ades\u00e3o \u00e0 Rede Bibliodata;&nbsp; b) Avaliar e propor conte\u00fado para alimentar o site da CCQ;&nbsp; c) Avaliar a cole\u00e7\u00e3o de comunicados da CCQ e propor quando adequado, sua inser\u00e7\u00e3o no site da CCQ.&nbsp;&nbsp; Lembrou&nbsp; das atividades distribu\u00eddas ao Grupo constante na Ata da 2\u00aa. reuni\u00e3o onde a estrat\u00e9gia de a\u00e7\u00e3o foi alterada para leitura em grupo dos comunicados constantes nas pastas.&nbsp; Informou que foi finalizada a confer\u00eancia de todos os comunicados e que os mesmos foram separados&nbsp; entre hist\u00f3ricos e vigentes.<\/p>\n\n\n\n<p>Conforme combinado na \u00faltima reuni\u00e3o se algu\u00e9m encontrasse mais comunicados que os mesmos fossem apresentados para&nbsp; leitura e avalia\u00e7\u00e3o conjunta .<\/p>\n\n\n\n<p>Foram apresentados novos comunicados:<\/p>\n\n\n\n<figure class=\"wp-block-table\"><table><tbody><tr><td>Albert<\/td><td>1 comunicado 2008<\/td><\/tr><tr><td>Moema<\/td><td>3 comunicados 2007<\/td><\/tr><tr><td>Vilma<\/td><td>Comunicados de 2011, 2014\/2015<\/td><\/tr><tr><td>Vivian<\/td><td>4 comunicados 2013<\/td><\/tr><\/tbody><\/table><\/figure>\n\n\n\n<p>Dos comunicados apresentados ficou estabelecido:<\/p>\n\n\n\n<p>&#8211; 001\/2008&nbsp; &#8211; Campo 520&nbsp;&nbsp; &#8211; Hist\u00f3rico<\/p>\n\n\n\n<p>&#8211; Todos os comunicados de 2007 apresentados estavam repetidos e avaliados em reuni\u00f5es anteriores&nbsp; (01, 02, 03, 04 e 05\/2007)<\/p>\n\n\n\n<p>&#8211; Os demais ser\u00e3o avaliados na pr\u00f3xima reuni\u00e3o.<\/p>\n\n\n\n<p><strong>&nbsp;Site CCQ&nbsp; &#8211; (Altera\u00e7\u00f5es)<\/strong><\/p>\n\n\n\n<p>&#8211; No Menu&nbsp; <strong>\u201cApresenta\u00e7\u00e3o<\/strong>\u201d &#8211;&nbsp;&nbsp; Foi solicitado alterar o titulo&nbsp; para Grupo de Cataloga\u00e7\u00e3o e Autoridades; corrigir texto retirando \u201co\u201d&nbsp; que estava sobrando e cortar&nbsp; t\u00edtulo Apresenta\u00e7\u00e3o que est\u00e1 repetido.<\/p>\n\n\n\n<p>No Menu \u201c<strong>Grupo de Cataloga\u00e7\u00e3o<\/strong>\u201d &#8211;&nbsp; Incluir link para a Portaria em PDF ;&nbsp; Alterar o texto de&nbsp; apresenta\u00e7\u00e3o do Grupo&nbsp; para:<\/p>\n\n\n\n<p>\u201cO Grupo de Cataloga\u00e7\u00e3o e Autoridades institu\u00eddo pela Biblioteca Universit\u00e1ria&nbsp; por meio da Portaria no. 6 de 12\/03\/2015&nbsp; com validade de 90 dias, faz parte da estrutura do Sistema de Bibliotecas da UFMG. Foi desenvolvido como Grupo de Trabalho para estudos, treinamentos e an\u00e1lises de demandas oriundas das bibliotecas setoriais e usu\u00e1rios. Esse Grupo age como uma inst\u00e2ncia consultiva para tomada de decis\u00e3o pela Diretoria da Biblioteca Universit\u00e1ria e tem como atribui\u00e7\u00f5es:<\/p>\n\n\n\n<p>&nbsp;&#8211; Estudar a viabilidade ou n\u00e3o de ades\u00e3o \u00e0 Rede Bibliodata;<br>&#8211;&nbsp; Avaliar e propor conte\u00fado para alimentar o site da CCQ;&nbsp;<br>&#8211;&nbsp; Avaliar a cole\u00e7\u00e3o de comunicados da CCQ e propor quando adequado, sua inser\u00e7\u00e3o no site da CCQ.\u201d<\/p>\n\n\n\n<p>No Menu&nbsp; \u201c<strong>Comunicados\u201d<\/strong>&nbsp; &#8211; Abrir submenu Comunicados UFMG&nbsp;&nbsp; -\u00e0 Vigente<\/p>\n\n\n\n<p>&nbsp;&nbsp;&nbsp;&nbsp; \u00e0 Hist\u00f3rico<\/p>\n\n\n\n<p>&nbsp;&nbsp;&nbsp;&nbsp;&nbsp;&nbsp;&nbsp;&nbsp;&nbsp;&nbsp;&nbsp;&nbsp;&nbsp;&nbsp;&nbsp;&nbsp;&nbsp;&nbsp;&nbsp;&nbsp;&nbsp;&nbsp;&nbsp; (aguardar inclus\u00e3o)&nbsp;&nbsp;&nbsp;&nbsp;&nbsp;&nbsp;&nbsp;&nbsp;&nbsp; Comunicados FGV&nbsp;&nbsp; -\u00e0 Vigente<\/p>\n\n\n\n<p>&nbsp; \u00e0 Hist\u00f3rico<\/p>\n\n\n\n<p>&#8211; Excluir Menu \u201cComunicados Diversos\u201d&nbsp;&nbsp;&nbsp;&nbsp;&nbsp;&nbsp;&nbsp;&nbsp;&nbsp;&nbsp;&nbsp;&nbsp;&nbsp;&nbsp;&nbsp;&nbsp;&nbsp;&nbsp;&nbsp;<\/p>\n\n\n\n<p>A inser\u00e7\u00e3o dos comunicados faltantes no site ser\u00e1 realizada por Jacqueline e Wellington.<\/p>\n\n\n\n<p>Foi sugerido pela Moema a inclus\u00e3o dos nomes das pessoas que contribu\u00edram para a cria\u00e7\u00e3o dos comunicados. Que ficou a ser discutido na pr\u00f3xima reuni\u00e3o.<\/p>\n\n\n\n<p><strong>Pr\u00f3xima reuni\u00e3o:<\/strong>&nbsp; Dia 25\/05\/2015&nbsp;&nbsp; &#8211; 9:30&nbsp; &#8211; Incluir na pauta : Decis\u00e3o sobre o que fazer com os comunicados que n\u00e3o s\u00e3o da UFMG.&nbsp; Jacqueline&nbsp; apresentar as altera\u00e7\u00f5es solicitadas para o site.<\/p>\n","protected":false},"excerpt":{"rendered":"<p>Data: 13 de Maio de 2015 Albert Michel da Silva Torres Moema Brand\u00e3o Vilma Carvalho de Souza Luciana Gon\u00e7alves Jussara Delfino Elisabete Quatrini Anderson Moraes Jacqueline Pawlowski C\u00e9lio Resende Wellington Mar\u00e7al de Carvalho N\u00e1dia Cristina Pires Aus\u00eancias justificadas:&nbsp; Neusa Machado, Madalena Rocha, Rosilene Coelho, Vivian Ascen\u00e7\u00e3o O diretor Wellington Mar\u00e7al de Carvalho iniciou a reuni\u00e3o [&hellip;]<\/p>\n","protected":false},"author":1,"featured_media":0,"parent":0,"menu_order":0,"comment_status":"closed","ping_status":"closed","template":"","meta":{"footnotes":""},"class_list":["post-561","page","type-page","status-publish","hentry"],"_links":{"self":[{"href":"https:\/\/www.bu.ufmg.br\/catalogacao\/wp-json\/wp\/v2\/pages\/561","targetHints":{"allow":["GET"]}}],"collection":[{"href":"https:\/\/www.bu.ufmg.br\/catalogacao\/wp-json\/wp\/v2\/pages"}],"about":[{"href":"https:\/\/www.bu.ufmg.br\/catalogacao\/wp-json\/wp\/v2\/types\/page"}],"author":[{"embeddable":true,"href":"https:\/\/www.bu.ufmg.br\/catalogacao\/wp-json\/wp\/v2\/users\/1"}],"replies":[{"embeddable":true,"href":"https:\/\/www.bu.ufmg.br\/catalogacao\/wp-json\/wp\/v2\/comments?post=561"}],"version-history":[{"count":0,"href":"https:\/\/www.bu.ufmg.br\/catalogacao\/wp-json\/wp\/v2\/pages\/561\/revisions"}],"wp:attachment":[{"href":"https:\/\/www.bu.ufmg.br\/catalogacao\/wp-json\/wp\/v2\/media?parent=561"}],"curies":[{"name":"wp","href":"https:\/\/api.w.org\/{rel}","templated":true}]}}